{"id":1666,"date":"2014-11-30T19:55:21","date_gmt":"2014-11-30T19:55:21","guid":{"rendered":"http:\/\/tzokrasic.hr\/?page_id=1666"},"modified":"2018-11-27T20:41:19","modified_gmt":"2018-11-27T20:41:19","slug":"interaktivna-karta-opcine-krasic","status":"publish","type":"page","link":"https:\/\/tzokrasic.hr\/?page_id=1666","title":{"rendered":"Interaktivna karta Op\u0107ine Kra\u0161i\u0107"},"content":{"rendered":"<p><!-- <iframe loading=\"lazy\" src=\"https:\/\/mapsengine.google.com\/map\/embed?mid=zSKYHV5DkgCI.kolSMbTn9E2Q\" width=\"100%\" height=\"1000\"><span style=\"display: inline-block; width: 0px; overflow: hidden; line-height: 0;\" data-mce-type=\"bookmark\" class=\"mce_SELRES_start\"><\/span><\/iframe> --><br \/>\n<!-- <iframe loading=\"lazy\" src=\"https:\/\/www.google.com\/maps\/d\/embed?mid=155zUu3QeDBMZXsrVuPsgwgWqV4muNVoq\" width=\"100%\" height=\"1000\"><\/iframe> --><br \/>\n<iframe loading=\"lazy\" src=\"https:\/\/www.google.com\/maps\/d\/embed?mid=12xjakn9mcJ3TdG0IN-r4Q-brSTQ\" width=\"100%\" height=\"1000\"><\/iframe><\/p>\n<p><a href=\"http:\/\/tzokrasic.hr\/wp-content\/uploads\/2018\/11\/krasic-pano-1600.jpg\"><img loading=\"lazy\" class=\"aligncenter wp-image-4945 size-full\" src=\"http:\/\/tzokrasic.hr\/wp-content\/uploads\/2018\/11\/krasic-pano-900.jpg\" alt=\"\" width=\"900\" height=\"1444\" srcset=\"https:\/\/tzokrasic.hr\/wp-content\/uploads\/2018\/11\/krasic-pano-900.jpg 900w, https:\/\/tzokrasic.hr\/wp-content\/uploads\/2018\/11\/krasic-pano-900-187x300.jpg 187w, https:\/\/tzokrasic.hr\/wp-content\/uploads\/2018\/11\/krasic-pano-900-768x1232.jpg 768w, https:\/\/tzokrasic.hr\/wp-content\/uploads\/2018\/11\/krasic-pano-900-638x1024.jpg 638w, https:\/\/tzokrasic.hr\/wp-content\/uploads\/2018\/11\/krasic-pano-900-125x200.jpg 125w\" sizes=\"(max-width: 900px) 100vw, 900px\" \/><\/a>\u00a0\u00a0\u00a0 <\/p>\n<p><a href=\"http:\/\/tzokrasic.hr\/wp-content\/uploads\/2018\/11\/opcina-pano-1600.jpg\"><img loading=\"lazy\" class=\"aligncenter wp-image-4944 size-full\" src=\"http:\/\/tzokrasic.hr\/wp-content\/uploads\/2018\/11\/opcina-pano-900.jpg\" alt=\"\" width=\"900\" height=\"1444\" srcset=\"https:\/\/tzokrasic.hr\/wp-content\/uploads\/2018\/11\/opcina-pano-900.jpg 900w, https:\/\/tzokrasic.hr\/wp-content\/uploads\/2018\/11\/opcina-pano-900-187x300.jpg 187w, https:\/\/tzokrasic.hr\/wp-content\/uploads\/2018\/11\/opcina-pano-900-768x1232.jpg 768w, https:\/\/tzokrasic.hr\/wp-content\/uploads\/2018\/11\/opcina-pano-900-638x1024.jpg 638w, https:\/\/tzokrasic.hr\/wp-content\/uploads\/2018\/11\/opcina-pano-900-125x200.jpg 125w\" sizes=\"(max-width: 900px) 100vw, 900px\" \/> <\/a><\/p>\n<p><a href=\"http:\/\/tzokrasic.hr\/wp-content\/uploads\/2018\/11\/cikloturisticka-1680.jpg\"><img loading=\"lazy\" class=\"aligncenter wp-image-4941 size-full\" src=\"http:\/\/tzokrasic.hr\/wp-content\/uploads\/2018\/11\/cikloturisticka-900.jpg\" alt=\"\" width=\"900\" height=\"1472\" srcset=\"https:\/\/tzokrasic.hr\/wp-content\/uploads\/2018\/11\/cikloturisticka-900.jpg 900w, https:\/\/tzokrasic.hr\/wp-content\/uploads\/2018\/11\/cikloturisticka-900-183x300.jpg 183w, https:\/\/tzokrasic.hr\/wp-content\/uploads\/2018\/11\/cikloturisticka-900-768x1256.jpg 768w, https:\/\/tzokrasic.hr\/wp-content\/uploads\/2018\/11\/cikloturisticka-900-626x1024.jpg 626w, https:\/\/tzokrasic.hr\/wp-content\/uploads\/2018\/11\/cikloturisticka-900-122x200.jpg 122w\" sizes=\"(max-width: 900px) 100vw, 900px\" \/><\/a><\/p>\n<p>&nbsp;<\/p>\n","protected":false},"excerpt":{"rendered":"<p>\u00a0\u00a0\u00a0 &nbsp;<\/p>\n","protected":false},"author":1,"featured_media":0,"parent":0,"menu_order":0,"comment_status":"open","ping_status":"open","template":"fullwidth-template.php","meta":{"ngg_post_thumbnail":0},"_links":{"self":[{"href":"https:\/\/tzokrasic.hr\/index.php?rest_route=\/wp\/v2\/pages\/1666"}],"collection":[{"href":"https:\/\/tzokrasic.hr\/index.php?rest_route=\/wp\/v2\/pages"}],"about":[{"href":"https:\/\/tzokrasic.hr\/index.php?rest_route=\/wp\/v2\/types\/page"}],"author":[{"embeddable":true,"href":"https:\/\/tzokrasic.hr\/index.php?rest_route=\/wp\/v2\/users\/1"}],"replies":[{"embeddable":true,"href":"https:\/\/tzokrasic.hr\/index.php?rest_route=%2Fwp%2Fv2%2Fcomments&post=1666"}],"version-history":[{"count":17,"href":"https:\/\/tzokrasic.hr\/index.php?rest_route=\/wp\/v2\/pages\/1666\/revisions"}],"predecessor-version":[{"id":4950,"href":"https:\/\/tzokrasic.hr\/index.php?rest_route=\/wp\/v2\/pages\/1666\/revisions\/4950"}],"wp:attachment":[{"href":"https:\/\/tzokrasic.hr\/index.php?rest_route=%2Fwp%2Fv2%2Fmedia&parent=1666"}],"curies":[{"name":"wp","href":"https:\/\/api.w.org\/{rel}","templated":true}]}}