{"id":248,"date":"2013-10-03T11:45:25","date_gmt":"2013-10-03T11:45:25","guid":{"rendered":"http:\/\/tzokrasic.hr\/?page_id=248"},"modified":"2014-02-17T12:15:31","modified_gmt":"2014-02-17T12:15:31","slug":"krasic","status":"publish","type":"page","link":"https:\/\/tzokrasic.hr\/?page_id=248","title":{"rendered":"Kra\u0161i\u0107"},"content":{"rendered":"<div class=\"wpb_row vc_row-fluid\">\n<div class=\"vc_span12 wpb_column column_container\">\n<div class=\"wpb_wrapper\">\n<div class=\"wpb_tabs wpb_content_element\" data-interval=\"0\">\n<div class=\"wpb_wrapper wpb_tour_tabs_wrapper ui-tabs clearfix\">\n<ul class=\"wpb_tabs_nav ui-tabs-nav clearfix\">\n<li><a href=\"#tab-1380799789-1-8\">O Kra\u0161i\u0107u<\/a><\/li>\n<li><a href=\"#tab-1380799789-2-67\">Pribi\u0107<\/a><\/li>\n<li><a href=\"#tab-1380805040783-2-4\">Dolina kardinala<\/a><\/li>\n<li><a href=\"#tab-1382683130031-3-0\">Udruge<\/a><\/li>\n<li><a href=\"#tab-1382683701891-4-10\">Ugostiteljstvo<\/a><\/li>\n<\/ul>\n<div id=\"tab-1380799789-1-8\" class=\"wpb_tab ui-tabs-panel wpb_ui-tabs-hide clearfix\">\n<div class=\"wpb_text_column wpb_content_element \">\n<div class=\"wpb_wrapper\">\n<p style=\"text-align: center;\"><img loading=\"lazy\" class=\" wp-image-617 aligncenter\" alt=\"divider\" src=\"http:\/\/tzokrasic.hr\/wp-content\/uploads\/2013\/10\/divider.png\" width=\"576\" height=\"12\" srcset=\"https:\/\/tzokrasic.hr\/wp-content\/uploads\/2013\/10\/divider.png 640w, https:\/\/tzokrasic.hr\/wp-content\/uploads\/2013\/10\/divider-300x6.png 300w, https:\/\/tzokrasic.hr\/wp-content\/uploads\/2013\/10\/divider-600x12.png 600w, https:\/\/tzokrasic.hr\/wp-content\/uploads\/2013\/10\/divider-200x4.png 200w\" sizes=\"(max-width: 576px) 100vw, 576px\" \/><\/p>\n<p style=\"text-align: justify;\"><a href=\"http:\/\/tzokrasic.hr\/wp-content\/uploads\/2013\/10\/zaokrasicu.jpg\"><img loading=\"lazy\" class=\"alignleft  wp-image-1115\" alt=\"zaokrasicu\" src=\"http:\/\/tzokrasic.hr\/wp-content\/uploads\/2013\/10\/zaokrasicu-300x238.jpg\" width=\"200\" height=\"158\" srcset=\"https:\/\/tzokrasic.hr\/wp-content\/uploads\/2013\/10\/zaokrasicu-300x238.jpg 300w, https:\/\/tzokrasic.hr\/wp-content\/uploads\/2013\/10\/zaokrasicu-200x159.jpg 200w, https:\/\/tzokrasic.hr\/wp-content\/uploads\/2013\/10\/zaokrasicu.jpg 600w\" sizes=\"(max-width: 200px) 100vw, 200px\" \/><\/a>Kra\u0161i\u0107 \u2013 malo mjesto u sjeverozapadnoj Hrvatskoj, izme\u0111u Zagreba i Karlovca, nezaobilazna je postaja na Va\u0161em putovanju po sredi\u0161njoj Hrvatskoj.<br \/>\nS obzirom na blizinu va\u017enih gradova i zna\u010dajnijih prometnica, do Kra\u0161i\u0107a je lako do\u0107i. Krenete li starom karlova\u010dkom cestom u smjeru od Zagreba ili Karlovca, prema Jastrebarskom, jednostavno i brzo sti\u017eete u Kra\u0161i\u0107. Razlozi za dolazak u Kra\u0161i\u0107 su brojni ali u svakom vjerniku, ime Alojzija Stepinca izranja ve\u0107 na spomen tog mjesta.<\/p>\n<p style=\"text-align: justify;\">Kra\u0161i\u0107 bez Stepinca ostao bi samo jedno malo mjesto u Hrvatskoj, poznato dodu\u0161e po mnogim znamenitim osobama, ali bla\u017eenik kojeg njegov narod ve\u0107 odavno smatra svecem, daleko nadilazi granice svoga zavi\u010daja, ali i granice Hrvatske.<\/p>\n<p style=\"text-align: justify;\"><img loading=\"lazy\" class=\"size-medium wp-image-253 alignright\" alt=\"kup\u010dina\" src=\"http:\/\/tzokrasic.hr\/wp-content\/uploads\/2013\/10\/voda-208x300.jpg\" width=\"208\" height=\"300\" srcset=\"https:\/\/tzokrasic.hr\/wp-content\/uploads\/2013\/10\/voda-208x300.jpg 208w, https:\/\/tzokrasic.hr\/wp-content\/uploads\/2013\/10\/voda-710x1024.jpg 710w, https:\/\/tzokrasic.hr\/wp-content\/uploads\/2013\/10\/voda-600x865.jpg 600w, https:\/\/tzokrasic.hr\/wp-content\/uploads\/2013\/10\/voda-138x200.jpg 138w, https:\/\/tzokrasic.hr\/wp-content\/uploads\/2013\/10\/voda.jpg 1041w\" sizes=\"(max-width: 208px) 100vw, 208px\" \/>Blaga dolina uz rijeku Kup\u010dinu te dijelovi uz dolinu rijeke Kupe dominiraju ovim podru\u010djem. Na nekim mjestima susre\u0107emo bre\u017euljke, \u0161ume i blage valovite terene koji dodatno \u010dine ovaj kraj primamljivim za \u0161etnje, razne sportove, tr\u010danje, jahanje ili biciklizam. Rje\u010dica Slapnica je dodatna atrakcija koja sa svojim slapi\u0107ima privla\u010di sve vi\u0161e izletnika i sigurno je najve\u0107i dar prirode ovom kraju. Pored slikovitih pejza\u017ea i opu\u0161taju\u0107eg ozra\u010dja, Kra\u0161i\u0107 je zanimljiv i zbog svoje uloge u povijesti hrvatskog naroda.<\/p>\n<p style=\"text-align: justify;\">Po\u010dev\u0161i od slu\u017ebenog grba op\u0107ine, koji jasno isti\u010de godinu 1249., Kra\u0161i\u0107 po\u010dinje pisati svoju povijest i povijest ovog dijela Hrvatske. Godina s grba zapravo je godina kada se Kra\u0161i\u0107 po prvi puta spominje, a povijesni tragovi koji su uslijedili vode nas u godinu 1334., iz koje potje\u010de popis \u017eupa, a u kojem se navodi i \u017eupa Sv. Trojstva \u2013 \u201eSanctae Trinitatis de Kraysichi\u201c.<\/p>\n<p style=\"text-align: justify;\">Danas, op\u0107ina Kra\u0161i\u0107 obuhva\u0107a 34 naselja i prema popisu stanovnika iz 2011. godine ima 2815<br \/>\nstanovnika. Tisu\u0107e hrvatskih iseljenika i njegovih potomaka razasutih diljem svijeta potje\u010de iz ovog kraja a najvi\u0161e ih ima u Njema\u010dkoj, Kanadi, Americi i Australiji.<\/p>\n<p style=\"text-align: justify;\"><a href=\"http:\/\/tzokrasic.hr\/wp-content\/uploads\/2013\/10\/zaokrasicu1.jpg\"><img loading=\"lazy\" class=\"alignleft  wp-image-1117\" alt=\"zaokrasicu1\" src=\"http:\/\/tzokrasic.hr\/wp-content\/uploads\/2013\/10\/zaokrasicu1-300x190.jpg\" width=\"276\" height=\"175\" srcset=\"https:\/\/tzokrasic.hr\/wp-content\/uploads\/2013\/10\/zaokrasicu1-300x190.jpg 300w, https:\/\/tzokrasic.hr\/wp-content\/uploads\/2013\/10\/zaokrasicu1-200x126.jpg 200w, https:\/\/tzokrasic.hr\/wp-content\/uploads\/2013\/10\/zaokrasicu1.jpg 600w\" sizes=\"(max-width: 276px) 100vw, 276px\" \/><\/a>Iako u posljednje vrijeme postoji industrijska aktivnost, kra\u0161i\u0107ko podru\u010dje je i dalje prete\u017eito poljoprivredni kraj: poljoprivreda \u010dini okosnicu gospodarstva i predstavlja osnovnu djelatnost kojom se stanovnici op\u0107ine Kra\u0161i\u0107 bave. Zbog nepovoljne politi\u010dke klime koja ga je pratila kroz cijelu povijest, nije se razvijao, ali je zato o\u010duvao sve svoje prirodne resurse zdravima i nezaga\u0111enima.<\/p>\n<p style=\"text-align: justify;\">Sna\u017enu perspektivu dana\u0161nje rukovodstvo op\u0107ine Kra\u0161i\u0107 vidi u razvoju turizma, ponajprije onog vjerskog.<\/p>\n<p style=\"text-align: justify;\"><img loading=\"lazy\" class=\"alignright size-medium wp-image-260\" alt=\"kardinal_Franjo_Kuharic\" src=\"http:\/\/tzokrasic.hr\/wp-content\/uploads\/2013\/10\/collegium_pro_musica_sacra_kardinal_Franjo_Kuharic-158x300.jpg\" width=\"158\" height=\"300\" srcset=\"https:\/\/tzokrasic.hr\/wp-content\/uploads\/2013\/10\/collegium_pro_musica_sacra_kardinal_Franjo_Kuharic-158x300.jpg 158w, https:\/\/tzokrasic.hr\/wp-content\/uploads\/2013\/10\/collegium_pro_musica_sacra_kardinal_Franjo_Kuharic-105x200.jpg 105w, https:\/\/tzokrasic.hr\/wp-content\/uploads\/2013\/10\/collegium_pro_musica_sacra_kardinal_Franjo_Kuharic.jpg 480w\" sizes=\"(max-width: 158px) 100vw, 158px\" \/>Da je Kra\u0161i\u0107 s pravom usmjerio svoje turisti\u010dke potencijale u pravcu vjerskog turizma, dodatno potvr\u0111uje \u010dinjenica da je uz bl. Kardinala Stepinca, ovaj kraj iznjedrio jo\u0161 mnoge crkvene vjerodostojnike kao \u0161to su kardinal Franjo Kuhari\u0107, biskup Juraj Jezerinac i biskup Josip Mrzljak.<\/p>\n<p style=\"text-align: justify;\">Svatko tko \u017eeli, vidi da maleni Kra\u0161i\u0107 nije malen za velika i zna\u010dajna imena.<br \/>\nI zato s razlogom, sve vi\u0161e dobiva epitet prave hodo\u010dasni\u010dke destinacije i postaje zna\u010dajno mjesto molitve, mira i radosnih vjerskih susreta.<\/p>\n<p style=\"text-align: justify;\">K nama gotovo svakodnevno dolaze zahvalnici, vjernici ali i tra\u017eitelji \u017eivotnog puta.<\/p>\n<p style=\"text-align: justify;\">Dobrodo\u0161li !!!<\/p>\n<p><img loading=\"lazy\" alt=\"divider\" src=\"http:\/\/tzokrasic.hr\/wp-content\/uploads\/2013\/10\/divider.png\" width=\"576\" height=\"12\" \/><\/p>\n<\/p><\/div>\n<\/p><\/div>\n<\/p><\/div>\n<div id=\"tab-1380799789-2-67\" class=\"wpb_tab ui-tabs-panel wpb_ui-tabs-hide clearfix\">\n<div class=\"wpb_text_column wpb_content_element \">\n<div class=\"wpb_wrapper\">\n<p style=\"text-align: center;\"><img loading=\"lazy\" class=\"aligncenter\" alt=\"divider\" src=\"http:\/\/tzokrasic.hr\/wp-content\/uploads\/2013\/10\/divider.png\" width=\"576\" height=\"12\" \/><\/p>\n<p style=\"text-align: justify;\"><a href=\"http:\/\/tzokrasic.hr\/wp-content\/uploads\/2013\/10\/crkva4.jpg\"><img loading=\"lazy\" class=\"alignleft  wp-image-1100\" alt=\"OLYMPUS DIGITAL CAMERA\" src=\"http:\/\/tzokrasic.hr\/wp-content\/uploads\/2013\/10\/crkva4-205x300.jpg\" width=\"193\" height=\"274\" \/><\/a>Tri kilometra od Kra\u0161i\u0107a nalazi se Pribi\u0107 za kojeg se smatra da je najstarija \u017eupa ovoga kraja.<br \/>\nU sredi\u0161tu ovog pitomog sela, dominira \u017eupna crkva Sv. Siksta, stara vi\u0161e od tisu\u0107u godina, najstarija i najvrednija u \u010ditavom kraju koju svakako treba vidjeti.<br \/>\nDva kilometra isto\u010dno od Pribi\u0107a nalazi se Kostel, gdje je stara plemi\u0107ka kurija Kukuljevi\u0107eva s tornji\u0107ima, a u kojoj su se nekad sastajali mladi Ilirci.<br \/>\nBlizu Kostela, na padini \u017dal\u010deva brijega, nalazi se malo selo Dol, s pro\u0161tenjskom kapelom Majke Bo\u017eje Dolske, koju je u 17. stolje\u0107u podignuo Petar Zrinski. U tu je kapelu jo\u0161 kao dijete sa majkom rado dolazio bla\u017eenik Alojzije Stepinac ali i kardinal Franjo Kuhari\u0107.<br \/>\nA u Strmcu Pribi\u0107kom, tik uz glavnu cestu koja vodi u srce \u017dumberka, nalazi se barokni dvorac grkokatoli\u010dkih biskupa s neobizantskom kapelicom sv. Marije podignutom na oto\u010di\u0107u usred ribnjaka.<br \/>\n<a href=\"http:\/\/tzokrasic.hr\/wp-content\/uploads\/2013\/10\/zaokrasicu2.jpg\"><img loading=\"lazy\" class=\" wp-image-1119 alignright\" alt=\"OLYMPUS DIGITAL CAMERA\" src=\"http:\/\/tzokrasic.hr\/wp-content\/uploads\/2013\/10\/zaokrasicu2-300x205.jpg\" width=\"267\" height=\"182\" srcset=\"https:\/\/tzokrasic.hr\/wp-content\/uploads\/2013\/10\/zaokrasicu2-300x205.jpg 300w, https:\/\/tzokrasic.hr\/wp-content\/uploads\/2013\/10\/zaokrasicu2-600x411.jpg 600w, https:\/\/tzokrasic.hr\/wp-content\/uploads\/2013\/10\/zaokrasicu2-200x137.jpg 200w, https:\/\/tzokrasic.hr\/wp-content\/uploads\/2013\/10\/zaokrasicu2.jpg 658w\" sizes=\"(max-width: 267px) 100vw, 267px\" \/><\/a>To predivno zdanje, izgra\u0111eno je i namijenjeno ljetovanju i odmoru grkokatoli\u010dkog kri\u017eeva\u010dkog biskupa. Gradnja je zapo\u010dela 1911. godine a dovr\u0161ena je godinu dana kasnije. Danas je vlasni\u0161tvo grkokatoli\u010dkog sjemeni\u0161ta.<br \/>\n\u010citavi kompleks \u010dini skladnu cjelinu i nakon nedavne obnove, privla\u010di brojne posjetitelje koji se dive skladu ljudskih ruku i prirode. Godine 1942., osnovana je tu \u017eupa za katolike isto\u010dnoga obreda.<br \/>\nPribi\u0107 je i rodno mjesto zagreba\u010dkog nadbiskupa i kardinala dr. Franje Kuhari\u0107a koji je ro\u0111en 15. travnja 1919. godine.<br \/>\nKad do\u0111ete u Kra\u0161i\u0107 ili idete na \u017dumberak, ne \u017eurite i obavezno se zaustavite u Pribi\u0107u jer povijest tog sela i ljepota prirode \u0107e op\u010diniti svakoga.<\/p>\n<p style=\"text-align: center;\"><img loading=\"lazy\" class=\"aligncenter\" alt=\"divider\" src=\"http:\/\/tzokrasic.hr\/wp-content\/uploads\/2013\/10\/divider.png\" width=\"576\" height=\"12\" \/><\/p>\n<\/p><\/div>\n<\/p><\/div>\n<\/p><\/div>\n<div id=\"tab-1380805040783-2-4\" class=\"wpb_tab ui-tabs-panel wpb_ui-tabs-hide clearfix\">\n<div class=\"wpb_text_column wpb_content_element \">\n<div class=\"wpb_wrapper\">\n<p style=\"text-align: center;\"><img loading=\"lazy\" class=\"aligncenter\" alt=\"divider\" src=\"http:\/\/tzokrasic.hr\/wp-content\/uploads\/2013\/10\/divider.png\" width=\"576\" height=\"12\" \/><\/p>\n<p style=\"text-align: justify;\"><img loading=\"lazy\" class=\"alignleft  wp-image-283\" alt=\"kra\u0161i\u0107\" src=\"http:\/\/tzokrasic.hr\/wp-content\/uploads\/2013\/10\/9-300x200.jpg\" width=\"240\" height=\"160\" srcset=\"https:\/\/tzokrasic.hr\/wp-content\/uploads\/2013\/10\/9-300x200.jpg 300w, https:\/\/tzokrasic.hr\/wp-content\/uploads\/2013\/10\/9-200x133.jpg 200w, https:\/\/tzokrasic.hr\/wp-content\/uploads\/2013\/10\/9.jpg 570w\" sizes=\"(max-width: 240px) 100vw, 240px\" \/>Kra\u0161i\u0107ki kraj je ime Dolina kardinala, dobila relativno nedavno. Taj naziv nosi jer su u Kra\u0161i\u0107u i\u00a0 njegovoj okolici ro\u0111eni, bla\u017eenik i kardinal Alojzije Stepinac, kardinal i nadbiskup zagreba\u010dki Franjo Kuhari\u0107 i vojni biskup msgr. Juraj Jezerinac. Vara\u017edinski biskup msgr. Josip Mrzljak je u Kra\u0161i\u0107u proveo djetinjstvo i mladost.<\/p>\n<p style=\"text-align: justify;\"><span style=\"color: #ffffff;\">.<\/span><\/p>\n<p><img loading=\"lazy\" class=\" wp-image-286 alignright\" alt=\"golf tereni\" src=\"http:\/\/tzokrasic.hr\/wp-content\/uploads\/2013\/10\/1_photo-300x179.jpg\" width=\"240\" height=\"143\" srcset=\"https:\/\/tzokrasic.hr\/wp-content\/uploads\/2013\/10\/1_photo-300x179.jpg 300w, https:\/\/tzokrasic.hr\/wp-content\/uploads\/2013\/10\/1_photo-600x359.jpg 600w, https:\/\/tzokrasic.hr\/wp-content\/uploads\/2013\/10\/1_photo-200x119.jpg 200w, https:\/\/tzokrasic.hr\/wp-content\/uploads\/2013\/10\/1_photo.jpg 647w\" sizes=\"(max-width: 240px) 100vw, 240px\" \/><\/p>\n<p style=\"text-align: justify;\">Mnogi posjetitelji koji prvi puta do\u0111u u Kra\u0161i\u0107, osjete duhovnu vrijednost sela, ali isto tako osjete da ta dolina krije u sebi ozbiljnost i te\u017einu pro\u0161lih vremena. Tragi\u010dni doga\u0111aji koji su ostavili duboke tragove u du\u0161ama i sje\u0107anjima ljudi kao da su jo\u0161 vi\u0161e o\u010dvrsnuli savez izme\u0111u Boga i \u010dovjeka.<\/p>\n<p style=\"text-align: justify;\">Narod kra\u0161i\u0107kog kraja ostao je \u010dvrst i nepokolebljiv u svojoj vjeri, u svom po\u0161tenju i plemenitoj \u017eelji da \u017eivi zdravim i \u010destitim \u017eivotom.<\/p>\n<p style=\"text-align: center;\"><img loading=\"lazy\" class=\"aligncenter\" alt=\"divider\" src=\"http:\/\/tzokrasic.hr\/wp-content\/uploads\/2013\/10\/divider.png\" width=\"576\" height=\"12\" \/><\/p>\n<p>&nbsp;<\/p>\n<ul class=\"arrowlist\">\n<li><b>MANIFESTACIJE I DOGA\u0110ANJA<\/b><\/li>\n<\/ul>\n<p><b>\u00a0<\/b><\/p>\n<p><b>\u00a0<\/b>Tijekom godine se obilje\u017eavaju zna\u010dajni datumi za Kra\u0161i\u0107.<\/p>\n<p>&nbsp;<\/p>\n<ul class=\"arrowlist\">\n<li>\u00a0<b>10. velja\u010de &#8211; \u00a0Stepin\u010devo<\/b> \u2013 obljetnica smrti bl. Alojzija Stepinca<\/li>\n<\/ul>\n<p>&nbsp;<\/p>\n<ul class=\"arrowlist\">\n<li><b>11. o\u017eujka \u2013 Kuhari\u0107evo<\/b> \u2013 obljetnica smrti kardinala Franje Kuhari\u0107a<\/li>\n<\/ul>\n<p>&nbsp;<\/p>\n<ul class=\"arrowlist\">\n<li><b>08. svibnja \u2013 Dan op\u0107ine Kra\u0161i\u0107<\/b> &#8211; Ro\u0111endan bla\u017eenog Alojzija Stepinca i godi\u0161njica osnutka op\u0107ine (1993)<\/li>\n<\/ul>\n<p>&nbsp;<\/p>\n<ul class=\"arrowlist\">\n<li><b>Dani kra\u0161i\u0107kog kraja<\/b> \u2013 obi\u010dno se odr\u017eavaju drugog svibanjskog vikenda, Bogati kulturno- umjetni\u010dki program i razli\u010dita sportska doga\u0111anja<\/li>\n<\/ul>\n<p>&nbsp;<\/p>\n<ul class=\"arrowlist\">\n<li><b>\u201eDani kruha\u201c<\/b> \u2013 Dani zahvalnosti za plodove zemlje, Prvi vikend u listopadu, Sje\u0107anje kad je bl. Alojzije Stepinac progla\u0161en bla\u017eenim, 3. studeni 1998.<\/li>\n<\/ul>\n<p>&nbsp;<\/p>\n<\/p><\/div>\n<\/p><\/div>\n<\/p><\/div>\n<div id=\"tab-1382683130031-3-0\" class=\"wpb_tab ui-tabs-panel wpb_ui-tabs-hide clearfix\">\n<div class=\"wpb_text_column wpb_content_element \">\n<div class=\"wpb_wrapper\">\n<p><img loading=\"lazy\" class=\"size-full wp-image-617 aligncenter\" alt=\"divider\" src=\"http:\/\/tzokrasic.hr\/wp-content\/uploads\/2013\/10\/divider.png\" width=\"640\" height=\"13\" srcset=\"https:\/\/tzokrasic.hr\/wp-content\/uploads\/2013\/10\/divider.png 640w, https:\/\/tzokrasic.hr\/wp-content\/uploads\/2013\/10\/divider-300x6.png 300w, https:\/\/tzokrasic.hr\/wp-content\/uploads\/2013\/10\/divider-600x12.png 600w, https:\/\/tzokrasic.hr\/wp-content\/uploads\/2013\/10\/divider-200x4.png 200w\" sizes=\"(max-width: 640px) 100vw, 640px\" \/><\/p>\n<p>&nbsp;<\/p>\n<ul class=\"arrowlist\">\n<li><b>KUD \u201eJOSIP TORBAR\u201c KRA\u0160I\u0106<\/b><\/li>\n<\/ul>\n<p>Kra\u0161i\u0107 101<\/p>\n<p>10 454 Kra\u0161i\u0107<\/p>\n<p>E-mail: <a href=\"mailto:kud.josiptorbar@gmail.com\">kud.josiptorbar@gmail.com<\/a><\/p>\n<p>Predsjednik: Matija Benkovi\u0107<\/p>\n<p>&nbsp;<\/p>\n<p>&nbsp;<\/p>\n<ul class=\"arrowlist\">\n<li><b>KUD \u201eRADILOVAC\u201c<\/b><\/li>\n<\/ul>\n<p>Pu\u0161karov Jarak br. 7 a<\/p>\n<p>10 454 Kra\u0161i\u0107<\/p>\n<p>Predsjednica: Marija Pu\u0161kar<\/p>\n<p>&nbsp;<\/p>\n<ul class=\"arrowlist\">\n<li><b>UDRUGA \u201eU.Z.O.R\u201c \u00a0KRA\u0160I\u0106<\/b><\/li>\n<\/ul>\n<p>Udruga za opstanak i razvoj Kra\u0161i\u0107kog kraja<\/p>\n<p>Kra\u0161i\u0107 101<\/p>\n<p>10 454 Kra\u0161i\u0107<\/p>\n<p>Telefon: 01\/627-00-48<\/p>\n<p>Predsjednica : Katarina Stepinac<\/p>\n<p>&nbsp;<\/p>\n<ul class=\"arrowlist\">\n<li><b>KRA\u0160I\u0106KE MA\u017dORETKINJE <\/b><\/li>\n<\/ul>\n<p>Kra\u0161i\u0107 96<\/p>\n<p>10 454 Kra\u0161i\u0107<\/p>\n<p>E-mail: <a href=\"mailto:krasicke-mazoretkinje@gmail.com\">krasicke-mazoretkinje@gmail.com<\/a><\/p>\n<p>Predsjednica: \u00a0Ivana Jagati\u0107<\/p>\n<p>&nbsp;<\/p>\n<ul class=\"arrowlist\">\n<li><b>MOTO KLUB KRA\u0160I\u0106<\/b><\/li>\n<\/ul>\n<p>Kra\u0161i\u0107 48<\/p>\n<p>10 454 Kra\u0161i\u0107<\/p>\n<p>E-mail: <a href=\"mailto:josip.rajakovic@ze-ma.hr\">josip.rajakovic@ze-ma.hr<\/a><\/p>\n<p>Predsjednik: Josip Rajakovi\u0107<\/p>\n<p>&nbsp;<\/p>\n<p>&nbsp;<\/p>\n<ul class=\"arrowlist\">\n<li><b>NK KRA\u0160I\u0106<\/b><\/li>\n<\/ul>\n<p>Kra\u0161i\u0107<\/p>\n<p>10 454 Kra\u0161i\u0107<\/p>\n<p>Predsjednik: Damir Ilijani\u0107<\/p>\n<p>&nbsp;<\/p>\n<p>&nbsp;<\/p>\n<ul class=\"arrowlist\">\n<li><b>NK PRIBI\u0106 <\/b><\/li>\n<\/ul>\n<p>Pribi\u0107 Crkveni b.b.<\/p>\n<p>10 454 Kra\u0161i\u0107<\/p>\n<p>E-mail: <a href=\"mailto:nkpribic@gmail.com\">nkpribic@gmail.com<\/a><\/p>\n<p>Tajnik: Mario Kosi\u0107<\/p>\n<p>&nbsp;<\/p>\n<p>&nbsp;<\/p>\n<ul class=\"arrowlist\">\n<li><b>NK \u201eMLADOST<\/b><\/li>\n<\/ul>\n<p>Brezari\u0107 b.b.<\/p>\n<p>10 454 Kra\u0161i\u0107<\/p>\n<p>E-mail: <a href=\"mailto:penic.tomi@gmail.com\">penic.tomi@gmail.com<\/a><\/p>\n<p>Tajnik: Tomislav Peni\u0107 &#8211; Ivanko<\/p>\n<p>&nbsp;<\/p>\n<p>&nbsp;<\/p>\n<ul class=\"arrowlist\">\n<li><b>VATROGASNA ZAJEDNICA OP\u0106INE KRA\u0160I\u0106<\/b><\/li>\n<\/ul>\n<p>Kra\u0161i\u0107 69 b<\/p>\n<p>10 454 Kra\u0161i\u0107<\/p>\n<p>Predsjednik: Nikola Vla\u0161i\u0107<\/p>\n<p><img loading=\"lazy\" class=\"size-full wp-image-617 aligncenter\" alt=\"divider\" src=\"http:\/\/tzokrasic.hr\/wp-content\/uploads\/2013\/10\/divider.png\" width=\"640\" height=\"13\" srcset=\"https:\/\/tzokrasic.hr\/wp-content\/uploads\/2013\/10\/divider.png 640w, https:\/\/tzokrasic.hr\/wp-content\/uploads\/2013\/10\/divider-300x6.png 300w, https:\/\/tzokrasic.hr\/wp-content\/uploads\/2013\/10\/divider-600x12.png 600w, https:\/\/tzokrasic.hr\/wp-content\/uploads\/2013\/10\/divider-200x4.png 200w\" sizes=\"(max-width: 640px) 100vw, 640px\" \/><\/p>\n<\/p><\/div>\n<\/p><\/div>\n<\/p><\/div>\n<div id=\"tab-1382683701891-4-10\" class=\"wpb_tab ui-tabs-panel wpb_ui-tabs-hide clearfix\">\n<div class=\"wpb_text_column wpb_content_element \">\n<div class=\"wpb_wrapper\">\n<p><img loading=\"lazy\" class=\"size-full wp-image-617 aligncenter\" alt=\"divider\" src=\"http:\/\/tzokrasic.hr\/wp-content\/uploads\/2013\/10\/divider.png\" width=\"640\" height=\"13\" srcset=\"https:\/\/tzokrasic.hr\/wp-content\/uploads\/2013\/10\/divider.png 640w, https:\/\/tzokrasic.hr\/wp-content\/uploads\/2013\/10\/divider-300x6.png 300w, https:\/\/tzokrasic.hr\/wp-content\/uploads\/2013\/10\/divider-600x12.png 600w, https:\/\/tzokrasic.hr\/wp-content\/uploads\/2013\/10\/divider-200x4.png 200w\" sizes=\"(max-width: 640px) 100vw, 640px\" \/><\/p>\n<p>&nbsp;<\/p>\n<ul class=\"arrowlist\">\n<li><b>FRENKI, ugostiteljski obrt<\/b><\/li>\n<\/ul>\n<p>Kra\u0161i\u0107 101<\/p>\n<p>10 454 Kra\u0161i\u0107<\/p>\n<p>Vl. Kristina Hr\u017ei\u0107<\/p>\n<p>&nbsp;<\/p>\n<p><b>\u00a0<\/b><\/p>\n<ul class=\"arrowlist\">\n<li><b>CAFFE BAR \u201eM\u201c<\/b><\/li>\n<\/ul>\n<p>Kra\u0161i\u0107 106<\/p>\n<p>10 454 Kra\u0161i\u0107<\/p>\n<p>Vl. Josip Peni\u0107<\/p>\n<p><b>\u00a0<\/b><\/p>\n<ul class=\"arrowlist\">\n<li><b>\u201eDOMAGOJ\u201c, ugostiteljski obrt<\/b><\/li>\n<\/ul>\n<p>Kra\u0161i\u0107 66 a<\/p>\n<p>10 454 Kra\u0161i\u0107<\/p>\n<p>Vl. Marina Bu\u010dar<\/p>\n<p>&nbsp;<\/p>\n<p>&nbsp;<\/p>\n<ul class=\"arrowlist\">\n<li><b>\u201e\u0106UK\u201c,\u00a0 ugostiteljski obrt<\/b><\/li>\n<\/ul>\n<p>Kra\u0161i\u0107 96<\/p>\n<p>10 454 Kra\u0161i\u0107<\/p>\n<p>Vl. Ru\u017eica \u0106uk<\/p>\n<p>&nbsp;<\/p>\n<p>&nbsp;<\/p>\n<ul class=\"arrowlist\">\n<li><b>\u201eCENTAR\u201c, trgova\u010dko ugostiteljska radnja<\/b><\/li>\n<\/ul>\n<p>Kra\u0161i\u0107 104<\/p>\n<p>10 454 Kra\u0161i\u0107<\/p>\n<p>Vl. Marijan Peni\u0107<\/p>\n<p>&nbsp;<\/p>\n<p>&nbsp;<\/p>\n<ul class=\"arrowlist\">\n<li><b>\u201e\u017dAB\u010cI\u0106\u201c vinarstvo i trgovina<\/b><\/li>\n<\/ul>\n<p>Kra\u0161i\u0107 87<\/p>\n<p>10 454 kra\u0161i\u0107<\/p>\n<p>Vl. Janko \u017dab\u010di\u0107<\/p>\n<p>&nbsp;<\/p>\n<p>&nbsp;<\/p>\n<ul class=\"arrowlist\">\n<li><b>\u201e3 D\u201c obrt za usluge pe\u010denja i ugostiteljstvo<\/b><\/li>\n<\/ul>\n<p>Pribi\u0107 7<\/p>\n<p>10 454 Kra\u0161i\u0107<\/p>\n<p>Vl. Stjepan Kosi\u0107<\/p>\n<p>&nbsp;<\/p>\n<p>&nbsp;<\/p>\n<ul class=\"arrowlist\">\n<li><b>\u201eMI \u2013 94\u201c, trgovina i ugostiteljstvo <\/b><\/li>\n<\/ul>\n<p>Stramac Pribi\u0107ki 19<\/p>\n<p>10 454 Kra\u0161i\u0107<\/p>\n<p>Vl. Mira Mi\u0161\u0107in<\/p>\n<p>&nbsp;<\/p>\n<p>&nbsp;<\/p>\n<ul class=\"arrowlist\">\n<li><b>\u201e\u017dALAC, trgovina i ugostiteljstvo<\/b><\/li>\n<\/ul>\n<p>Pu\u0161karov jarak 2 c<\/p>\n<p>10 454 Kra\u0161i\u0107<\/p>\n<p>Vl. Marica \u017dalac<\/p>\n<p>&nbsp;<\/p>\n<ul class=\"arrowlist\">\n<li><b>RESTORAN \u201e\u017dUMBERA\u010cKI RAJ\u201c<\/b><\/li>\n<\/ul>\n<p>\u017damarija 1 a<\/p>\n<p>10 455 Kostanjevac<\/p>\n<p>Tel:\u00a0\u00a0\u00a0 \u00a0\u00a001\/627-00-33<\/p>\n<p>Mob:\u00a0 098\/696-821<\/p>\n<p>e-mail: <a href=\"mailto:zumberackiraj@gmail.com\">zumberackiraj@gmail.com<\/a><\/p>\n<p>Vl. Petar Miljenovi\u0107<\/p>\n<p><a href=\"http:\/\/www.zumberacki-raj.com.hr\">www.zumberacki-raj.com.hr<\/a><\/p>\n<p><img loading=\"lazy\" class=\"size-full wp-image-617 aligncenter\" alt=\"divider\" src=\"http:\/\/tzokrasic.hr\/wp-content\/uploads\/2013\/10\/divider.png\" width=\"640\" height=\"13\" srcset=\"https:\/\/tzokrasic.hr\/wp-content\/uploads\/2013\/10\/divider.png 640w, https:\/\/tzokrasic.hr\/wp-content\/uploads\/2013\/10\/divider-300x6.png 300w, https:\/\/tzokrasic.hr\/wp-content\/uploads\/2013\/10\/divider-600x12.png 600w, https:\/\/tzokrasic.hr\/wp-content\/uploads\/2013\/10\/divider-200x4.png 200w\" sizes=\"(max-width: 640px) 100vw, 640px\" \/><\/p>\n<\/p><\/div>\n<\/p><\/div>\n<\/p><\/div>\n<\/p><\/div>\n<\/p><\/div>\n<\/p><\/div>\n<\/p><\/div>\n<\/div>\n<div class=\"wpb_row vc_row-fluid\">\n<div class=\"vc_span12 wpb_column column_container\">\n<div class=\"wpb_wrapper\">\n<div class=\"wpb_text_column wpb_content_element \">\n<div class=\"wpb_wrapper\"><\/div>\n<\/p><\/div>\n<\/p><\/div>\n<\/p><\/div>\n<\/div>\n","protected":false},"excerpt":{"rendered":"O Kra\u0161i\u0107uPribi\u0107Dolina kardinalaUdrugeUgostiteljstvo Kra\u0161i\u0107 \u2013 malo mjesto u sjeverozapadnoj Hrvatskoj, izme\u0111u Zagreba i Karlovca, nezaobilazna je postaja na Va\u0161em putovanju po sredi\u0161njoj Hrvatskoj. S obzirom na blizinu va\u017enih gradova i zna\u010dajnijih prometnica, do Kra\u0161i\u0107a je lako do\u0107i. Krenete li starom karlova\u010dkom cestom u smjeru od Zagreba ili Karlovca, prema Jastrebarskom, jednostavno i brzo sti\u017eete u [...]","protected":false},"author":1,"featured_media":26,"parent":0,"menu_order":0,"comment_status":"open","ping_status":"open","template":"","meta":{"ngg_post_thumbnail":0},"_links":{"self":[{"href":"https:\/\/tzokrasic.hr\/index.php?rest_route=\/wp\/v2\/pages\/248"}],"collection":[{"href":"https:\/\/tzokrasic.hr\/index.php?rest_route=\/wp\/v2\/pages"}],"about":[{"href":"https:\/\/tzokrasic.hr\/index.php?rest_route=\/wp\/v2\/types\/page"}],"author":[{"embeddable":true,"href":"https:\/\/tzokrasic.hr\/index.php?rest_route=\/wp\/v2\/users\/1"}],"replies":[{"embeddable":true,"href":"https:\/\/tzokrasic.hr\/index.php?rest_route=%2Fwp%2Fv2%2Fcomments&post=248"}],"version-history":[{"count":49,"href":"https:\/\/tzokrasic.hr\/index.php?rest_route=\/wp\/v2\/pages\/248\/revisions"}],"predecessor-version":[{"id":1168,"href":"https:\/\/tzokrasic.hr\/index.php?rest_route=\/wp\/v2\/pages\/248\/revisions\/1168"}],"wp:featuredmedia":[{"embeddable":true,"href":"https:\/\/tzokrasic.hr\/index.php?rest_route=\/wp\/v2\/media\/26"}],"wp:attachment":[{"href":"https:\/\/tzokrasic.hr\/index.php?rest_route=%2Fwp%2Fv2%2Fmedia&parent=248"}],"curies":[{"name":"wp","href":"https:\/\/api.w.org\/{rel}","templated":true}]}}