{"id":2623,"date":"2016-01-20T13:39:12","date_gmt":"2016-01-20T13:39:12","guid":{"rendered":"http:\/\/tzokrasic.hr\/?page_id=2623"},"modified":"2016-01-20T13:52:21","modified_gmt":"2016-01-20T13:52:21","slug":"pcelari-u-opcini-krasic","status":"publish","type":"page","link":"https:\/\/tzokrasic.hr\/?page_id=2623","title":{"rendered":"P\u010delari u Op\u0107ini Kra\u0161i\u0107"},"content":{"rendered":"<p>Franjo Jarne\u010di\u0107<br \/>\nKrupa\u010de 18<br \/>\n10454 Kra\u0161i\u0107<br \/>\nBroj telefona 01 6270 437<\/p>\n<p>Dra\u017een Bra\u0161i\u0107,<br \/>\nPribi\u0107 73<br \/>\n10454 Kra\u0161i\u0107<br \/>\nBroj telefona: 091 9073 950<\/p>\n<hr \/>\n<p>P\u010dele med proizvode na isti na\u010din od pamtivijeka &#8211; najmanje 150 milijuna godina. To je jedina doma\u0107a \u017eivotinja koja jo\u0161 nikad nije udoma\u0107ena. Poznato je da su ljudi u starom Egiptu p\u010delarili i prije 4.000 godina, a od tada do danas \u010dovjeku nije po\u0161lo za rukom ni\u0161ta bitno promijeniti u na\u010dinu njihova \u017eivota i rada, naravno osim samih ko\u0161nica i samog pristupa u opho\u0111enju sa p\u010delama.<\/p>\n<p><em><strong>MED<\/strong><\/em><\/p>\n<p>Med je sladak i gust sok \u0161to ga p\u010dele medarice tvore od nektara koji skupljaju na cvjetovima ili slatkim izlu\u010devinama nekih kukaca. Med je i najsavr\u0161eniji proizvod prirode, u njemu se nalaze gotovo svi sastojci koji grade ljudski organizam.<\/p>\n<p>OPG Jarne\u010di\u0107 i OPG Bra\u0161i\u0107 bave se proizvodnjom i prodajom meda i mednih preparata (propolis)<\/p>\n<p>Vrste meda u ponudi : LIVADA<br \/>\nBAGREM<br \/>\nKESTEN<br \/>\nMEDUN<\/p>\n<p>&#8211;<strong>Bagremov med<\/strong> &#8211; Med blagog okusa i svijetle boje. Djeluje umiruju\u0107e, spre\u010dava nesanicu, poma\u017ee kod problema di\u0161nih organa.<br \/>\nPreporu\u010da se djeci i starijim osobama<br \/>\n&#8211;<strong>Kestenov med<\/strong> &#8211; Med crvenkaste boje, gorkog okusa. Poma\u017ee kod \u010dira na \u017eelucu i dvanaestercu, kod bolesti jetre i \u0161titne \u017elijezde, te kroni\u010dne upale \u017eeluca. Pospje\u0161uje cirkulaciju krvi<br \/>\n&#8211;<strong>Livadni med<\/strong> &#8211; Med tamnije boje razli\u010ditih nijansi skupljen na raznolikom cvije\u0107u. Poma\u017ee pri problemima cirkulacije, krvnih \u017eila te sr\u010danih smetnji. Preporu\u010da se osobama koje pate od anemije, sr\u010danim bolesnicima, starijim osobama i osobama sklonim niskom tlaku. Pove\u0107ava snagu i tjelesnu otpornost.<\/p>\n<p>&nbsp;<\/p>\n<hr \/>\n<p><em><strong>PROPOLIS<\/strong><\/em><\/p>\n<p>Propolis je prirodni proizvod p\u010dela. P\u010dele ga proizvode od biljnih smola, dodaju\u0107i im izlu\u010dine svojih \u017elijezda. Sve vrste propolisa sadr\u017ee flavonske derivate, cimetovu, kofeinsku kiselinu i kiselinu benzoe, koja djeluje bakteriostati\u010dno i baktericidno, kao i ferulovu kiselinu koja antibakterijski djeluje na gram-pozitivne i gram-negativne mikroorganizme.<\/p>\n<p>P\u010dele ga koriste za spre\u010davanje zaraze u p\u010delinjem leglu i kod odraslih p\u010dela, te za zatvaranje pukotina u ko\u0161nici.<\/p>\n<p>Primjena propolisa je jako \u0161iroka, a naj\u010de\u0161\u0107e se koristi za ubla\u017eavanje tegoba kod viroza, gripe, bronhitisa, astme, upalnih procesa \u017edrijela i di\u0161nih puteva.<\/p>\n<p>Kapi propolisa mogu se koristiti u vi\u0161e namjena:<\/p>\n<p>Za ja\u010danje otpornosti organizma. U tom se slu\u010daju uzima 10-15 kapi na dan s malo vode ili meda.<br \/>\nKod upale grla staviti 10-15 kapi na kocku \u0161e\u0107era ili umije\u0161ati s medom i polako otapati u ustima.<br \/>\nZa ispiranje i dezinfekciju ustiju mo\u017ee se 20-30 kapi tinkture razrijediti u pola \u010da\u0161e vode.<br \/>\nKod upale desni i zubnog mesa nakapa se nekoliko kapi na upaljeno mjesto.<br \/>\nPropolis mo\u017eemo koristiti i kod o\u0161te\u0107enja na ko\u017ei (rane, opekotine) tako da ih prema\u017eemo 2 puta na dan.<\/p>\n<p>Za sve dodatne informacije kontaktirajte nas preko telefona.<\/p>\n<p>&nbsp;<\/p>\n<hr \/>\n<p>&nbsp;<\/p>\n<p><strong>OPG Jarne\u010di\u0107<\/strong><\/p>\n<style type=\"text\/css\">\n\t\t\t#gallery-1 {\n\t\t\t\tmargin: auto;\n\t\t\t}\n\t\t\t#gallery-1 .gallery-item {\n\t\t\t\tfloat: left;\n\t\t\t\tmargin-top: 10px;\n\t\t\t\ttext-align: center;\n\t\t\t\twidth: 33%;\n\t\t\t}\n\t\t\t#gallery-1 img {\n\t\t\t\tborder: 2px solid #cfcfcf;\n\t\t\t}\n\t\t\t#gallery-1 .gallery-caption {\n\t\t\t\tmargin-left: 0;\n\t\t\t}\n\t\t\t\/* see gallery_shortcode() in wp-includes\/media.php *\/\n\t\t<\/style>\n<div id='gallery-1' class='gallery galleryid-2623 gallery-columns-3 gallery-size-thumbnail'>\n<dl class='gallery-item'>\n<dt class='gallery-icon landscape'>\n\t\t\t\t<a href='https:\/\/tzokrasic.hr\/wp-content\/uploads\/2016\/01\/DSCN7600.jpg'><img width=\"150\" height=\"150\" src=\"https:\/\/tzokrasic.hr\/wp-content\/uploads\/2016\/01\/DSCN7600-150x150.jpg\" class=\"attachment-thumbnail size-thumbnail colorbox-2623 \" alt=\"\" loading=\"lazy\" \/><\/a>\n\t\t\t<\/dt>\n<\/dl>\n<dl class='gallery-item'>\n<dt class='gallery-icon portrait'>\n\t\t\t\t<a href='https:\/\/tzokrasic.hr\/wp-content\/uploads\/2016\/01\/DSCN7610.jpg'><img width=\"150\" height=\"150\" src=\"https:\/\/tzokrasic.hr\/wp-content\/uploads\/2016\/01\/DSCN7610-150x150.jpg\" class=\"attachment-thumbnail size-thumbnail colorbox-2623 \" alt=\"\" loading=\"lazy\" \/><\/a>\n\t\t\t<\/dt>\n<\/dl>\n<dl class='gallery-item'>\n<dt class='gallery-icon landscape'>\n\t\t\t\t<a href='https:\/\/tzokrasic.hr\/wp-content\/uploads\/2016\/01\/DSCN7616.jpg'><img width=\"150\" height=\"150\" src=\"https:\/\/tzokrasic.hr\/wp-content\/uploads\/2016\/01\/DSCN7616-150x150.jpg\" class=\"attachment-thumbnail size-thumbnail colorbox-2623 \" alt=\"\" loading=\"lazy\" \/><\/a>\n\t\t\t<\/dt>\n<\/dl>\n<p><br style=\"clear: both\" \/><\/p>\n<dl class='gallery-item'>\n<dt class='gallery-icon portrait'>\n\t\t\t\t<a href='https:\/\/tzokrasic.hr\/wp-content\/uploads\/2016\/01\/DSCN7619.jpg'><img width=\"150\" height=\"150\" src=\"https:\/\/tzokrasic.hr\/wp-content\/uploads\/2016\/01\/DSCN7619-150x150.jpg\" class=\"attachment-thumbnail size-thumbnail colorbox-2623 \" alt=\"\" loading=\"lazy\" \/><\/a>\n\t\t\t<\/dt>\n<\/dl>\n<dl class='gallery-item'>\n<dt class='gallery-icon portrait'>\n\t\t\t\t<a href='https:\/\/tzokrasic.hr\/wp-content\/uploads\/2016\/01\/DSCN7621.jpg'><img width=\"150\" height=\"150\" src=\"https:\/\/tzokrasic.hr\/wp-content\/uploads\/2016\/01\/DSCN7621-150x150.jpg\" class=\"attachment-thumbnail size-thumbnail colorbox-2623 \" alt=\"\" loading=\"lazy\" \/><\/a>\n\t\t\t<\/dt>\n<\/dl>\n<dl class='gallery-item'>\n<dt class='gallery-icon landscape'>\n\t\t\t\t<a href='https:\/\/tzokrasic.hr\/wp-content\/uploads\/2016\/01\/DSCN7626.jpg'><img width=\"150\" height=\"150\" src=\"https:\/\/tzokrasic.hr\/wp-content\/uploads\/2016\/01\/DSCN7626-150x150.jpg\" class=\"attachment-thumbnail size-thumbnail colorbox-2623 \" alt=\"\" loading=\"lazy\" \/><\/a>\n\t\t\t<\/dt>\n<\/dl>\n<p><br style=\"clear: both\" \/>\n\t\t<\/div>\n<p>&nbsp;<\/p>\n<p>&nbsp;<\/p>\n<p><strong>OPG Bra\u0161i\u0107<\/strong><\/p>\n<style type=\"text\/css\">\n\t\t\t#gallery-2 {\n\t\t\t\tmargin: auto;\n\t\t\t}\n\t\t\t#gallery-2 .gallery-item {\n\t\t\t\tfloat: left;\n\t\t\t\tmargin-top: 10px;\n\t\t\t\ttext-align: center;\n\t\t\t\twidth: 33%;\n\t\t\t}\n\t\t\t#gallery-2 img {\n\t\t\t\tborder: 2px solid #cfcfcf;\n\t\t\t}\n\t\t\t#gallery-2 .gallery-caption {\n\t\t\t\tmargin-left: 0;\n\t\t\t}\n\t\t\t\/* see gallery_shortcode() in wp-includes\/media.php *\/\n\t\t<\/style>\n<div id='gallery-2' class='gallery galleryid-2623 gallery-columns-3 gallery-size-thumbnail'>\n<dl class='gallery-item'>\n<dt class='gallery-icon landscape'>\n\t\t\t\t<a href='https:\/\/tzokrasic.hr\/wp-content\/uploads\/2016\/01\/DSCN7629.jpg'><img width=\"150\" height=\"150\" src=\"https:\/\/tzokrasic.hr\/wp-content\/uploads\/2016\/01\/DSCN7629-150x150.jpg\" class=\"attachment-thumbnail size-thumbnail colorbox-2623 \" alt=\"\" loading=\"lazy\" \/><\/a>\n\t\t\t<\/dt>\n<\/dl>\n<dl class='gallery-item'>\n<dt class='gallery-icon landscape'>\n\t\t\t\t<a href='https:\/\/tzokrasic.hr\/wp-content\/uploads\/2016\/01\/DSCN7631.jpg'><img width=\"150\" height=\"150\" src=\"https:\/\/tzokrasic.hr\/wp-content\/uploads\/2016\/01\/DSCN7631-150x150.jpg\" class=\"attachment-thumbnail size-thumbnail colorbox-2623 \" alt=\"\" loading=\"lazy\" \/><\/a>\n\t\t\t<\/dt>\n<\/dl>\n<dl class='gallery-item'>\n<dt class='gallery-icon portrait'>\n\t\t\t\t<a href='https:\/\/tzokrasic.hr\/wp-content\/uploads\/2016\/01\/DSCN7633.jpg'><img width=\"150\" height=\"150\" src=\"https:\/\/tzokrasic.hr\/wp-content\/uploads\/2016\/01\/DSCN7633-150x150.jpg\" class=\"attachment-thumbnail size-thumbnail colorbox-2623 \" alt=\"\" loading=\"lazy\" \/><\/a>\n\t\t\t<\/dt>\n<\/dl>\n<p><br style=\"clear: both\" \/><\/p>\n<dl class='gallery-item'>\n<dt class='gallery-icon landscape'>\n\t\t\t\t<a href='https:\/\/tzokrasic.hr\/wp-content\/uploads\/2016\/01\/DSCN7635.jpg'><img width=\"150\" height=\"150\" src=\"https:\/\/tzokrasic.hr\/wp-content\/uploads\/2016\/01\/DSCN7635-150x150.jpg\" class=\"attachment-thumbnail size-thumbnail colorbox-2623 \" alt=\"\" loading=\"lazy\" \/><\/a>\n\t\t\t<\/dt>\n<\/dl>\n<dl class='gallery-item'>\n<dt class='gallery-icon landscape'>\n\t\t\t\t<a href='https:\/\/tzokrasic.hr\/wp-content\/uploads\/2016\/01\/DSCN7640.jpg'><img width=\"150\" height=\"150\" src=\"https:\/\/tzokrasic.hr\/wp-content\/uploads\/2016\/01\/DSCN7640-150x150.jpg\" class=\"attachment-thumbnail size-thumbnail colorbox-2623 \" alt=\"\" loading=\"lazy\" \/><\/a>\n\t\t\t<\/dt>\n<\/dl>\n<dl class='gallery-item'>\n<dt class='gallery-icon landscape'>\n\t\t\t\t<a href='https:\/\/tzokrasic.hr\/wp-content\/uploads\/2016\/01\/DSCN7643.jpg'><img width=\"150\" height=\"150\" src=\"https:\/\/tzokrasic.hr\/wp-content\/uploads\/2016\/01\/DSCN7643-150x150.jpg\" class=\"attachment-thumbnail size-thumbnail colorbox-2623 \" alt=\"\" loading=\"lazy\" \/><\/a>\n\t\t\t<\/dt>\n<\/dl>\n<p><br style=\"clear: both\" \/><\/p>\n<dl class='gallery-item'>\n<dt class='gallery-icon landscape'>\n\t\t\t\t<a href='https:\/\/tzokrasic.hr\/wp-content\/uploads\/2016\/01\/DSCN7644.jpg'><img width=\"150\" height=\"150\" src=\"https:\/\/tzokrasic.hr\/wp-content\/uploads\/2016\/01\/DSCN7644-150x150.jpg\" class=\"attachment-thumbnail size-thumbnail colorbox-2623 \" alt=\"\" loading=\"lazy\" \/><\/a>\n\t\t\t<\/dt>\n<\/dl>\n<p>\t\t\t<br style='clear: both' \/>\n\t\t<\/div>\n","protected":false},"excerpt":{"rendered":"<p>Franjo Jarne\u010di\u0107 Krupa\u010de 18 10454 Kra\u0161i\u0107 Broj telefona 01 6270 437 Dra\u017een Bra\u0161i\u0107, Pribi\u0107 73 10454 Kra\u0161i\u0107 Broj telefona: 091 9073 950 P\u010dele med proizvode na isti na\u010din od pamtivijeka &#8211; najmanje 150 milijuna godina. To je jedina doma\u0107a \u017eivotinja koja jo\u0161 nikad nije udoma\u0107ena. Poznato je da su ljudi u starom Egiptu p\u010delarili i [&hellip;]<\/p>\n","protected":false},"author":1,"featured_media":0,"parent":0,"menu_order":0,"comment_status":"open","ping_status":"open","template":"","meta":{"ngg_post_thumbnail":0},"_links":{"self":[{"href":"https:\/\/tzokrasic.hr\/index.php?rest_route=\/wp\/v2\/pages\/2623"}],"collection":[{"href":"https:\/\/tzokrasic.hr\/index.php?rest_route=\/wp\/v2\/pages"}],"about":[{"href":"https:\/\/tzokrasic.hr\/index.php?rest_route=\/wp\/v2\/types\/page"}],"author":[{"embeddable":true,"href":"https:\/\/tzokrasic.hr\/index.php?rest_route=\/wp\/v2\/users\/1"}],"replies":[{"embeddable":true,"href":"https:\/\/tzokrasic.hr\/index.php?rest_route=%2Fwp%2Fv2%2Fcomments&post=2623"}],"version-history":[{"count":6,"href":"https:\/\/tzokrasic.hr\/index.php?rest_route=\/wp\/v2\/pages\/2623\/revisions"}],"predecessor-version":[{"id":2638,"href":"https:\/\/tzokrasic.hr\/index.php?rest_route=\/wp\/v2\/pages\/2623\/revisions\/2638"}],"wp:attachment":[{"href":"https:\/\/tzokrasic.hr\/index.php?rest_route=%2Fwp%2Fv2%2Fmedia&parent=2623"}],"curies":[{"name":"wp","href":"https:\/\/api.w.org\/{rel}","templated":true}]}}