{"id":273,"date":"2013-10-03T12:42:10","date_gmt":"2013-10-03T12:42:10","guid":{"rendered":"http:\/\/tzokrasic.hr\/?page_id=273"},"modified":"2013-10-07T07:11:53","modified_gmt":"2013-10-07T07:11:53","slug":"vjerski-turizam-2","status":"publish","type":"page","link":"https:\/\/tzokrasic.hr\/?page_id=273","title":{"rendered":"Bl. Alojzije Stepinac"},"content":{"rendered":"<div class=\"wpb_row vc_row-fluid\">\n<div class=\"vc_span12 wpb_column column_container\">\n<div class=\"wpb_wrapper\">\n<div class=\"wpb_text_column wpb_content_element \">\n<div class=\"wpb_wrapper\">\n<h4><span style=\"color: #339966;\"><b>Najsvjetliji lik Crkve u Hrvata !<\/b><\/span><\/h4>\n<p><b>\u00a0<\/b><\/p>\n<p style=\"text-align: center;\"><em><strong>PRIJE OSUDE PASTIR, U OSUDI HEROJ, PRIJE SMRTI MU\u010cENIK, U SMRTI SVETAC &#8211; NA\u0160 ALOJZIJE VIKTOR STEPINAC<\/strong><\/em><\/p>\n<p style=\"text-align: right;\">Du\u0161an \u017danko, knji\u017eevnik<\/p>\n<p>&nbsp;<\/p>\n<p style=\"text-align: justify;\">Rodio se malen, a kroz svoj \u017eivot veliki kri\u017e je nosio. Strpljivo, \u017earko i s ljubavlju. Hrabro je za Isusom kora\u010dao, pro\u017eivljavaju\u0107i svoj Gecemanij, Gabathu i Golgotu. A kad pade, golem grob mu zapade! Onaj u zagreba\u010dkoj Katedrali, grob koji se ne mimoilazi \u2013 kad se u Zagreb dolazi.<\/p>\n<p style=\"text-align: center;\"><strong><em>Budimo zahvalni Bo\u017ejoj providnosti, koja nam je darovala Kardinala Stepinca, svjedoka vjernosti Bogu i Crkvi, mu\u010denika ljubavi prema Bogu i bli\u017enjemu.<\/em><\/strong><\/p>\n<p style=\"text-align: center;\"><strong><em>Budimo zahvalni i Kardinalu, koji se je potpuno darovao Bogu, a time i svome hrvatskome narodu i cijeloj Crkvi Bo\u017ejoj.<\/em><\/strong><b> <\/b><\/p>\n<p>\u00a0<\/p>\n<ul class=\"arrowlist\">\n<li>\n<h4><span style=\"color: #339966;\"><b>Djetinjstvo i mladost<\/b><\/span><\/h4>\n<\/li>\n<\/ul>\n<p style=\"text-align: justify;\"><img loading=\"lazy\" class=\"alignleft size-medium wp-image-303\" alt=\"Mladi Stepinac\" src=\"http:\/\/tzokrasic.hr\/wp-content\/uploads\/2013\/10\/Mladi-Stepinac-211x300.jpg\" width=\"211\" height=\"300\" srcset=\"https:\/\/tzokrasic.hr\/wp-content\/uploads\/2013\/10\/Mladi-Stepinac-211x300.jpg 211w, https:\/\/tzokrasic.hr\/wp-content\/uploads\/2013\/10\/Mladi-Stepinac-141x200.jpg 141w, https:\/\/tzokrasic.hr\/wp-content\/uploads\/2013\/10\/Mladi-Stepinac.jpg 452w\" sizes=\"(max-width: 211px) 100vw, 211px\" \/>Ro\u0111en je za ovaj svijet \u00a0u mjestu Brezari\u0107 \u2013 \u017eupa Kra\u0161i\u0107 \u2013 8. svibnja 1898. godine kao peto dijete, od oca Josipa i majke Barbare r. Peni\u0107, koji su u svome braku imali osmero djece.<\/p>\n<p style=\"text-align: justify;\">Ve\u0107 idu\u0107i dan, \u00a0kr\u0161ten je \u00a0u \u017dupnoj crkvi Presvetoga Trojstva u Kra\u0161i\u0107u imenom: Alojzije Viktor.<\/p>\n<p style=\"text-align: justify;\">Godine 1907. obitelj se seli iz Brezari\u0107a u Kra\u0161i\u0107 gdje je njegov otac kupio ku\u0107u.<\/p>\n<p style=\"text-align: justify;\">Unato\u010d te\u0161kom radu na zemlji, kod Stepin\u010devih je dan\u00a0 redovito zavr\u0161avao molitvom krunice, a majka Barbara je u srcu pri\u017eeljkivala i molila se da njezin Lojzek postane sve\u0107enik \u0161to i ne \u010dudi jer je bio vedar i talentiran dje\u010dak, dobar \u0111ak u \u0161koli i ministrant u crkvi.<\/p>\n<p>Kako je zadruga Stepinac bila za ono vrijeme imu\u0107nija i pripadala je naprednijim selja\u010dkim obiteljima, djeca su slana na \u0161kolovanje u Zagreb. Tako je i Alojzije nakon zavr\u0161ene pu\u010dke \u0161kole u Kra\u0161i\u0107u, postao pitomac Nadbiskupijskog orfanotrofija gdje je poha\u0111ao gornjogradsku klasi\u010dnu gimnaziju.<\/p>\n<p>Maturirao je 1916 godine, nakon \u010dega je mobiliziran u austrijsku vojsku. U bitkama na rijeci Piavi, 1918. godine pada u talijansko zarobljeni\u0161tvo odakle se, kao solunski dobrovoljac uspijeva osloboditi.<\/p>\n<p>Nakon \u0161kolovanja, slu\u017ebe u vojsci, zarobljavanja, a zatim povratka u roditeljsku ku\u0107u i\u00a0 mladena\u010dkog preispitivanja samog sebe prolazio je\u00a0 razdoblje\u00a0 duboke duhovne krize i neizvjesnosti.<\/p>\n<p>Kroz sva ta \u00a0isku\u0161enja, duhovno je sazrijevao do kona\u010dne odluke: <b>\u017delim biti sve\u0107enik.<\/b><\/p>\n<p>&nbsp;<\/p>\n<ul class=\"arrowlist\">\n<li>\n<h4><span style=\"color: #339966;\"><b>Rimski student<\/b><\/span><\/h4>\n<\/li>\n<\/ul>\n<p><img loading=\"lazy\" class=\"wp-image-304 alignright\" alt=\"as\" src=\"http:\/\/tzokrasic.hr\/wp-content\/uploads\/2013\/10\/as-300x220.jpg\" width=\"300\" height=\"220\" srcset=\"https:\/\/tzokrasic.hr\/wp-content\/uploads\/2013\/10\/as-300x220.jpg 300w, https:\/\/tzokrasic.hr\/wp-content\/uploads\/2013\/10\/as-600x440.jpg 600w, https:\/\/tzokrasic.hr\/wp-content\/uploads\/2013\/10\/as-200x146.jpg 200w, https:\/\/tzokrasic.hr\/wp-content\/uploads\/2013\/10\/as.jpg 640w\" sizes=\"(max-width: 300px) 100vw, 300px\" \/><\/p>\n<p style=\"text-align: justify;\">Godine 1924. upu\u0107en je na studij u Rim gdje je i zare\u0111en za sve\u0107enika 26. listopada 1930. godine u\u00a0 crkvi svetoga Petra Kanizija. Prvu svetu misu slavio je tako\u0111er u Rimu u bazilici \u00a0Sancta Maria Maggiore \u2013 Svete Marije Velike na blagdan Svih Svetih.<\/p>\n<p style=\"text-align: justify;\">U srpnju 1931. godine, kao dvostruki laureat iz filozofije i teologije, vra\u0107a se u domovinu.<\/p>\n<p style=\"text-align: justify;\">U to vrijeme vojne diktature kralja Aleksandra Kara\u0111or\u0111evi\u0107a, nije bilo lako, biti Hrvat a pogotovo nije bilo lako, biti katoli\u010dki sve\u0107enik. Tada\u0161nja jugoslavenska i velikosrpska vlast je nastojala potla\u010diti Hrvate, uni\u0161titi \u00a0njihovu dr\u017eavotvornu misao\u00a0 i\u00a0 na sve mogu\u0107e na\u010dine, oslabiti \u00a0katoli\u010dku crkvu.<\/p>\n<h4><\/h4>\n<p>&nbsp;<\/p>\n<ul class=\"arrowlist\">\n<li>\n<h4><span style=\"color: #339966;\"><b>Najmla\u0111i biskup<\/b><\/span><\/h4>\n<\/li>\n<\/ul>\n<p><a href=\"http:\/\/tzokrasic.hr\/wp-content\/uploads\/2013\/10\/ST05.jpg\"><img loading=\"lazy\" class=\"size-medium wp-image-306 alignleft\" alt=\"ST05\" src=\"http:\/\/tzokrasic.hr\/wp-content\/uploads\/2013\/10\/ST05-300x219.jpg\" width=\"300\" height=\"219\" srcset=\"https:\/\/tzokrasic.hr\/wp-content\/uploads\/2013\/10\/ST05-300x219.jpg 300w, https:\/\/tzokrasic.hr\/wp-content\/uploads\/2013\/10\/ST05-600x439.jpg 600w, https:\/\/tzokrasic.hr\/wp-content\/uploads\/2013\/10\/ST05-200x146.jpg 200w, https:\/\/tzokrasic.hr\/wp-content\/uploads\/2013\/10\/ST05.jpg 640w\" sizes=\"(max-width: 300px) 100vw, 300px\" \/><\/a>Papa Pio XI imenuje ga 29. svibnja 1934. godine, zagreba\u010dkim nadbiskupom koadjutorom s pravom nasljedstva. Tom odlukom Pape, Alojzije Stepinac je tada postao najmla\u0111i biskup na svijetu s 36 godina \u017eivota i nepune \u010detiri godine sve\u0107enstva.<\/p>\n<p style=\"text-align: justify;\">Na Ivanje 24. lipnja iste godine zare\u0111en je za biskupsko posve\u0107enje u Zagreba\u010dkoj katedrali. Posvetitelji su mu bili dr. Antun Bauer zagreba\u010dki nadbiskup, sarajevski nadbiskup dr. Ivan \u0160ari\u0107 i \u00a0splitski biskup Klement Bonefa\u010di\u0107.<\/p>\n<p style=\"text-align: justify;\">Tom biskupskom posve\u0107enju svoga sina svjedo\u010dila je i majka Barbara odjevena u kra\u0161i\u0107ku narodnu no\u0161nju. Zasigurno je tada ta skromna i pobo\u017ena \u017eena bila sretna i zahvalna Bogu na usli\u0161anim molitvama.<\/p>\n<p style=\"text-align: justify;\">Nakon smrti zagreba\u010dkog nadbiskupa Antuna Bauera, 07. prosinca 1937 godine, Stepinac istog dana preuzima slu\u017ebu i naslov zagreba\u010dkog nadbiskupa. Ubrzo je izabran i za predsjednika Biskupske konferencije Jugoslavije.<\/p>\n<p style=\"text-align: justify;\">Kao pastir \u00a0Crkve Zagreba\u010dke promi\u010de svestranu duhovnu obnovu, osobito euharistijsku i marijansku pobo\u017enost. Osniva i mnoge nove \u017eupe. U samom Zagrebu je osnovao \u010dak 14 novih \u017eupa.<\/p>\n<p style=\"text-align: justify;\">Posebnu brigu posve\u0107ivao je ure\u0111enju sveti\u0161ta Majke Bo\u017eje u Mariji Bistrici, kamo je sam i s narodom rado hodo\u010dastio.<\/p>\n<h4><span style=\"color: #339966;\"><b>\u00a0<\/b><\/span><\/h4>\n<ul class=\"arrowlist\">\n<li>\n<h4><span style=\"color: #339966;\"><b>Ratni vrtlog<\/b><\/span><\/h4>\n<\/li>\n<\/ul>\n<p style=\"text-align: justify;\">Politi\u010dki i vjerski odnosi u Kraljevini Jugoslaviji, brzo su se pogor\u0161avali, naro\u010dito nakon ubojstva Stjepana Radi\u0107a, prvaka Hrvatske selja\u010dke stranke, i nakon atentata na kralja Aleksandra Kara\u0111or\u0111evi\u0107a. Velikosrpska politika nastavila je s progonom hrvatskih domoljuba i zapostavljanjem katolika u javnom \u017eivotu.<\/p>\n<p style=\"text-align: justify;\"><img loading=\"lazy\" class=\"alignright size-medium wp-image-314\" alt=\"U susretu s klericima\" src=\"http:\/\/tzokrasic.hr\/wp-content\/uploads\/2013\/10\/U-susretu-s-klericima-300x208.jpg\" width=\"300\" height=\"208\" srcset=\"https:\/\/tzokrasic.hr\/wp-content\/uploads\/2013\/10\/U-susretu-s-klericima-300x208.jpg 300w, https:\/\/tzokrasic.hr\/wp-content\/uploads\/2013\/10\/U-susretu-s-klericima-600x416.jpg 600w, https:\/\/tzokrasic.hr\/wp-content\/uploads\/2013\/10\/U-susretu-s-klericima-200x138.jpg 200w, https:\/\/tzokrasic.hr\/wp-content\/uploads\/2013\/10\/U-susretu-s-klericima.jpg 640w\" sizes=\"(max-width: 300px) 100vw, 300px\" \/>U sije\u010dnju 1941. godine regent Pavle Kara\u0111or\u0111evi\u0107,\u00a0 dolazi u slu\u017ebeni posjet Zagrebu, a na vratima crkve Sv. Marka nadbiskup Stepinac ga\u00a0 lijepo do\u010dekuje i podsje\u0107a \u00a0da taj povijesni hram svjedo\u010di neiskorjenjivu svijest i nenadma\u0161ivu vjeru u pravdu koja \u017eivi u hrvatskom narodu te da svaki onaj tko poku\u0161a to pravo pogaziti biva pora\u017een.<\/p>\n<p style=\"text-align: justify;\">Kraljevina Jugoslavija se raspala sama od sebe a 10. travnja 1941.godine, stvara se Nezavisna dr\u017eava Hrvatska (NDH ). Dugo sanjana i o\u010dekivana dr\u017eava, do\u010dekana je s rado\u0161\u0107u i pozdravljena kako od hrvatskog naroda tako i od vjerskih predstavnika.<\/p>\n<p style=\"text-align: justify;\">Me\u0111utim, ta radost i nada u bolju budu\u0107nost bila je kratkoga vijeka.\u00a0 Brzo se pokazalo da hrvatske vlasti nisu potpuni gospodari u vlastitoj dr\u017eavi, ve\u0107 su izvr\u0161itelji naloga stranih sila sukobljenih u Drugom svjetskom ratu.<\/p>\n<p style=\"text-align: justify;\">\u010cesto su se kr\u0161ila osnovna ljudska prava na vjerskom, politi\u010dkom i rasnom podru\u010dju .<\/p>\n<p style=\"text-align: justify;\">Stepinac je kao nadbiskup te\u0161ka srca podnosio te nepravde. Propovijedao je, slao opomene i prosvjede, \u00a0osobno posredovao u mnogim slu\u010dajevima kako bi stao na put nepravdama, pozivaju\u0107i se na ljudska i Bo\u017eja prava ali bez ve\u0107eg uspjeha.<\/p>\n<p style=\"text-align: justify;\">Osu\u0111ivao je progone manjinskih naroda i svih ideolo\u0161kih oporbi u NDH i u zajedni\u0161tvu s ostalim biskupima i hrvatskim klerom aktivno se na bezbroj na\u010dina zauzimao za \u017ertve rata zahtijevaju\u0107i \u201epuno po\u0161tovanje \u010dovje\u010dje li\u010dnosti bez obzira na dob, spol, vjeru, narodnost ili rasu\u201c.<\/p>\n<p>U propovijedi 25. listopada 1942., na blagdan Krista Kralja, izme\u0111u ostalog,\u00a0 rekao je:<\/p>\n<p style=\"text-align: center;\"><em>\u201e<\/em><b><em>Mi osu\u0111ujemo sve nepravde, sva ubijanja nevinih, sve pale\u017ee mirnih sela, sva zatiranja sirotinjskih \u017euljeva\u201c.<\/em> <\/b><\/p>\n<p style=\"text-align: justify;\"><img loading=\"lazy\" class=\"size-medium wp-image-310 alignleft\" alt=\"st.\" src=\"http:\/\/tzokrasic.hr\/wp-content\/uploads\/2013\/10\/st.-300x187.jpg\" width=\"300\" height=\"187\" srcset=\"https:\/\/tzokrasic.hr\/wp-content\/uploads\/2013\/10\/st.-300x187.jpg 300w, https:\/\/tzokrasic.hr\/wp-content\/uploads\/2013\/10\/st.-600x374.jpg 600w, https:\/\/tzokrasic.hr\/wp-content\/uploads\/2013\/10\/st.-200x124.jpg 200w, https:\/\/tzokrasic.hr\/wp-content\/uploads\/2013\/10\/st..jpg 640w\" sizes=\"(max-width: 300px) 100vw, 300px\" \/>Zbrinuo je 500 prognanih slovenskih sve\u0107enika te 6717 bolesne i gladne djece. Prosvjedovao je protiv progona \u017didova i provedbe nacisti\u010dkih zakona. Slao je svojim sve\u0107enicima povjerljive instrukcije, sve u \u017eelji da sa\u010duva ljudske \u017eivote progonjenih Srba i \u017didova u kojima doslovno pi\u0161e: \u201eKad do\u0111u k Vama osobe \u017eidovske ili pravoslavne vjeroispovijesti, koje se nalaze u smrtnoj opasnosti, pa za\u017eele konvertirati na katolicizam, primite ih, da spasite ljudske \u017eivote\u201c.<\/p>\n<p style=\"text-align: justify;\">Zbog svega toga, za vrijeme Nezavisne dr\u017eave Hrvatske, vlastodr\u0161ci ga nisu dr\u017eali u milosti i prigovarali su mu da nije dovoljno odrije\u0161it prema komunizmu. Dapa\u010de, javno su govorili ,da bi zbog svojih propovijedi s oltara, da je u nekoj drugoj dr\u017eavi, bio strijeljan.<\/p>\n<p style=\"text-align: justify;\">Nije pro\u0161lo dugo i Nezavisna dr\u017eava Hrvatska je propala.<\/p>\n<p>&nbsp;<\/p>\n<ul class=\"arrowlist\">\n<li>\n<h4><b><span style=\"color: #339966;\">Komunististi\u010dki napad<\/span> <\/b><\/h4>\n<\/li>\n<\/ul>\n<p style=\"text-align: justify;\"><img loading=\"lazy\" class=\"alignleft size-medium wp-image-312\" alt=\"Nadbiskup Stepinac izlazi iz zatvora u Lepoglavi\" src=\"http:\/\/tzokrasic.hr\/wp-content\/uploads\/2013\/10\/Nadbiskup-Stepinac-izlazi-iz-zatvora-u-Lepoglavi-233x300.jpg\" width=\"233\" height=\"300\" srcset=\"https:\/\/tzokrasic.hr\/wp-content\/uploads\/2013\/10\/Nadbiskup-Stepinac-izlazi-iz-zatvora-u-Lepoglavi-233x300.jpg 233w, https:\/\/tzokrasic.hr\/wp-content\/uploads\/2013\/10\/Nadbiskup-Stepinac-izlazi-iz-zatvora-u-Lepoglavi-155x200.jpg 155w, https:\/\/tzokrasic.hr\/wp-content\/uploads\/2013\/10\/Nadbiskup-Stepinac-izlazi-iz-zatvora-u-Lepoglavi.jpg 499w\" sizes=\"(max-width: 233px) 100vw, 233px\" \/>Nakon zavr\u0161etka rata i ulaska partizana u Zagreb (8. svibnja 1945.), komunisti\u010dke vlasti pritvorile su Stepinca, \u00a0ve\u0107 17. svibnja 1945. godine.<\/p>\n<p style=\"text-align: justify;\">Nakon sedamnaest dana su ga oslobodili. Dan nakon toga su se susreli Josip Broz Tito i nadbiskup, gdje je Tito htio provesti u djelo svoju nakanu da razjedini Katoli\u010dku crkvu, te da ju otcijepi od Rima i Pape. Kao \u0161to znamo, Josip Broz Tito je taj sastanak zavr\u0161io neobavljenog posla. Nadbiskup zagreba\u010dki\u00a0 Alojzije Stepinac \u00a0je razgovor o takvoj mogu\u0107nosti najodlu\u010dnije odbijao.<\/p>\n<p style=\"text-align: justify;\">Da bi se sprije\u010dili pokolji i masovna hap\u0161enja nevinih ljudi, Katoli\u010dki biskupi Jugoslavije uputili su 20. rujna 1945. godine, Pastirsko pismo vjernicima, koje je sastavljeno na inicijativu Alojzija Stepinca i gdje se pozivaju \u00a0komunisti\u010dke vlasti na umjerenost i po\u0161tivanje na\u010dela pravne dr\u017eave.<\/p>\n<p style=\"text-align: justify;\">Svejedno, progon i pritisak na narod, crkvu i bla\u017eenog Alojzija Stepinca se nije bitno smanjivao.<\/p>\n<p style=\"text-align: justify;\">Bilo je to vrijeme velike tragedije hrvatskog naroda, obilje\u017eeno bleibur\u0161kim strati\u0161tem kao i stradanjima na tzv. Kri\u017enom putu. Zasigurno vrijeme, najve\u0107eg \u00a0stradanja hrvatskog naroda u njegovoj povijesti.<\/p>\n<p style=\"text-align: justify;\">Tada je izme\u0111u ostalog, nasilno ubijeno i 355 sve\u0107enika a mnogi su bili osu\u0111eni na dugogodi\u0161nje robije.<\/p>\n<p>&nbsp;<\/p>\n<p>&nbsp;<\/p>\n<ul class=\"arrowlist\">\n<li>\n<h4>\u00a0<span style=\"color: #339966;\"><b>Montirani sudski proces<\/b><\/span><\/h4>\n<\/li>\n<\/ul>\n<p style=\"text-align: justify;\"><img loading=\"lazy\" class=\"alignright size-medium wp-image-316\" alt=\"Nadbiskup na optu\u017eeni\u010dkoj klupi\" src=\"http:\/\/tzokrasic.hr\/wp-content\/uploads\/2013\/10\/Nadbiskup-na-optu\u017eeni\u010dkoj-klupi-300x181.jpg\" width=\"300\" height=\"181\" srcset=\"https:\/\/tzokrasic.hr\/wp-content\/uploads\/2013\/10\/Nadbiskup-na-optu\u017eeni\u010dkoj-klupi-300x181.jpg 300w, https:\/\/tzokrasic.hr\/wp-content\/uploads\/2013\/10\/Nadbiskup-na-optu\u017eeni\u010dkoj-klupi-600x363.jpg 600w, https:\/\/tzokrasic.hr\/wp-content\/uploads\/2013\/10\/Nadbiskup-na-optu\u017eeni\u010dkoj-klupi-200x121.jpg 200w, https:\/\/tzokrasic.hr\/wp-content\/uploads\/2013\/10\/Nadbiskup-na-optu\u017eeni\u010dkoj-klupi.jpg 640w\" sizes=\"(max-width: 300px) 100vw, 300px\" \/>Nakon sve \u017ee\u0161\u0107ih pogrda i napada na njegovu osobu, ponovno je uhi\u0107en 18. rujna 1946., po nalogu javnog tu\u017eioca Jakova Bla\u017eevi\u0107a.<\/p>\n<p style=\"text-align: justify;\">Na temelju iznu\u0111enih izjava i la\u017enih svjedo\u010danstava, \u010dak i krivotvorenih dokumenata, osu\u0111en je 11. listopada 1946. godine na 16 godina \u2013 li\u0161enja slobode i prisilnog rada te daljnjih 5 godina li\u0161enja svih gra\u0111anskih prava.<\/p>\n<p style=\"text-align: justify;\">Nije htio moliti pomilovanje.<\/p>\n<p style=\"text-align: justify;\">U tada\u0161njoj Hrvatskoj desetlje\u0107ima se nije smio \u010duti\u00a0 glas o njemu. Bio je ubrojen me\u0111u zlo\u010dince. I to je jo\u0161 jedan kri\u017e koji je prihvatio stoje\u0107i i objeru\u010dke iz ljubavi prema Kristu raspetome, prema svojoj Crkvi i vjernicima.<\/p>\n<p style=\"text-align: justify;\"><b>Uzeo je svoj kri\u017e i uputio se prema svojoj Kalvariji.<\/b><\/p>\n<p><b>\u00a0<\/b><\/p>\n<ul class=\"arrowlist\">\n<li>\n<h4><b><span style=\"color: #339966;\">Uzni\u0161tvo<\/span> <\/b><\/h4>\n<\/li>\n<\/ul>\n<p style=\"text-align: justify;\">\u00a0<b>Mogao je izmaknuti tomu kri\u017eu jednim gestom i jednim potezom pera, ali da je to u\u010dinio \u2013 ne bismo imali Stepinca!<\/b><\/p>\n<div id=\"attachment_317\" style=\"width: 310px\" class=\"wp-caption alignleft\"><img aria-describedby=\"caption-attachment-317\" loading=\"lazy\" class=\"size-medium wp-image-317\" alt=\"Zatvorska soba nadbiskupa Stepinca u Lepoglavi\" src=\"http:\/\/tzokrasic.hr\/wp-content\/uploads\/2013\/10\/Zatvorska-soba-nadbiskupa-Stepinca-u-Lepoglavi-300x219.jpg\" width=\"300\" height=\"219\" srcset=\"https:\/\/tzokrasic.hr\/wp-content\/uploads\/2013\/10\/Zatvorska-soba-nadbiskupa-Stepinca-u-Lepoglavi-300x219.jpg 300w, https:\/\/tzokrasic.hr\/wp-content\/uploads\/2013\/10\/Zatvorska-soba-nadbiskupa-Stepinca-u-Lepoglavi-600x438.jpg 600w, https:\/\/tzokrasic.hr\/wp-content\/uploads\/2013\/10\/Zatvorska-soba-nadbiskupa-Stepinca-u-Lepoglavi-200x146.jpg 200w, https:\/\/tzokrasic.hr\/wp-content\/uploads\/2013\/10\/Zatvorska-soba-nadbiskupa-Stepinca-u-Lepoglavi.jpg 640w\" sizes=\"(max-width: 300px) 100vw, 300px\" \/><\/p>\n<p id=\"caption-attachment-317\" class=\"wp-caption-text\">Zatvorska soba nadbiskupa Stepinca u Lepoglavi\n<\/div>\n<p style=\"text-align: justify;\">U lepoglavskoj kaznionici proveo je vrijeme od 19. listopada 1946. do 5. prosinca 1951.godine, kada je zbog bolesti preba\u010den na slu\u017eenje kazne u \u017dupni dvor u Kra\u0161i\u0107.<\/p>\n<p style=\"text-align: justify;\">Njegovo herojsko dr\u017eanje na sudu i patni\u010dke uzni\u010dke godine podigle su mu i onako veliki ugled u narodu kao i u \u00a0svijetu tako da ga je Sveti Otac Papa Pio XII imenovao, 29. studenog 1952. godine, kardinalom Svete Rimske Crkve.<\/p>\n<p style=\"text-align: justify;\">Ta odluka je izazvala revolt kod druga Tita i odmah nakon toga, do\u0161lo je do prekida diplomatskih odnosa izme\u0111u onda\u0161nje Jugoslavije i Svete stolice.<\/p>\n<p style=\"text-align: justify;\">Svi tada\u0161nji\u00a0 novi \u00a0kardinali su primali kardinalske znakove od Svetog Oca ali na\u0161 novi hrvatski kardinal Alojzije Stepinac ostao je u svom Kra\u0161i\u0107u, u svome zato\u010deni\u0161tvu. Mo\u017eemo re\u0107i da mu je to bio znak s neba i jedno veliko ohrabrenje na \u017eivotnom kri\u017enom putu. Nije htio ni\u0161ta tra\u017eiti, osobito ne put u inozemstvo, jer nije bio siguran da bi mu vlasti dopustile povratak u domovinu.<\/p>\n<p style=\"text-align: justify;\">Govorio je:<\/p>\n<p style=\"text-align: center;\"><strong><em>&#8220;Ho\u0107u da budem sa svojim narodom i sve\u0107enstvom. Dijeliti \u0107emo radost i \u017ealost.&#8221;<\/em><\/strong><\/p>\n<p style=\"text-align: justify;\">Bla\u017eeni Alojzije Stepinac svojih posljednjih osam godina \u017eivota pro\u017eivio je kao zato\u010denik u svom Kra\u0161i\u0107u. Nakon su\u0111enja i robijanja u Lepoglavi, Kra\u0161i\u0107 mu je bio malo osvje\u017eenje u daljnjem mu\u010deni\u010dkom \u017eivotu. Stanovao je u dvije male sobice kra\u0161i\u0107kog \u017eupnog dvora koje mu je prepustio \u017eupnik Vranekovi\u0107.<\/p>\n<p style=\"text-align: justify;\">Milicija je pozorno pratila tko sve dolazi u Kra\u0161i\u0107, crkvu i u \u017eupni stan. Znalo se dogoditi da je tim stra\u017earima bilo neugodno obna\u0161ati svoju slu\u017ebu. Mnogi od njih, osjetili su da \u010dovjek kojeg \u010duvaju ne mo\u017ee biti zlo\u010dinac i da ljudi koji dolaze k njemu \u017eele susret s posebnom osobom\u00a0 jer je to, on doista i bio. \u010cesto su ti isti stra\u017eari okrenuli le\u0111a da ne vide ono \u0161to su morali vidjetii i u tome sigurno prepoznajemo nevidljivu silu Bo\u017eju koja je zra\u010dila iz bla\u017eenog Alojzija, jo\u0161 i za njegovog \u017eivota na zemlji.<\/p>\n<p style=\"text-align: justify;\"><b>I stoga njegova svetost nije ograni\u010dena samo na kr\u0161\u0107ane, nego je ona svjetlo za sve ljude.<\/b><\/p>\n<p style=\"text-align: justify;\">U danima zato\u010deni\u0161tva u Kra\u0161i\u0107u nije smio javno nastupati kao biskup i zato u crkvi nikad nije imao mitru niti biskupski \u0161tap.<\/p>\n<p><b>\u00a0<\/b><\/p>\n<ul class=\"arrowlist\">\n<li>\n<h4><span style=\"color: #339966;\"><b>Mu\u010denik i svetac<\/b><\/span><\/h4>\n<\/li>\n<\/ul>\n<p><img loading=\"lazy\" class=\"size-medium wp-image-319 alignleft\" alt=\"00150262\" src=\"http:\/\/tzokrasic.hr\/wp-content\/uploads\/2013\/10\/00150262-300x189.jpg\" width=\"300\" height=\"189\" srcset=\"https:\/\/tzokrasic.hr\/wp-content\/uploads\/2013\/10\/00150262-300x189.jpg 300w, https:\/\/tzokrasic.hr\/wp-content\/uploads\/2013\/10\/00150262-600x378.jpg 600w, https:\/\/tzokrasic.hr\/wp-content\/uploads\/2013\/10\/00150262-200x126.jpg 200w, https:\/\/tzokrasic.hr\/wp-content\/uploads\/2013\/10\/00150262.jpg 640w\" sizes=\"(max-width: 300px) 100vw, 300px\" \/>Umro je na glasu svetosti i mu\u010deni\u0161tva u Kra\u0161i\u0107u 10. velja\u010de 1960.godine, jo\u0161 za vrijeme izdr\u017eavanja nepravedne kazne.<\/p>\n<p style=\"text-align: justify;\">Unato\u010d komunisti\u010dkim zabranama i progonima, njegov kreposan \u017eivot i mu\u010deni\u010dku smrt Bo\u017eji je narod prepoznao i \u010dastio ve\u0107 za \u017eivota, a osobito nakon smrti.<\/p>\n<p style=\"text-align: justify;\">Iza glavnog oltara zagreba\u010dke katedrale gdje se nalaze grobnice zagreba\u010dkih nadbiskupa pohranjeni su zemni ostaci bl. Alojzija Stepinca. Cvije\u0107e i svije\u0107e te zahvale za usli\u0161ane milosti po njegovom zagovoru neprestano krase njegov grob jer su na tisu\u0107e vjernika prepoznali u njemu osobnog zagovornika.<\/p>\n<p style=\"text-align: justify;\">Bla\u017eenim ga je proglasio papa Ivan Pavao II u Mariji Bistrici, 3. listopada 1998.godine u prisutnosti velikog broja vjernog puka i brojnih sve\u0107enika, biskupa i kardinala.<\/p>\n<p style=\"text-align: justify;\">Sa sigurno\u0161\u0107u se mo\u017ee re\u0107i, Alojzije Stepinac je dar svakom vjerniku, katoli\u010dkoj crkvi i svom hrvatskom narodu.<\/p>\n<p style=\"text-align: justify;\">\n<b>\u00a0<\/b><\/p>\n<\/p><\/div>\n<\/p><\/div>\n<\/p><\/div>\n<\/p><\/div>\n<\/div>\n<p>&nbsp;<\/p>\n","protected":false},"excerpt":{"rendered":"<p>&nbsp;<\/p>\n","protected":false},"author":1,"featured_media":329,"parent":0,"menu_order":0,"comment_status":"closed","ping_status":"closed","template":"fullwidth-template.php","meta":{"ngg_post_thumbnail":0},"_links":{"self":[{"href":"https:\/\/tzokrasic.hr\/index.php?rest_route=\/wp\/v2\/pages\/273"}],"collection":[{"href":"https:\/\/tzokrasic.hr\/index.php?rest_route=\/wp\/v2\/pages"}],"about":[{"href":"https:\/\/tzokrasic.hr\/index.php?rest_route=\/wp\/v2\/types\/page"}],"author":[{"embeddable":true,"href":"https:\/\/tzokrasic.hr\/index.php?rest_route=\/wp\/v2\/users\/1"}],"replies":[{"embeddable":true,"href":"https:\/\/tzokrasic.hr\/index.php?rest_route=%2Fwp%2Fv2%2Fcomments&post=273"}],"version-history":[{"count":29,"href":"https:\/\/tzokrasic.hr\/index.php?rest_route=\/wp\/v2\/pages\/273\/revisions"}],"predecessor-version":[{"id":473,"href":"https:\/\/tzokrasic.hr\/index.php?rest_route=\/wp\/v2\/pages\/273\/revisions\/473"}],"wp:featuredmedia":[{"embeddable":true,"href":"https:\/\/tzokrasic.hr\/index.php?rest_route=\/wp\/v2\/media\/329"}],"wp:attachment":[{"href":"https:\/\/tzokrasic.hr\/index.php?rest_route=%2Fwp%2Fv2%2Fmedia&parent=273"}],"curies":[{"name":"wp","href":"https:\/\/api.w.org\/{rel}","templated":true}]}}