{"id":347,"date":"2013-10-04T10:36:40","date_gmt":"2013-10-04T10:36:40","guid":{"rendered":"http:\/\/tzokrasic.hr\/?page_id=347"},"modified":"2014-03-03T07:18:47","modified_gmt":"2014-03-03T07:18:47","slug":"eko-etno","status":"publish","type":"page","link":"https:\/\/tzokrasic.hr\/?page_id=347","title":{"rendered":"Eko &#8211; Etno"},"content":{"rendered":"<div class=\"wpb_row vc_row-fluid\">\n<div class=\"vc_span12 wpb_column column_container\">\n<div class=\"wpb_wrapper\">\n<div class=\"wpb_tabs wpb_content_element\" data-interval=\"0\">\n<div class=\"wpb_wrapper wpb_tour_tabs_wrapper ui-tabs clearfix\">\n<ul class=\"wpb_tabs_nav ui-tabs-nav clearfix\">\n<li><a href=\"#tab-1380883540-1-94\">EKO<\/a><\/li>\n<li><a href=\"#tab-1380883540-2-74\">ETNO<\/a><\/li>\n<li><a href=\"#tab-1382681892060-2-2\">TRADICIJA<\/a><\/li>\n<li><a href=\"#tab-1393830162199-3-1\">KRA\u0160I\u010cKI PODUZETNICI<\/a><\/li>\n<\/ul>\n<div id=\"tab-1380883540-1-94\" class=\"wpb_tab ui-tabs-panel wpb_ui-tabs-hide clearfix\">\n<div class=\"wpb_text_column wpb_content_element \">\n<div class=\"wpb_wrapper\">\n<p style=\"text-align: center;\"><img loading=\"lazy\" class=\"aligncenter\" alt=\"divider\" src=\"http:\/\/tzokrasic.hr\/wp-content\/uploads\/2013\/10\/divider.png\" width=\"576\" height=\"12\" \/><\/p>\n<p>&nbsp;<\/p>\n<ul class=\"arrowlist\">\n<li>\n<h4><span style=\"color: #008000;\"><strong>KRA\u0160I\u010cKI VINARI<\/strong><\/span><\/h4>\n<\/li>\n<\/ul>\n<ul class=\"arrowlist\">\n<li><b>VINO \u00a0\u0160IMANOVI\u0106<\/b><\/li>\n<\/ul>\n<p>Kostel Pribi\u0107ki 5<\/p>\n<p>10 454 Kra\u0161i\u0107<\/p>\n<p>Tel: \u00a0\u00a0\u00a0\u00a0\u00a0\u00a001\/627-02-44<\/p>\n<p>Fax: \u00a0\u00a0\u00a0\u00a0\u00a001\/628-31-85<\/p>\n<p>Mob: \u00a0\u00a0\u00a0099\/668-94-93<\/p>\n<p>098\/882-408<\/p>\n<p>e-mail: <a href=\"mailto:zeljko.simanovic@zg.t-com.hr\">zeljko.simanovic@zg.t-com.hr<\/a><\/p>\n<p>Vl. Stjepan i \u017deljko \u0160imanovi\u0107<\/p>\n<p><a href=\"http:\/\/www.vino-simanovic.freshcreator.com\">www.vino-simanovic.freshcreator.com<\/a><\/p>\n<p>&nbsp;<\/p>\n<p>&nbsp;<\/p>\n<ul class=\"arrowlist\">\n<li><b>VINO RAJAKOVI\u0106<\/b><\/li>\n<\/ul>\n<p>Kra\u0161i\u0107 48<\/p>\n<p>10 454 Kra\u0161i\u0107<\/p>\n<p>Tel: 01\/627-01-59<\/p>\n<p>Vl. Josip Rajakovi\u0107<\/p>\n<p><b><br \/>\n<\/b><\/p>\n<p><b>\u00a0<\/b><\/p>\n<ul class=\"arrowlist\">\n<li><b>DRAGUTIN NOVOSEL<\/b><\/li>\n<\/ul>\n<p>Jezerine 13<\/p>\n<p>10 454 Kra\u0161i\u0107<\/p>\n<p>Tel: 01\/627-02-21<\/p>\n<p>&nbsp;<\/p>\n<ul class=\"arrowlist\">\n<li><b>VINA \u0160POLJAR \u2013 BARUNDI\u0106<\/b><\/li>\n<\/ul>\n<p>Brezari\u0107 24<\/p>\n<p>10 454 Kra\u0161i\u0107<\/p>\n<p>Tel:\u00a0\u00a0\u00a0 01\/627-00-50<\/p>\n<p>Mob: 091\/627-00-50<\/p>\n<p>E-mail: <a href=\"mailto:barundic@gmail.com\">barundic@gmail.com<\/a><\/p>\n<p>Vl. Mara \u0160poljar \u2013 Barundi\u0107<\/p>\n<p>Josip Barundi\u0107<\/p>\n<p>&nbsp;<\/p>\n<p>&nbsp;<\/p>\n<ul class=\"arrowlist\">\n<li><b>MLADINA d.d. PODRUM KRA\u0160I\u0106<\/b><\/li>\n<\/ul>\n<p>Kra\u0161i\u0107 b.b.<\/p>\n<p>10 454 Kra\u0161i\u0107<\/p>\n<p><img loading=\"lazy\" class=\"aligncenter\" alt=\"divider\" src=\"http:\/\/tzokrasic.hr\/wp-content\/uploads\/2013\/10\/divider.png\" width=\"576\" height=\"12\" \/><\/p>\n<\/p><\/div>\n<\/p><\/div>\n<\/p><\/div>\n<div id=\"tab-1380883540-2-74\" class=\"wpb_tab ui-tabs-panel wpb_ui-tabs-hide clearfix\">\n<div class=\"wpb_text_column wpb_content_element \">\n<div class=\"wpb_wrapper\">\n<p><img loading=\"lazy\" class=\"aligncenter\" alt=\"divider\" src=\"http:\/\/tzokrasic.hr\/wp-content\/uploads\/2013\/10\/divider.png\" width=\"576\" height=\"12\" \/><\/p>\n<p>&nbsp;<\/p>\n<ul class=\"arrowlist\">\n<li><span style=\"color: #339966;\"><b>ETNO KU\u0106A MRZLJAK<\/b><\/span><\/li>\n<\/ul>\n<p style=\"text-align: justify;\"><a href=\"http:\/\/tzokrasic.hr\/wp-content\/uploads\/2013\/10\/MRZLJAKI.jpg\"><img loading=\"lazy\" class=\"alignleft size-medium wp-image-623\" alt=\"MRZLJAKI\" src=\"http:\/\/tzokrasic.hr\/wp-content\/uploads\/2013\/10\/MRZLJAKI-300x222.jpg\" width=\"300\" height=\"222\" srcset=\"https:\/\/tzokrasic.hr\/wp-content\/uploads\/2013\/10\/MRZLJAKI-300x222.jpg 300w, https:\/\/tzokrasic.hr\/wp-content\/uploads\/2013\/10\/MRZLJAKI-1024x759.jpg 1024w, https:\/\/tzokrasic.hr\/wp-content\/uploads\/2013\/10\/MRZLJAKI-600x445.jpg 600w, https:\/\/tzokrasic.hr\/wp-content\/uploads\/2013\/10\/MRZLJAKI-200x148.jpg 200w\" sizes=\"(max-width: 300px) 100vw, 300px\" \/><\/a>Stara ku\u0107a obitelji Mrzljak je prostor koji svakako morate vidjeti prilikom posjeta Kra\u0161i\u0107u. Nalazi se svega tristotinjak metara od sredi\u0161ta mjesta.<\/p>\n<p style=\"text-align: justify;\">Ure\u0111ena je tako da do\u010darava kako se \u017eivjelo prije stotinu godina, a temeljni prostor \u010dini etno zbirka predmeta koji su nekad\u00a0 bile u upotrebi.<\/p>\n<p style=\"text-align: justify;\">Svakako posebno zanimljiva je orginalna kuhinja, spava\u0107a soba, razni komadi oru\u017eja i ostalog. Utoj staroj hi\u017ei je \u017eivjela sestra kardinala Stepinca i u\u00a0 njoj su se okupljali rodoljubi i doma\u0107i u\u010deni ljudi.<\/p>\n<p>&nbsp;<\/p>\n<p>&nbsp;<\/p>\n<ul class=\"arrowlist\">\n<li><span style=\"color: #339966;\"><b>RODNA KU\u0106A BLA\u017dENOG ALOJZIJA STEPINCA<\/b><\/span><\/li>\n<\/ul>\n<h5>Kulturno dobro<\/h5>\n<p style=\"text-align: justify;\"><a href=\"http:\/\/tzokrasic.hr\/wp-content\/uploads\/2013\/10\/kucastep.jpg\"><img loading=\"lazy\" class=\"alignleft  wp-image-1122\" alt=\"kucastep\" src=\"http:\/\/tzokrasic.hr\/wp-content\/uploads\/2013\/10\/kucastep-300x200.jpg\" width=\"200\" height=\"133\" srcset=\"https:\/\/tzokrasic.hr\/wp-content\/uploads\/2013\/10\/kucastep-300x200.jpg 300w, https:\/\/tzokrasic.hr\/wp-content\/uploads\/2013\/10\/kucastep-200x133.jpg 200w, https:\/\/tzokrasic.hr\/wp-content\/uploads\/2013\/10\/kucastep.jpg 600w\" sizes=\"(max-width: 200px) 100vw, 200px\" \/><\/a>Rodna ku\u0107a bla\u017eenog Alojzija Stepinca\u00a0 se nalazi u nedalekom Brezari\u0107u i ona je vlasni\u0161tvo daljnjih ro\u0111aka bla\u017eenog Alojzija Stepinca.<\/p>\n<p style=\"text-align: justify;\">Zalaganjem\u00a0 i marom gospo\u0111e Mirice Stepinac \u00a0ku\u0107a se uspjela sa\u010duvati od uru\u0161avanja i daljnjeg propadanja. Polako se renoviraju zidovi, stubi\u0161te i dvori\u0161te. Za posjetitelje je\u00a0 ve\u0107 i ure\u0111ena \u00a0spomen soba Alojzija Stepinca koja odi\u0161e skladom i mirom pro\u0161lih vremena.<\/p>\n<p style=\"text-align: justify;\"><img loading=\"lazy\" class=\"alignright  wp-image-625\" alt=\"RODNA-UNUTRA\" src=\"http:\/\/tzokrasic.hr\/wp-content\/uploads\/2013\/10\/RODNA-UNUTRA-227x300.jpg\" width=\"136\" height=\"180\" srcset=\"https:\/\/tzokrasic.hr\/wp-content\/uploads\/2013\/10\/RODNA-UNUTRA-227x300.jpg 227w, https:\/\/tzokrasic.hr\/wp-content\/uploads\/2013\/10\/RODNA-UNUTRA-775x1024.jpg 775w, https:\/\/tzokrasic.hr\/wp-content\/uploads\/2013\/10\/RODNA-UNUTRA-600x792.jpg 600w, https:\/\/tzokrasic.hr\/wp-content\/uploads\/2013\/10\/RODNA-UNUTRA-151x200.jpg 151w, https:\/\/tzokrasic.hr\/wp-content\/uploads\/2013\/10\/RODNA-UNUTRA.jpg 1177w\" sizes=\"(max-width: 136px) 100vw, 136px\" \/>Ova ku\u0107a zajedno sa gospodarskim zgradama je upisana u Registar kulturnih dobara Republike Hrvatske i sada gotovo sigurno znamo da\u00a0 \u0107e biti sa\u010duvana od propadanja i zaborava.<\/p>\n<p>Dru\u017eba bra\u0107e hrvatskog zmaja su postavili spomen plo\u010du bla\u017eenom Alojziju Stepinac kao svom po\u010dasnom \u010dlanu \u201eZmaju od Baka\u010deve kule\u201c<\/p>\n<p>&nbsp;<\/p>\n<p>&nbsp;<\/p>\n<ul class=\"arrowlist\">\n<li><span style=\"color: #339966;\"><b>Kulturno umjetni\u010dko dru\u0161tvo<\/b><\/span><\/li>\n<\/ul>\n<p><img loading=\"lazy\" class=\" wp-image-629 alignleft\" alt=\"IMG_2003\" src=\"http:\/\/tzokrasic.hr\/wp-content\/uploads\/2013\/10\/IMG_2003-300x200.jpg\" width=\"198\" height=\"132\" srcset=\"https:\/\/tzokrasic.hr\/wp-content\/uploads\/2013\/10\/IMG_2003-300x200.jpg 300w, https:\/\/tzokrasic.hr\/wp-content\/uploads\/2013\/10\/IMG_2003-600x400.jpg 600w, https:\/\/tzokrasic.hr\/wp-content\/uploads\/2013\/10\/IMG_2003-200x133.jpg 200w, https:\/\/tzokrasic.hr\/wp-content\/uploads\/2013\/10\/IMG_2003.jpg 900w\" sizes=\"(max-width: 198px) 100vw, 198px\" \/>Kulturno umjetni\u010dko dru\u0161tvo \u201eJosip Torbar\u201c nastavlja \u010duvati i prenositi na budu\u0107e generacije \u00a0bogatstvo pjesme, obi\u010daja i narodnih no\u0161nji iz Kra\u0161i\u0107kog kraja.<\/p>\n<p>Ime je dobila po Dr. Josipu Torbaru.<\/p>\n<p>&nbsp;<\/p>\n<p>&nbsp;<\/p>\n<p style=\"text-align: center;\"><img loading=\"lazy\" class=\"aligncenter\" alt=\"divider\" src=\"http:\/\/tzokrasic.hr\/wp-content\/uploads\/2013\/10\/divider.png\" width=\"576\" height=\"12\" \/><\/p>\n<p style=\"text-align: left;\">\n<ul class=\"arrowlist\">\n<li>\n<h4><span style=\"color: #008000;\">SEOSKA IMANJA<\/span><\/h4>\n<\/li>\n<\/ul>\n<p>Nezaboravan do\u017eivljaj sela !<\/p>\n<p>&nbsp;<\/p>\n<ul class=\"arrowlist\">\n<li><strong>OBITELJSKO GOSPODARSTVO \u0160IMANOVI\u0106<\/strong><\/li>\n<\/ul>\n<p class=\"MsoNormal\">Kostel Pribi\u0107ki 5<\/p>\n<p class=\"MsoNormal\">10 454 Kra\u0161i\u0107<\/p>\n<p class=\"MsoNormal\"><span style=\"mso-spacerun: yes;\">\u00a0<\/span>Tel: <span style=\"mso-spacerun: yes;\">\u00a0\u00a0\u00a0\u00a0\u00a0\u00a0<\/span>01\/627-02-44<\/p>\n<p class=\"MsoNormal\">Fax:<span style=\"mso-spacerun: yes;\">\u00a0\u00a0 <\/span><span style=\"mso-spacerun: yes;\">\u00a0<\/span><span style=\"mso-spacerun: yes;\">\u00a0\u00a0\u00a0<\/span>01\/628-31-85<\/p>\n<p class=\"MsoNormal\">Mob: <span style=\"mso-spacerun: yes;\">\u00a0<\/span><span style=\"mso-spacerun: yes;\">\u00a0\u00a0<\/span>099\/668-94-93<\/p>\n<p class=\"MsoNormal\"><span style=\"mso-spacerun: yes;\">\u00a0\u00a0\u00a0\u00a0\u00a0\u00a0\u00a0\u00a0\u00a0 <\/span><span style=\"mso-spacerun: yes;\">\u00a0<\/span><span style=\"mso-spacerun: yes;\">\u00a0<\/span><span style=\"mso-spacerun: yes;\">\u00a0\u00a0<\/span>098\/382-408<\/p>\n<p class=\"MsoNormal\">e-mail: <a href=\"mailto:zeljko.simanovic@zg.t-com.hr\">zeljko.simanovic@zg.t-com.hr<\/a><\/p>\n<p class=\"MsoNormal\">\u00a0Vl. Stjepan i Zeljko \u0160imanovi\u0107<\/p>\n<p class=\"MsoNormal\"><a href=\"http:\/\/www.vino-simanovic.frerscreator.com\">www.vino-simanovic.frerscreator.com<\/a><\/p>\n<p>&nbsp;<\/p>\n<ul class=\"arrowlist\">\n<li><strong>SEOSKI TURIZAM MEDVEN<\/strong><\/li>\n<\/ul>\n<p class=\"MsoNormal\">\u010cunkova Draga 19<\/p>\n<p class=\"MsoNormal\">10 455 Kostanjevac<\/p>\n<p class=\"MsoNormal\">\u00a0Tel: <span style=\"mso-spacerun: yes;\">\u00a0\u00a0<\/span>01\/627-06-65<\/p>\n<p class=\"MsoNormal\"><span style=\"mso-spacerun: yes;\">\u00a0\u00a0\u00a0\u00a0\u00a0\u00a0\u00a0 <\/span><span style=\"mso-spacerun: yes;\">\u00a0\u00a0\u00a0<\/span>01\/627-03-47<\/p>\n<p class=\"MsoNormal\">Mob: 098\/920-18-76<\/p>\n<p class=\"MsoNormal\"><b style=\"mso-bidi-font-weight: normal;\">\u00a0<\/b><\/p>\n<ul class=\"arrowlist\">\n<li><strong>OPG \u0160POLJAR \u2013 BARUNDI\u0106<\/strong><\/li>\n<\/ul>\n<p class=\"MsoNormal\">Brezari\u0107 24<\/p>\n<p class=\"MsoNormal\">10 454 Kra\u0161i\u0107<\/p>\n<p class=\"MsoNormal\">\u00a0Tel:<span style=\"mso-spacerun: yes;\">\u00a0\u00a0\u00a0\u00a0\u00a0 <\/span>01\/627-00-50<\/p>\n<p class=\"MsoNormal\">Mob:<span style=\"mso-spacerun: yes;\">\u00a0 <\/span>091\/627-00-50<\/p>\n<p class=\"MsoNormal\">E-mail: <a href=\"mailto:barundic@gmail.com\">barundic@gmail.com<\/a><\/p>\n<p class=\"MsoNormal\">\u00a0Vl. Mara \u0160poljar \u2013Barundi\u0107<\/p>\n<p class=\"MsoNormal\"><span style=\"color: #ffffff;\">.<\/span><\/p>\n<ul class=\"arrowlist\">\n<li><strong>POLJOPRIVREDNO GOSPODARSTVO \u0160O\u0160TARI\u0106<\/strong><\/li>\n<\/ul>\n<p class=\"MsoNormal\">Pribi\u0107 27<\/p>\n<p class=\"MsoNormal\">10 454 Kra\u0161i\u0107<\/p>\n<p class=\"MsoNormal\">\u00a0Vl. Janko \u0160o\u0161tari\u0107<\/p>\n<p class=\"MsoNormal\"><span style=\"color: #ffffff;\">.<\/span><\/p>\n<ul class=\"arrowlist\">\n<li><strong>OPG JARNE\u010cI\u0106, uzgoj konja<\/strong><\/li>\n<\/ul>\n<p class=\"MsoNormal\">Krupa\u010de 13<\/p>\n<p class=\"MsoNormal\">10 454 Kra\u0161i\u0107<\/p>\n<p class=\"MsoNormal\">\u00a0Vl. Ivan Jarne\u010di\u0107<\/p>\n<p class=\"MsoNormal\"><span style=\"color: #ffffff;\">.<\/span><\/p>\n<ul class=\"arrowlist\">\n<li><strong>OPG \u0160VALJ, proizvodnja mlijeka<\/strong><\/li>\n<\/ul>\n<p class=\"MsoNormal\">Ku\u010der 6<\/p>\n<p class=\"MsoNormal\">10 454 Kra\u0161i\u0107<\/p>\n<p class=\"MsoNormal\">\u00a0Mob:<span style=\"mso-spacerun: yes;\">\u00a0\u00a0 <\/span>099\/414-78-54<\/p>\n<p class=\"MsoNormal\">\u00a0Vl. Mirjana Pu\u017ein &#8211; \u0160valj<\/p>\n<p class=\"MsoNormal\"><span style=\"color: #ffffff;\">.<\/span><\/p>\n<ul class=\"arrowlist\">\n<li><strong>OPG MU\u0160KOVAC, prozvodnja mlijeka<\/strong><\/li>\n<\/ul>\n<p class=\"MsoNormal\">Konjari\u0107 vrh 17<\/p>\n<p class=\"MsoNormal\">10 454 Kra\u0161i\u0107<\/p>\n<p class=\"MsoNormal\">Vl. Drago Mu\u0161kovac<\/p>\n<p class=\"MsoNormal\"><\/div>\n<\/p><\/div>\n<\/p><\/div>\n<div id=\"tab-1382681892060-2-2\" class=\"wpb_tab ui-tabs-panel wpb_ui-tabs-hide clearfix\">\n<div class=\"wpb_text_column wpb_content_element \">\n<div class=\"wpb_wrapper\">\n<p><b>KUD \u201eJOSIP TORBAR\u201c KRA\u0160I\u0106<\/b><\/p>\n<p>Kra\u0161i\u0107 101<\/p>\n<p>10 454 Kra\u0161i\u0107<\/p>\n<p>E-mail: <a href=\"mailto:kud.josiptorbar@gmail.com\">kud.josiptorbar@gmail.com<\/a><\/p>\n<p>Predsjednik: Matija Benkovi\u0107<\/p>\n<p>&nbsp;<\/p>\n<p><b>KUD \u201eRADILOVAC\u201c<\/b><\/p>\n<p>Pu\u0161karov Jarak br. 7 a<\/p>\n<p>10 454 Kra\u0161i\u0107<\/p>\n<p>Predsjednica: Marija Pu\u0161kar<\/p>\n<p>&nbsp;<\/p>\n<p>&nbsp;<\/p>\n<p><b>UDRUGA \u201eU.Z.O.R\u201c \u00a0KRA\u0160I\u0106<\/b><\/p>\n<p>Udruga za opstanak i razvoj Kra\u0161i\u0107kog kraja<\/p>\n<p>Kra\u0161i\u0107 101<\/p>\n<p>10 454 Kra\u0161i\u0107<\/p>\n<p>Telefon: 01\/627-00-48<\/p>\n<p>Predsjednica : Katarina Stepinac<\/p>\n<\/p><\/div>\n<\/p><\/div>\n<\/p><\/div>\n<div id=\"tab-1393830162199-3-1\" class=\"wpb_tab ui-tabs-panel wpb_ui-tabs-hide clearfix\">\n<div class=\"wpb_text_column wpb_content_element \">\n<div class=\"wpb_wrapper\">\n<p><strong><\/strong><\/p>\n<ul class=\"arrowlist\">\n<li><strong>MM MESNA INDUSTRIJA\u00a0 d.o.o.<br \/>\n<\/strong><\/li>\n<\/ul>\n<p><strong><img loading=\"lazy\" class=\"alignright size-full wp-image-1161\" alt=\"logoside\" src=\"http:\/\/tzokrasic.hr\/wp-content\/uploads\/2013\/10\/logoside.png\" width=\"250\" height=\"122\" srcset=\"https:\/\/tzokrasic.hr\/wp-content\/uploads\/2013\/10\/logoside.png 250w, https:\/\/tzokrasic.hr\/wp-content\/uploads\/2013\/10\/logoside-200x97.png 200w\" sizes=\"(max-width: 250px) 100vw, 250px\" \/><\/strong>Gornje Prekri\u017eje 4, Kra\u0161i\u0107<\/p>\n<p><strong>DIREKTOR DRU\u0160TVA <\/strong><br \/>\nMILIVOJ MEDVEN<br \/>\nTEL: 01\/6270-258<br \/>\nFAX: 01\/6270 \u2013 498<br \/>\nGSM: +385(0)98 211-103<br \/>\nMAIL: <a href=\"mailto:milivoj@mm-medven.com\">milivoj@mm-medven.com<\/a><\/p>\n<p>_______________________________________________________________________<\/p>\n<\/p><\/div>\n<\/p><\/div>\n<\/p><\/div>\n<\/p><\/div>\n<\/p><\/div>\n<\/p><\/div>\n<\/p><\/div>\n<\/div>\n","protected":false},"excerpt":{"rendered":"EKOETNOTRADICIJAKRA\u0160I\u010cKI PODUZETNICI &nbsp; KRA\u0160I\u010cKI VINARI VINO \u00a0\u0160IMANOVI\u0106 Kostel Pribi\u0107ki 5 10 454 Kra\u0161i\u0107 Tel: \u00a0\u00a0\u00a0\u00a0\u00a0\u00a001\/627-02-44 Fax: \u00a0\u00a0\u00a0\u00a0\u00a001\/628-31-85 Mob: \u00a0\u00a0\u00a0099\/668-94-93 098\/882-408 e-mail: zeljko.simanovic@zg.t-com.hr Vl. Stjepan i \u017deljko \u0160imanovi\u0107 www.vino-simanovic.freshcreator.com &nbsp; &nbsp; VINO RAJAKOVI\u0106 Kra\u0161i\u0107 48 10 454 Kra\u0161i\u0107 Tel: 01\/627-01-59 Vl. Josip Rajakovi\u0107 \u00a0 DRAGUTIN NOVOSEL Jezerine 13 10 454 Kra\u0161i\u0107 Tel: 01\/627-02-21 &nbsp; VINA \u0160POLJAR [...]","protected":false},"author":1,"featured_media":117,"parent":0,"menu_order":0,"comment_status":"open","ping_status":"open","template":"","meta":{"ngg_post_thumbnail":0},"_links":{"self":[{"href":"https:\/\/tzokrasic.hr\/index.php?rest_route=\/wp\/v2\/pages\/347"}],"collection":[{"href":"https:\/\/tzokrasic.hr\/index.php?rest_route=\/wp\/v2\/pages"}],"about":[{"href":"https:\/\/tzokrasic.hr\/index.php?rest_route=\/wp\/v2\/types\/page"}],"author":[{"embeddable":true,"href":"https:\/\/tzokrasic.hr\/index.php?rest_route=\/wp\/v2\/users\/1"}],"replies":[{"embeddable":true,"href":"https:\/\/tzokrasic.hr\/index.php?rest_route=%2Fwp%2Fv2%2Fcomments&post=347"}],"version-history":[{"count":31,"href":"https:\/\/tzokrasic.hr\/index.php?rest_route=\/wp\/v2\/pages\/347\/revisions"}],"predecessor-version":[{"id":1166,"href":"https:\/\/tzokrasic.hr\/index.php?rest_route=\/wp\/v2\/pages\/347\/revisions\/1166"}],"wp:featuredmedia":[{"embeddable":true,"href":"https:\/\/tzokrasic.hr\/index.php?rest_route=\/wp\/v2\/media\/117"}],"wp:attachment":[{"href":"https:\/\/tzokrasic.hr\/index.php?rest_route=%2Fwp%2Fv2%2Fmedia&parent=347"}],"curies":[{"name":"wp","href":"https:\/\/api.w.org\/{rel}","templated":true}]}}