{"id":372,"date":"2013-10-04T11:31:00","date_gmt":"2013-10-04T11:31:00","guid":{"rendered":"http:\/\/tzokrasic.hr\/?page_id=372"},"modified":"2013-10-15T08:18:55","modified_gmt":"2013-10-15T08:18:55","slug":"okruzenje","status":"publish","type":"page","link":"https:\/\/tzokrasic.hr\/?page_id=372","title":{"rendered":"Okru\u017eenje"},"content":{"rendered":"<p><span style=\"color: #ffffff;\">.<\/span><\/p>\n<ul class=\"arrowlist\">\n<li style=\"text-align: left;\"><strong>PARK PRIRODE \u017dUMBERAK<\/strong><\/li>\n<\/ul>\n<p><a href=\"http:\/\/www.park-zumberak.hr\" target=\"_blank\">www.park-zumberak.hr<\/a><\/p>\n<p style=\"text-align: justify;\"><a href=\"www.park-zumberak.hr\"><img loading=\"lazy\" class=\"wp-image-557 alignleft\" alt=\"logo_ppzumberak\" src=\"http:\/\/tzokrasic.hr\/wp-content\/uploads\/2013\/10\/logo_ppzumberak.png\" width=\"141\" height=\"123\" \/><\/a><strong>Podru\u010dje \u017dumberka i Samoborskog gorja<\/strong> 28.svibnja 1999. Odlukom Hrvatskog sabora progla\u0161eno je za\u0161ti\u0107enom prirodnom vrijedno\u0161\u0107u: Parkom prirode. Park prirode je prostrano prirodno ili dijelom kultivirano podru\u010dje kopna i\/ili mora s ekolo\u0161kim obilje\u017ejima me\u0111unarodne i nacionalne va\u017enosti, s nagla\u0161enim krajobraznim, odgojno &#8211; obrazovnim, kulturno-povijesnim i turisti\u010dko-rekreacijskim vrijednostima.<\/p>\n<p>\u00a0<\/p>\n<div class=\"su-spacer\" style=\"height:25px\"><\/div>\n<ul class=\"arrowlist\">\n<li><strong>JASTREBARSKO<\/strong><\/li>\n<\/ul>\n<p><a href=\"http:\/\/www.tzgj.hr\" target=\"_blank\">www.tzgj.hr<\/a><\/p>\n<p style=\"text-align: justify;\"><a href=\"http:\/\/www.tzgj.hr\"><img loading=\"lazy\" class=\"size-full wp-image-565 alignleft\" alt=\"logoj\" src=\"http:\/\/tzokrasic.hr\/wp-content\/uploads\/2013\/10\/logoj.png\" width=\"117\" height=\"111\" \/><\/a><strong>Jastrebarsko<\/strong> je gradi\u0107 na pola puta izme\u0111u Zagreba i Karlovca, na pola puta izme\u0111u urbanog i ruralnog, na pola puta izme\u0111u mira i gradske vreve, a te puteve spaja u jedan idili\u010dni kraj s posebnom du\u0161om i doma\u0107om atmosferom.<\/p>\n<p style=\"text-align: justify;\">\u00a0<\/p>\n<div class=\"su-spacer\" style=\"height:20px\"><\/div>\n<p>&nbsp;<\/p>\n<div class=\"homebox\"><\/div>\n<p>&nbsp;<\/p>\n<ul class=\"arrowlist\">\n<li><strong>ZAGREB<\/strong><\/li>\n<\/ul>\n<p><a href=\"http:\/\/www.zagreb-touristinfo.hr\" target=\"_blank\">www.zagreb-touristinfo.hr<\/a><\/p>\n<p>&nbsp;<\/p>\n<p><a href=\"http:\/\/www.zagreb-touristinfo.hr\/\"><img loading=\"lazy\" class=\"wp-image-562 alignleft\" alt=\"h_logo\" src=\"http:\/\/tzokrasic.hr\/wp-content\/uploads\/2013\/10\/h_logo.png\" width=\"143\" height=\"60\" \/><\/a><\/p>\n<p style=\"text-align: justify;\"><strong>Dobro do\u0161li u Zagreb<\/strong>, glavni grad Republike Hrvatske! Zagreb je stari srednjoeuropski grad. Stolje\u0107ima se razvijao kao bogato kulturno i znanstveno te sna\u017eno trgova\u010dko i gospodarsko sredi\u0161te. Nalazi se na sjeci\u0161tu va\u017enih prometnica izme\u0111u jadranske obale i srednje Europe.<\/p>\n<p style=\"text-align: justify;\">\u00a0<\/p>\n<div class=\"su-spacer\" style=\"height:25px\"><\/div>\n<p>&nbsp;<\/p>\n<ul class=\"arrowlist\">\n<li><strong>SAMOBOR<\/strong><\/li>\n<\/ul>\n<p><a href=\"http:\/\/www.tz-samobor.hr\" target=\"_blank\"> www.tz-samobor.hr<\/a><\/p>\n<p style=\"text-align: justify;\"><a href=\"http:\/\/www.tz-samobor.hr\"><img loading=\"lazy\" class=\"alignleft size-full wp-image-568\" alt=\"logos\" src=\"http:\/\/tzokrasic.hr\/wp-content\/uploads\/2013\/10\/logos.png\" width=\"145\" height=\"84\" \/><\/a><strong>\u017dumberak i Samoborsko gorje<\/strong> svojom o\u010duvanom prirodom, bogatstvom \u0161uma, livada i pa\u0161njaka, gorskih vrhova i zaravni, izvora i potoka, \u0161pilja te arheolo\u0161kih i sakralnih lokaliteta ve\u0107 desetlje\u0107ima privla\u010de brojne planinare i izletnike koji tra\u017ee svoju oazu mira i ljepote.<\/p>\n<p style=\"text-align: justify;\">\u00a0<\/p>\n<div class=\"su-spacer\" style=\"height:25px\"><\/div>\n<p>&nbsp;<\/p>\n<ul class=\"arrowlist\">\n<li><strong>KARLOVAC<\/strong><\/li>\n<\/ul>\n<p><a href=\"http:\/\/www.karlovac-touristinfo.hr\" target=\"_blank\"> www.karlovac-touristinfo.hr<\/a><\/p>\n<p style=\"text-align: justify;\"><a href=\"http:\/\/www.karlovac-touristinfo.hr\"><img loading=\"lazy\" class=\"alignleft size-full wp-image-567\" alt=\"logok\" src=\"http:\/\/tzokrasic.hr\/wp-content\/uploads\/2013\/10\/logok.png\" width=\"145\" height=\"84\" \/><\/a><strong>Grad Karlovac<\/strong> smjestio se u srcu Hrvatske na mjestu gdje se doti\u010du nizinski i gorski dijelovi, na sutoku \u010detiri rijeke &#8211; Korane, Kupe, Mre\u017enice i Dobre. Podignut je u 16. st. u svrhu obrane od turskih osvaja\u010da kao jedinstvena gradska jezgra u obliku \u0161esterokrake zvijezde.<\/p>\n<p style=\"text-align: justify;\">\u00a0<\/p>\n<div class=\"su-spacer\" style=\"height:25px\"><\/div>\n<p>&nbsp;<\/p>\n<ul class=\"arrowlist\">\n<li><strong>OZALJ<\/strong><\/li>\n<\/ul>\n<p><a href=\"http:\/\/www.ozalj-tz.hr\" target=\"_blank\"> www.ozalj-tz.hr<\/a><\/p>\n<p style=\"text-align: justify;\"><a href=\"http:\/\/www.ozalj-tz.hr\"><img loading=\"lazy\" class=\"alignleft size-full wp-image-570\" alt=\"logoo\" src=\"http:\/\/tzokrasic.hr\/wp-content\/uploads\/2013\/10\/logoo.png\" width=\"145\" height=\"84\" \/><\/a><strong>Ozalj<\/strong>, gradi\u0107 na prijelazu Kupe iz brdskog u ravni\u010darski tok, niknuo je izme\u0111u \u0161umovitih bre\u017euljaka i smaragdne rijeke. Na vapnena\u010dkoj stijeni, ponad tihe, zrcalne Kupe, ponosno stoji zrinsko-frankopanski Stari grad, simbol Ozlja i srce njegovoga povijesnog razvitka. Nad njim lebdi duh zrinsko-frankopanskog kulta, duh drevnog izvori\u0161ta hrvatske opstojnosti i samobitnosti.<\/p>\n<p style=\"text-align: justify;\">\u00a0<\/p>\n<div class=\"su-spacer\" style=\"height:25px\"><\/div>\n<p>&nbsp;<\/p>\n<ul class=\"arrowlist\">\n<li><strong>DUGA RESA<\/strong><\/li>\n<\/ul>\n<p><a href=\"http:\/\/www.tz-dugaresa.hr\" target=\"_blank\"> www.tz-dugaresa.hr<\/a><\/p>\n<p style=\"text-align: justify;\"><a href=\"http:\/\/www.tz-dugaresa.hr\"><img loading=\"lazy\" class=\"alignleft size-full wp-image-575\" alt=\"logodr\" src=\"http:\/\/tzokrasic.hr\/wp-content\/uploads\/2013\/10\/logodr.png\" width=\"145\" height=\"84\" \/><\/a>Ovaj zanimljivi gradi\u0107 smjestio se na obalama rijeke Mre\u017enice, jedinstvenog bisera prirodne ba\u0161tine kontinentalne Hrvatske. Duga Resa je odavno prepoznata kao vode\u0107a destinacija kontinentalnog turizma \u0161to nimalo ne \u010dudi s obzirom da je izgra\u0111ena na obalama pravog rije\u010dnog dragulja, rijeke Mre\u017enice a u srcu sredi\u0161nje Hrvatske.<\/p>\n<p style=\"text-align: justify;\">\u00a0<\/p>\n<div class=\"su-spacer\" style=\"height:25px\"><\/div>\n<p>&nbsp;<\/p>\n<ul class=\"arrowlist\">\n<li><strong>NACIONALNI PARK PLITIV\u010cKA JEZERA<\/strong><\/li>\n<\/ul>\n<p><a href=\"http:\/\/www.np-plitvicka-jezera.hr\/\"> www.np-plitivicka\u2013jezera.hr<\/a><\/p>\n<p style=\"text-align: justify;\"><a href=\"http:\/\/www.np-plitivicka\u2013jezera.hr\"><img loading=\"lazy\" class=\"alignleft size-full wp-image-573\" alt=\"logop\" src=\"http:\/\/tzokrasic.hr\/wp-content\/uploads\/2013\/10\/logop.png\" width=\"145\" height=\"84\" \/><\/a>Nacionalni park Plitvi\u010dka jezera otvoren je cijele godine za posjete. Zona obilaska prostire se ve\u0107im dijelom uz jezera i slapove, a posjetiteljima su na raspolaganju i planinarska te 2 pou\u010dne staze. Podru\u010dje Nacionalnog parka Plitvi\u010dka jezera dio je Dinarskog kr\u0161kog podru\u010dja te pripada jednoj od najdojmljivijih kr\u0161kih cjelina u svijetu.<\/p>\n<p style=\"text-align: justify;\">\u00a0<\/p>\n<div class=\"su-spacer\" style=\"height:25px\"><\/div>\n<ul class=\"arrowlist\">\n<li><strong>SLUNJ<\/strong><\/li>\n<\/ul>\n<p><a href=\"http:\/\/www.tz-slunj.hr\" target=\"_blank\"> www.tz-slunj.hr<\/a><\/p>\n<p style=\"text-align: justify;\"><a href=\"http:\/\/www.tz-slunj.hr\"><img loading=\"lazy\" class=\"alignleft size-full wp-image-580\" alt=\"logoslu\" src=\"http:\/\/tzokrasic.hr\/wp-content\/uploads\/2013\/10\/logoslu.png\" width=\"145\" height=\"84\" \/><\/a><strong>Rastoke<\/strong>\u00a0su nastale igrom prirode na utoku rijeke Slunj\u010dice u rijeku Koranu. Priroda se poigrala modrozelenim vodama rijeke Slunj\u010dice i rasto\u010dila ih u mno\u0161tvo pr\u0161tavih slapova i slapi\u0107a od kojih su najljep\u0161i Buk, Hrvoje i Vilina kosa.<\/p>\n<p style=\"text-align: justify;\">\u00a0<\/p>\n<div class=\"su-spacer\" style=\"height:25px\"><\/div>\n<ul class=\"arrowlist\">\n<li><strong>TOPUSKO<\/strong><\/li>\n<\/ul>\n<p><a href=\"http:\/\/www.turizam-topusko.com\" target=\"_blank\"> www.turizam-topusko.com<\/a><\/p>\n<p style=\"text-align: justify;\"><strong><a href=\"http:\/\/www.turizam-topusko.com\"><img loading=\"lazy\" class=\"alignleft  wp-image-582\" alt=\"logotop\" src=\"http:\/\/tzokrasic.hr\/wp-content\/uploads\/2013\/10\/logotop.png\" width=\"145\" height=\"86\" \/><\/a>Topusko <\/strong>se nalazi sedamdesetak kilometara ju\u017eno od Zagreba, te izme\u0111u Karlovca i Siska. Okru\u017euje ga pitom bre\u017euljkast krajolik bujne vegetacije bogat manjim vodenim tokovima oko kojih se prostiru plodne nizine, a u brdskim krajevima obilje velikih \u0161uma i znatna rudna nalazi\u0161ta u koja ubrajamo i ljekovite termalne izvore u Topuskom<\/p>\n","protected":false},"excerpt":{"rendered":"<p>.<\/p>\n","protected":false},"author":1,"featured_media":436,"parent":0,"menu_order":0,"comment_status":"open","ping_status":"open","template":"","meta":{"ngg_post_thumbnail":0},"_links":{"self":[{"href":"https:\/\/tzokrasic.hr\/index.php?rest_route=\/wp\/v2\/pages\/372"}],"collection":[{"href":"https:\/\/tzokrasic.hr\/index.php?rest_route=\/wp\/v2\/pages"}],"about":[{"href":"https:\/\/tzokrasic.hr\/index.php?rest_route=\/wp\/v2\/types\/page"}],"author":[{"embeddable":true,"href":"https:\/\/tzokrasic.hr\/index.php?rest_route=\/wp\/v2\/users\/1"}],"replies":[{"embeddable":true,"href":"https:\/\/tzokrasic.hr\/index.php?rest_route=%2Fwp%2Fv2%2Fcomments&post=372"}],"version-history":[{"count":27,"href":"https:\/\/tzokrasic.hr\/index.php?rest_route=\/wp\/v2\/pages\/372\/revisions"}],"predecessor-version":[{"id":772,"href":"https:\/\/tzokrasic.hr\/index.php?rest_route=\/wp\/v2\/pages\/372\/revisions\/772"}],"wp:featuredmedia":[{"embeddable":true,"href":"https:\/\/tzokrasic.hr\/index.php?rest_route=\/wp\/v2\/media\/436"}],"wp:attachment":[{"href":"https:\/\/tzokrasic.hr\/index.php?rest_route=%2Fwp%2Fv2%2Fmedia&parent=372"}],"curies":[{"name":"wp","href":"https:\/\/api.w.org\/{rel}","templated":true}]}}