{"id":38,"date":"2013-07-24T12:48:52","date_gmt":"2013-07-24T12:48:52","guid":{"rendered":"http:\/\/tzokrasic.hr\/?page_id=38"},"modified":"2018-10-11T09:56:20","modified_gmt":"2018-10-11T09:56:20","slug":"dobrodosli-u-krasic","status":"publish","type":"page","link":"https:\/\/tzokrasic.hr\/","title":{"rendered":"Naslovna"},"content":{"rendered":"<div class=\"wpb_row vc_row-fluid\">\n<div class=\"vc_span12 wpb_column column_container\">\n<div class=\"wpb_wrapper\">\n<div class=\"wpb_text_column wpb_content_element \">\n<div class=\"wpb_wrapper\">\n<h5 style=\"text-align: justify;\"><span style=\"color: #ffffff;\">.<\/span><\/h5>\n<h5 style=\"text-align: justify;\"><span style=\"color: #4ca241;\">Stari putopisac ka\u017ee: \u201eNekako na pola puta prema \u017dumberku, u bogatom vinogradnom kraju i bujnom zelenilu, smjestilo se selo Kra\u0161i\u0107, privla\u010divo zbog svoje ljepote i prirodnog pejza\u017ea. Selo je dobilo ime po starom hrvatskom brastvu plemenitih ljudi, koje je tako prozvano po svom praocu Krai\u0161i\u201c<\/span><\/h5>\n<h5 style=\"text-align: right;\"><span style=\"color: #4ca241;\">(A: Benigar: Alojzije Stepinac, hrvatski kardinal)<\/span><\/h5>\n<div class=\"wpb_row vc_row-fluid\"><\/div>\n<div class=\"vc_span12 wpb_column column_container\">\n<div class=\"wpb_wrapper\"><\/div>\n<\/div>\n<div class=\"wpb_text_column wpb_content_element \">\n<div class=\"wpb_wrapper\"><\/div>\n<\/div>\n<h5 style=\"text-align: justify;\"><span style=\"color: #ffffff;\">.<\/span><\/h5>\n<\/p><\/div>\n<\/p><\/div>\n<\/p><\/div>\n<\/p><\/div>\n<\/div>\n<div class=\"wpb_row vc_row-fluid\">\n<div class=\"vc_span12 wpb_column column_container\">\n<div class=\"wpb_wrapper\">\n<div class=\"wpb_text_column wpb_content_element \">\n<div class=\"wpb_wrapper\">\n<p><img loading=\"lazy\" class=\"alignnone size-full wp-image-776\" src=\"http:\/\/tzokrasic.hr\/wp-content\/uploads\/2013\/07\/NOVOSTI-DIVIDER1.png\" alt=\"NOVOSTI DIVIDER1\" width=\"639\" height=\"50\" srcset=\"https:\/\/tzokrasic.hr\/wp-content\/uploads\/2013\/07\/NOVOSTI-DIVIDER1.png 639w, https:\/\/tzokrasic.hr\/wp-content\/uploads\/2013\/07\/NOVOSTI-DIVIDER1-300x23.png 300w, https:\/\/tzokrasic.hr\/wp-content\/uploads\/2013\/07\/NOVOSTI-DIVIDER1-600x46.png 600w, https:\/\/tzokrasic.hr\/wp-content\/uploads\/2013\/07\/NOVOSTI-DIVIDER1-200x15.png 200w\" sizes=\"(max-width: 639px) 100vw, 639px\" \/><\/p>\n<\/p><\/div>\n<\/p><\/div>\n<div class=\"wpb_text_column wpb_content_element \">\n<div class=\"wpb_wrapper\">\n<p><!--:hr--><\/p>\n<p style=\"text-align: left;\"><!-- BOF Special Recent Posts FREE Edition ver1.9.9 --><\/p>\n<h4 class=\"widget-title srp-widget-title\"><\/h4>\n<div class=\"srp-widget-container\">\n<div id=\"-srp-singlepost-1\" class=\"srp-widget-singlepost\">\n<div class=\"srp-thumbnail-box\"><a class=\"srp-widget-thmblink\" href=\"https:\/\/tzokrasic.hr\/?p=11683\" title=\"Nadolaze&#263;i doga&#273;aji\"><img src=\"https:\/\/tzokrasic.hr\/wp-content\/plugins\/special-recent-posts\/cache\/MTcwMTMwbm9JTUctMjAyNjA1MDItV0EwMDAyLTY4M3gxMDI0.jpg\" class=\"srp-widget-thmb\" width=\"170\" height=\"130\" alt=\"Nadolaze&#263;i doga&#273;aji\" \/><\/a><\/div>\n<div class=\"srp-content-box\">\n<h4 class=\"srp-post-title\"><a class=\"srp-post-title-link\" href=\"https:\/\/tzokrasic.hr\/?p=11683\" title=\"Nadolaze&#263;i doga&#273;aji\">Nadolaze&#263;i doga&#273;aji<\/a><\/h4>\n<p class=\"srp-widget-date\">04\/05\/2026<\/p>\n<p class=\"srp-widget-excerpt\">Nadolaze\u0107e doga\u0111aje prona\u0111ite u galeriji!<\/p>\n<p>&nbsp;<\/p>\n<p>&nbsp;<\/p>\n<p>&nbsp;<\/p>\n<p>&nbsp;<\/p>\n<p>&nbsp;<\/p>\n<p>&nbsp;<a class=\"srp-widget-stringbreak-link\" href=\"https:\/\/tzokrasic.hr\/?p=11683\" title=\"Nadolaze&#263;i doga&#273;aji\">&#8230;op&scaron;irnije<\/a>\n<\/div>\n<div style=\"clear:both; height: 0px;\"><\/div>\n<\/div>\n<div id=\"-srp-singlepost-2\" class=\"srp-widget-singlepost\">\n<div class=\"srp-thumbnail-box\"><a class=\"srp-widget-thmblink\" href=\"https:\/\/tzokrasic.hr\/?p=11670\" title=\"Nova direktorica Turisti&#269;ke zajednice Op&#263;ine Kra&scaron;i&#263;\"><img src=\"https:\/\/tzokrasic.hr\/wp-content\/plugins\/special-recent-posts\/cache\/MTcwMTMwbm82ODE5OTM2NTVfMTIyMDk3NjY1MzM2MzU3Nzk2XzYyODI2NTEyNTg1MDYwMjM4NV9uMg==.jpg\" class=\"srp-widget-thmb\" width=\"170\" height=\"130\" alt=\"Nova direktorica Turisti&#269;ke zajednice Op&#263;ine Kra&scaron;i&#263;\" \/><\/a><\/div>\n<div class=\"srp-content-box\">\n<h4 class=\"srp-post-title\"><a class=\"srp-post-title-link\" href=\"https:\/\/tzokrasic.hr\/?p=11670\" title=\"Nova direktorica Turisti&#269;ke zajednice Op&#263;ine Kra&scaron;i&#263;\">Nova direktorica Turisti&#269;ke zajednice Op&#263;ine Kra&scaron;i&#263;<\/a><\/h4>\n<p class=\"srp-widget-date\">27\/04\/2026<\/p>\n<p class=\"srp-widget-excerpt\">Danas je direktoricom Turisti\u010dke zajednice Op\u0107ine Kra\u0161i\u0107 postala Ines Mato\u0161.<\/p>\n<p>Na\u010delnica Op\u0107ine Kra\u0161i\u0107 Maja \u0160tajcer predala joj je svu potrebnu dokumentaciju i za\u017eeljela puno uspjeha u daljnjem radu.<a class=\"srp-widget-stringbreak-link\" href=\"https:\/\/tzokrasic.hr\/?p=11670\" title=\"Nova direktorica Turisti&#269;ke zajednice Op&#263;ine Kra&scaron;i&#263;\">&#8230;op&scaron;irnije<\/a>\n<\/div>\n<div style=\"clear:both; height: 0px;\"><\/div>\n<\/div>\n<div id=\"-srp-singlepost-3\" class=\"srp-widget-singlepost\">\n<div class=\"srp-thumbnail-box\"><a class=\"srp-widget-thmblink\" href=\"https:\/\/tzokrasic.hr\/?p=11662\" title=\"Popis kandidata koji ispunjavaju formalne uvjeta Javnog natje&#269;aja za direktora\/direktoricu Turisti&#269;ke zajednice Op&#263;ine Kra&scaron;i&#263; i Poziv za intervju\"><img src=\"https:\/\/tzokrasic.hr\/wp-content\/plugins\/special-recent-posts\/cache\/MTcwMTMwbm9hZG1pbi1hamF4.png\" class=\"srp-widget-thmb\" width=\"170\" height=\"130\" alt=\"Popis kandidata koji ispunjavaju formalne uvjeta Javnog natje&#269;aja za direktora\/direktoricu Turisti&#269;ke zajednice Op&#263;ine Kra&scaron;i&#263; i Poziv za intervju\" \/><\/a><\/div>\n<div class=\"srp-content-box\">\n<h4 class=\"srp-post-title\"><a class=\"srp-post-title-link\" href=\"https:\/\/tzokrasic.hr\/?p=11662\" title=\"Popis kandidata koji ispunjavaju formalne uvjeta Javnog natje&#269;aja za direktora\/direktoricu Turisti&#269;ke zajednice Op&#263;ine Kra&scaron;i&#263; i Poziv za intervju\">Popis kandidata koji ispunjavaju formalne uvjeta Javnog natje&#269;aja za direktora\/direktoricu Turisti&#269;ke zajednice Op&#263;ine Kra&scaron;i&#263; i Poziv za intervju<\/a><\/h4>\n<p class=\"srp-widget-date\">15\/04\/2026<\/p>\n<p class=\"srp-widget-excerpt\">&nbsp;<\/p>\n<p>DOKUMENTI ZA PREUZIMANJE:<\/p>\n<p> \tPopis kandidata koji ispunjavaju formalne uvjete Javnog natje\u010daja<br \/>\n \tObavijest &#8211; poziv za intervju<\/p>\n<p>&nbsp;<\/p>\n<p>&nbsp;<\/p>\n<p>&nbsp;<\/p>\n<p>&nbsp;<a class=\"srp-widget-stringbreak-link\" href=\"https:\/\/tzokrasic.hr\/?p=11662\" title=\"Popis kandidata koji ispunjavaju formalne uvjeta Javnog natje&#269;aja za direktora\/direktoricu Turisti&#269;ke zajednice Op&#263;ine Kra&scaron;i&#263; i Poziv za intervju\">&#8230;op&scaron;irnije<\/a>\n<\/div>\n<div style=\"clear:both; height: 0px;\"><\/div>\n<\/div>\n<div id=\"-srp-singlepost-4\" class=\"srp-widget-singlepost\">\n<div class=\"srp-thumbnail-box\"><a class=\"srp-widget-thmblink\" href=\"https:\/\/tzokrasic.hr\/?p=11655\" title=\"Javni natje&#269;aj za izbor i imenovanje direktora Turisti&#269;ke zajednice Op&#263;ine Kra&scaron;i&#263;\"><img src=\"https:\/\/tzokrasic.hr\/wp-content\/plugins\/special-recent-posts\/cache\/MTcwMTMwbm90em8ta3Jhc2lj.png\" class=\"srp-widget-thmb\" width=\"170\" height=\"130\" alt=\"Javni natje&#269;aj za izbor i imenovanje direktora Turisti&#269;ke zajednice Op&#263;ine Kra&scaron;i&#263;\" \/><\/a><\/div>\n<div class=\"srp-content-box\">\n<h4 class=\"srp-post-title\"><a class=\"srp-post-title-link\" href=\"https:\/\/tzokrasic.hr\/?p=11655\" title=\"Javni natje&#269;aj za izbor i imenovanje direktora Turisti&#269;ke zajednice Op&#263;ine Kra&scaron;i&#263;\">Javni natje&#269;aj za izbor i imenovanje direktora Turisti&#269;ke zajednice Op&#263;ine Kra&scaron;i&#263;<\/a><\/h4>\n<p class=\"srp-widget-date\">27\/03\/2026<\/p>\n<p class=\"srp-widget-excerpt\">\n \tJavni natje\u010daj za izbor i imenovanje direktora Turisti\u010dke zajednice Op\u0107ine Kra\u0161i\u0107 na mandatno razdoblje od \u010detiri godine<\/p>\n<p>&nbsp;<\/p>\n<p> \tOdluka o imenovanju \u010dlanova povjerenstva za provedbu javnog <a class=\"srp-widget-stringbreak-link\" href=\"https:\/\/tzokrasic.hr\/?p=11655\" title=\"Javni natje&#269;aj za izbor i imenovanje direktora Turisti&#269;ke zajednice Op&#263;ine Kra&scaron;i&#263;\">&#8230;op&scaron;irnije<\/a>\n<\/div>\n<div style=\"clear:both; height: 0px;\"><\/div>\n<\/div>\n<div id=\"-srp-singlepost-5\" class=\"srp-widget-singlepost\">\n<div class=\"srp-thumbnail-box\"><a class=\"srp-widget-thmblink\" href=\"https:\/\/tzokrasic.hr\/?p=11618\" title=\"SVE&#268;ANO OBILJE&#381;ENI DANI OP&#262;INE KRA&Scaron;I&#262;\"><img src=\"https:\/\/tzokrasic.hr\/wp-content\/plugins\/special-recent-posts\/cache\/MTcwMTMwbm90em8ta3Jhc2lj.png\" class=\"srp-widget-thmb\" width=\"170\" height=\"130\" alt=\"SVE&#268;ANO OBILJE&#381;ENI DANI OP&#262;INE KRA&Scaron;I&#262;\" \/><\/a><\/div>\n<div class=\"srp-content-box\">\n<h4 class=\"srp-post-title\"><a class=\"srp-post-title-link\" href=\"https:\/\/tzokrasic.hr\/?p=11618\" title=\"SVE&#268;ANO OBILJE&#381;ENI DANI OP&#262;INE KRA&Scaron;I&#262;\">SVE&#268;ANO OBILJE&#381;ENI DANI OP&#262;INE KRA&Scaron;I&#262;<\/a><\/h4>\n<p class=\"srp-widget-date\">22\/05\/2025<\/p>\n<p class=\"srp-widget-excerpt\">Tokom tjedna od 07.-11.svibnja 2025.godine brojnim doga\u0111anjima sve\u010dano obilje\u017eeni Dani Op\u0107ine Kra\u0161i\u0107, dani Osnovne \u0161kole &#8216;Kardinal Alojzije Stepinac&#8217; i 127.godi\u0161njica od ro\u0111enja na\u0161ega za\u0161titnika bla\u017e<a class=\"srp-widget-stringbreak-link\" href=\"https:\/\/tzokrasic.hr\/?p=11618\" title=\"SVE&#268;ANO OBILJE&#381;ENI DANI OP&#262;INE KRA&Scaron;I&#262;\">&#8230;op&scaron;irnije<\/a>\n<\/div>\n<div style=\"clear:both; height: 0px;\"><\/div>\n<\/div>\n<div style=\"clear:both; height: 0px;\"><\/div>\n<\/div>\n<p><!-- EOF Special Recent Posts FREE Edition ver1.9.9 --><\/p>\n<h5 style=\"text-align: right;\"><\/h5>\n<ul>\n<li>\n<h5 style=\"text-align: right;\"><strong><strong><a href=\"http:\/\/tzokrasic.hr\/?page_id=652\">OSTALE VIJESTI<\/a><\/strong><\/strong><\/h5>\n<\/li>\n<\/ul>\n<p>&nbsp;<\/p>\n<h5 style=\"text-align: right;\"><\/h5>\n<\/p><\/div>\n<\/p><\/div>\n<\/p><\/div>\n<\/p><\/div>\n<\/div>\n<div class=\"wpb_row vc_row-fluid\">\n<div class=\"vc_span12 wpb_column column_container\">\n<div class=\"wpb_wrapper\">\n<div class=\"wpb_text_column wpb_content_element \">\n<div class=\"wpb_wrapper\">\n<p><img loading=\"lazy\" class=\"alignnone size-full wp-image-770\" src=\"http:\/\/tzokrasic.hr\/wp-content\/uploads\/2013\/07\/KRASIC-DIVIDER1.png\" alt=\"KRASIC DIVIDER1\" width=\"639\" height=\"50\" srcset=\"https:\/\/tzokrasic.hr\/wp-content\/uploads\/2013\/07\/KRASIC-DIVIDER1.png 639w, https:\/\/tzokrasic.hr\/wp-content\/uploads\/2013\/07\/KRASIC-DIVIDER1-300x23.png 300w, https:\/\/tzokrasic.hr\/wp-content\/uploads\/2013\/07\/KRASIC-DIVIDER1-600x46.png 600w, https:\/\/tzokrasic.hr\/wp-content\/uploads\/2013\/07\/KRASIC-DIVIDER1-200x15.png 200w\" sizes=\"(max-width: 639px) 100vw, 639px\" \/><\/p>\n<\/p><\/div>\n<\/p><\/div>\n<\/p><\/div>\n<\/p><\/div>\n<\/div>\n<div class=\"wpb_row vc_row-fluid\">\n<div class=\"vc_span4 wpb_column column_container\">\n<div class=\"wpb_wrapper\">\n<div class=\"wpb_single_image wpb_content_element\">\n<div class=\"wpb_wrapper\">\n<p>\t\t\t<a href=\"http:\/\/tzokrasic.hr\/?page_id=248\"><img src=\"https:\/\/tzokrasic.hr\/wp-content\/uploads\/2013\/07\/krasic-180x121.jpg\" width=\"180\" height=\"121\" alt=\"krasic\" \/><\/a>\n\t\t<\/div>\n<\/p><\/div>\n<div class=\"wpb_text_column wpb_content_element \">\n<div class=\"wpb_wrapper\">\n<h4 style=\"text-align: justify;\"><span style=\"color: #339966;\"><a href=\"http:\/\/tzokrasic.hr\/?page_id=248\"><span style=\"color: #339966;\">O KRA\u0160I\u0106U<\/span><\/a><\/span><\/h4>\n<h5 style=\"text-align: justify;\">Kra\u0161i\u0107 \u2013 malo mjesto u sjeverozapadnoj Hrvatskoj, izme\u0111u Zagreba i Karlovca, nezaobilazna je postaja na Va\u0161em putovanju po sredi\u0161njoj Hrvatskoj. S obzirom na blizinu va\u017enih gradova &#8230;<\/h5>\n<\/p><\/div>\n<\/p><\/div>\n<\/p><\/div>\n<\/p><\/div>\n<div class=\"vc_span4 wpb_column column_container\">\n<div class=\"wpb_wrapper\">\n<div class=\"wpb_single_image wpb_content_element\">\n<div class=\"wpb_wrapper\">\n<p>\t\t\t<a href=\"http:\/\/tzokrasic.hr\/?page_id=273\"><img src=\"https:\/\/tzokrasic.hr\/wp-content\/uploads\/2013\/10\/alojzije-180x121.jpg\" width=\"180\" height=\"121\" alt=\"alojzije\" \/><\/a>\n\t\t<\/div>\n<\/p><\/div>\n<div class=\"wpb_text_column wpb_content_element \">\n<div class=\"wpb_wrapper\">\n<h4 style=\"text-align: justify;\"><span style=\"color: #339966;\"><a href=\"http:\/\/tzokrasic.hr\/?page_id=273\"><span style=\"color: #339966;\">Bl. ALOJZIJE STEPINAC<\/span><\/a><\/span><\/h4>\n<h5 style=\"text-align: justify;\">Rodio se malen, a kroz svoj \u017eivot veliki kri\u017e je nosio. Strpljivo, \u017earko i s ljubavlju. Hrabro je za Isusom kora\u010dao, pro\u017eivljavaju\u0107i svoj Gecemanij, Gabathu i Golgotu. A kad pade, golem grob mu zapade &#8230;<\/h5>\n<\/p><\/div>\n<\/p><\/div>\n<\/p><\/div>\n<\/p><\/div>\n<div class=\"vc_span4 wpb_column column_container\">\n<div class=\"wpb_wrapper\">\n<div class=\"wpb_single_image wpb_content_element\">\n<div class=\"wpb_wrapper\">\n<p>\t\t\t<a href=\"http:\/\/tzokrasic.hr\/?page_id=352\"><img src=\"https:\/\/tzokrasic.hr\/wp-content\/uploads\/2013\/10\/bic-180x121.jpg\" width=\"180\" height=\"121\" alt=\"bic\" \/><\/a>\n\t\t<\/div>\n<\/p><\/div>\n<div class=\"wpb_text_column wpb_content_element \">\n<div class=\"wpb_wrapper\">\n<h4><a href=\"http:\/\/tzokrasic.hr\/?page_id=352\"><span style=\"color: #339966;\">AKTIVNI ODMOR<\/span><\/a><\/h4>\n<h5 style=\"text-align: justify;\">Ukoliko \u017eelite do\u017eivjeti Kra\u0161i\u0107 svim osjetilima u\u010dinite to na 2 kota\u010da. Imate savr\u0161enu kombinaciju puteva za vo\u017enju biciklom \u2013 alsfalta, makadama i \u0161umskih staza &#8230;<\/h5>\n<\/p><\/div>\n<\/p><\/div>\n<\/p><\/div>\n<\/p><\/div>\n<\/div>\n<div class=\"wpb_row vc_row-fluid\">\n<div class=\"vc_span4 wpb_column column_container\">\n<div class=\"wpb_wrapper\">\n<div class=\"wpb_single_image wpb_content_element\">\n<div class=\"wpb_wrapper\">\n<p>\t\t\t<a href=\"http:\/\/tzokrasic.hr\/?page_id=347\"><img src=\"https:\/\/tzokrasic.hr\/wp-content\/uploads\/2013\/07\/obicaji-180x121.jpg\" width=\"180\" height=\"121\" alt=\"obicaji\" \/><\/a>\n\t\t<\/div>\n<\/p><\/div>\n<div class=\"wpb_text_column wpb_content_element \">\n<div class=\"wpb_wrapper\">\n<h4><span style=\"color: #339966;\"><a href=\"http:\/\/tzokrasic.hr\/?page_id=347\"><span style=\"color: #339966;\">EKO &#8211; ETNO<\/span><\/a><\/span><\/h4>\n<h5>Stara ku\u0107a obitelji Mrzljak je prostor koji svakako morate vidjeti prilikom posjeta Kra\u0161i\u0107u. Nalazi se svega tristotinjak metara od sredi\u0161ta mjesta. Ure\u0111ena je tako da do\u010darava kako se \u017eivjelo &#8230;<\/h5>\n<\/p><\/div>\n<\/p><\/div>\n<\/p><\/div>\n<\/p><\/div>\n<div class=\"vc_span4 wpb_column column_container\">\n<div class=\"wpb_wrapper\">\n<div class=\"wpb_single_image wpb_content_element\">\n<div class=\"wpb_wrapper\">\n<p>\t\t\t<a href=\"http:\/\/tzokrasic.hr\/?page_id=358\"><img src=\"https:\/\/tzokrasic.hr\/wp-content\/uploads\/2013\/10\/crkve-180x121.jpg\" width=\"180\" height=\"121\" alt=\"crkve\" \/><\/a>\n\t\t<\/div>\n<\/p><\/div>\n<div class=\"wpb_text_column wpb_content_element \">\n<div class=\"wpb_wrapper\">\n<h4><span style=\"color: #339966;\"><a href=\"http:\/\/tzokrasic.hr\/?page_id=358\"><span style=\"color: #339966;\">ZNAMENITOSTI<\/span><\/a><\/span><\/h4>\n<h5 style=\"text-align: justify;\">Glavnim trgom u Kra\u0161i\u0107u dominira \u017dupna crkva Presvetoga Trojstva. Prvi se puta spominje 1334. godine. To je kasnogoti\u010dka crkva, <span style=\"mso-spacerun: yes;\">\u00a0<\/span>koja je barokizirana vjerovatno &#8230;<\/h5>\n<\/p><\/div>\n<\/p><\/div>\n<\/p><\/div>\n<\/p><\/div>\n<div class=\"vc_span4 wpb_column column_container\">\n<div class=\"wpb_wrapper\">\n<div class=\"wpb_single_image wpb_content_element\">\n<div class=\"wpb_wrapper\">\n<p>\t\t\t<a href=\"http:\/\/tzokrasic.hr\/?page_id=372\"><img src=\"https:\/\/tzokrasic.hr\/wp-content\/uploads\/2013\/10\/komp-180x121.jpg\" width=\"180\" height=\"121\" alt=\"komp\" \/><\/a>\n\t\t<\/div>\n<\/p><\/div>\n<div class=\"wpb_text_column wpb_content_element \">\n<div class=\"wpb_wrapper\">\n<h4><a href=\"http:\/\/tzokrasic.hr\/?page_id=372\"><span style=\"color: #339966;\">OKRU\u017dENJE<\/span><\/a><\/h4>\n<h5>Tu, ne tako daleko, mami Vas \u017dumberak. \u010ceka Vas europski grad budu\u0107nosti &#8211; Jastrebarsko, na\u0161 glavni grad &#8211; Zagreb,\u00a0 grad na \u010detiri rijeke &#8211; Karlovac. Ni Plitvice nisu daleko\u2026<\/h5>\n<\/p><\/div>\n<\/p><\/div>\n<\/p><\/div>\n<\/p><\/div>\n<\/div>\n","protected":false},"excerpt":{"rendered":"Tokom tjedna od 07.-11.svibnja 2025.godine brojnim doga\u0111anjima sve\u010dano obilje\u017eeni Dani Op\u0107ine Kra\u0161i\u0107, dani Osnovne \u0161kole 'Kardinal Alojzije Stepinac' i 127.godi\u0161njica od ro\u0111enja na\u0161ega za\u0161titnika bla\u017eenog Alojzija Stepinca. Sve\u010danosti su zapo\u010dele u srijedu 07.svibnja kada je Osnovna \u0161kola uprili\u010dila prigodno lijepo doga\u0111anje i priredbu u dvorani \u0161kole povodom njezina dana. Nave\u010der je u kra\u0161i\u0107koj crkvi nakon [...]","protected":false},"author":1,"featured_media":0,"parent":0,"menu_order":0,"comment_status":"closed","ping_status":"closed","template":"","meta":{"ngg_post_thumbnail":0},"_links":{"self":[{"href":"https:\/\/tzokrasic.hr\/index.php?rest_route=\/wp\/v2\/pages\/38"}],"collection":[{"href":"https:\/\/tzokrasic.hr\/index.php?rest_route=\/wp\/v2\/pages"}],"about":[{"href":"https:\/\/tzokrasic.hr\/index.php?rest_route=\/wp\/v2\/types\/page"}],"author":[{"embeddable":true,"href":"https:\/\/tzokrasic.hr\/index.php?rest_route=\/wp\/v2\/users\/1"}],"replies":[{"embeddable":true,"href":"https:\/\/tzokrasic.hr\/index.php?rest_route=%2Fwp%2Fv2%2Fcomments&post=38"}],"version-history":[{"count":381,"href":"https:\/\/tzokrasic.hr\/index.php?rest_route=\/wp\/v2\/pages\/38\/revisions"}],"predecessor-version":[{"id":4876,"href":"https:\/\/tzokrasic.hr\/index.php?rest_route=\/wp\/v2\/pages\/38\/revisions\/4876"}],"wp:attachment":[{"href":"https:\/\/tzokrasic.hr\/index.php?rest_route=%2Fwp%2Fv2%2Fmedia&parent=38"}],"curies":[{"name":"wp","href":"https:\/\/api.w.org\/{rel}","templated":true}]}}