{"id":4179,"date":"2017-10-07T19:47:34","date_gmt":"2017-10-07T19:47:34","guid":{"rendered":"http:\/\/tzokrasic.hr\/?page_id=4179"},"modified":"2025-06-06T00:17:42","modified_gmt":"2025-06-05T22:17:42","slug":"suvenirnica-stepinac-2","status":"publish","type":"page","link":"https:\/\/tzokrasic.hr\/?page_id=4179","title":{"rendered":"Suvenirnica &#8220;Samoljubaf&#8221;"},"content":{"rendered":"<p>Suvenirnica &#8220;Samoljubaf&#8221; nalazi se na adresi Kra\u0161i\u0107 106, a u njoj se nude unikatni, ru\u010dno ra\u0111eni suveniri inspirirani prirodom, tradicijom i lokalnom ba\u0161tinom na\u0161eg kraja. Svi predmeti izra\u0111eni su s posebnom pa\u017enjom i ljubavlju, a svaki komad je pri\u010da za sebe \u2013 od kri\u017eeva, motiva crkve, svetaca i an\u0111ela, do uporabnih predmeta s dekorativnom notom, majice, slike an\u0111ela, torbice, Svete obitelji.<\/p>\n<p>Svaki od predmeta mo\u017ee biti personaliziran porukom ili imenom po \u017eelji.<\/p>\n<p>&nbsp;<\/p>\n<p><strong>Ana \u017dalac<\/strong>, Samoljubaf<\/p>\n<hr>\n<p><strong>e-mail<\/strong>: <a href=\"mailto:ana.samoljubaf@gmail.com\">ana.samoljubaf@gmail.com<\/a><\/p>\n<p><strong>telefon<\/strong>: 095 396 1717<\/p>\n<p><strong>Instagram\/Facebook<\/strong>: @samoljubaf<\/p>\n<p><a href=\"https:\/\/www.facebook.com\/samoljubaf.obrt\">https:\/\/www.facebook.com\/samoljubaf.obrt<\/a><\/p>\n<p>&nbsp;<\/p>\n<p><strong>Radno vrijeme<\/strong>:<\/p>\n<p><strong>Pon<\/strong>&nbsp; &#8211; zatvoreno<\/p>\n<p><strong>Uto<\/strong> &#8211; pet 09:00 &#8211; 13:00<\/p>\n<p><strong>Sub<\/strong> &#8211; 09:00 &#8211; 14:00<\/p>\n<p><strong>Ned<\/strong> &#8211; 09:00 &#8211; 12:00<\/p>\n<p>&nbsp;<\/p>\n<p><strong>Napomena<\/strong>: prema potrebi radimo i izvan radnog vremena<\/p>\n<p><!-- index.php -->\n<div\n\tclass=\"ngg-galleryoverview ngg-ajax-pagination-none\"\n\tid=\"ngg-gallery-d81906c8f79eda2cd217bac905839e70-1\">\n\n    \t<div class=\"slideshowlink\">\n        <a href='https:\/\/tzokrasic.hr\/index.php\/nggallery\/slideshow?page_id=4179'>[Show as slideshow]<\/a>\n\t\t\n\t<\/div>\n\t\t\t<!-- Thumbnails -->\n\t\t\t\t<div id=\"ngg-image-0\" class=\"ngg-gallery-thumbnail-box\" >\n\t\t\t\t        <div class=\"ngg-gallery-thumbnail\">\n            <a href=\"https:\/\/tzokrasic.hr\/wp-content\/gallery\/samoljubaf\/Samoljubaf-naslovna-scaled.jpg\"\n               title=\"\"\n               data-src=\"https:\/\/tzokrasic.hr\/wp-content\/gallery\/samoljubaf\/Samoljubaf-naslovna-scaled.jpg\"\n               data-thumbnail=\"https:\/\/tzokrasic.hr\/wp-content\/gallery\/samoljubaf\/thumbs\/thumbs_Samoljubaf-naslovna-scaled.jpg\"\n               data-image-id=\"2567\"\n               data-title=\"Samoljubaf-naslovna-scaled\"\n               data-description=\"\"\n               data-image-slug=\"samoljubaf-naslovna-scaled\"\n               class=\"ngg-fancybox\" rel=\"d81906c8f79eda2cd217bac905839e70\">\n                <img\n                    title=\"Samoljubaf-naslovna-scaled\"\n                    alt=\"Samoljubaf-naslovna-scaled\"\n                    src=\"https:\/\/tzokrasic.hr\/wp-content\/gallery\/samoljubaf\/thumbs\/thumbs_Samoljubaf-naslovna-scaled.jpg\"\n                    width=\"130\"\n                    height=\"105\"\n                    style=\"max-width:100%;\"\n                \/>\n            <\/a>\n        <\/div>\n\t\t\t\t\t\t\t<\/div> \n\t\t\t\n        \n\t\t\t\t<div id=\"ngg-image-1\" class=\"ngg-gallery-thumbnail-box\" >\n\t\t\t\t        <div class=\"ngg-gallery-thumbnail\">\n            <a href=\"https:\/\/tzokrasic.hr\/wp-content\/gallery\/samoljubaf\/Suvenirnica-scaled.jpg\"\n               title=\"\"\n               data-src=\"https:\/\/tzokrasic.hr\/wp-content\/gallery\/samoljubaf\/Suvenirnica-scaled.jpg\"\n               data-thumbnail=\"https:\/\/tzokrasic.hr\/wp-content\/gallery\/samoljubaf\/thumbs\/thumbs_Suvenirnica-scaled.jpg\"\n               data-image-id=\"2564\"\n               data-title=\"Suvenirnica-scaled\"\n               data-description=\"\"\n               data-image-slug=\"suvenirnica-scaled\"\n               class=\"ngg-fancybox\" rel=\"d81906c8f79eda2cd217bac905839e70\">\n                <img\n                    title=\"Suvenirnica-scaled\"\n                    alt=\"Suvenirnica-scaled\"\n                    src=\"https:\/\/tzokrasic.hr\/wp-content\/gallery\/samoljubaf\/thumbs\/thumbs_Suvenirnica-scaled.jpg\"\n                    width=\"130\"\n                    height=\"105\"\n                    style=\"max-width:100%;\"\n                \/>\n            <\/a>\n        <\/div>\n\t\t\t\t\t\t\t<\/div> \n\t\t\t\n        \n\t\t\t\t<div id=\"ngg-image-2\" class=\"ngg-gallery-thumbnail-box\" >\n\t\t\t\t        <div class=\"ngg-gallery-thumbnail\">\n            <a href=\"https:\/\/tzokrasic.hr\/wp-content\/gallery\/samoljubaf\/Suvenirnica-4-scaled.jpg\"\n               title=\"\"\n               data-src=\"https:\/\/tzokrasic.hr\/wp-content\/gallery\/samoljubaf\/Suvenirnica-4-scaled.jpg\"\n               data-thumbnail=\"https:\/\/tzokrasic.hr\/wp-content\/gallery\/samoljubaf\/thumbs\/thumbs_Suvenirnica-4-scaled.jpg\"\n               data-image-id=\"2565\"\n               data-title=\"Suvenirnica-4-scaled\"\n               data-description=\"\"\n               data-image-slug=\"suvenirnica-4-scaled\"\n               class=\"ngg-fancybox\" rel=\"d81906c8f79eda2cd217bac905839e70\">\n                <img\n                    title=\"Suvenirnica-4-scaled\"\n                    alt=\"Suvenirnica-4-scaled\"\n                    src=\"https:\/\/tzokrasic.hr\/wp-content\/gallery\/samoljubaf\/thumbs\/thumbs_Suvenirnica-4-scaled.jpg\"\n                    width=\"130\"\n                    height=\"105\"\n                    style=\"max-width:100%;\"\n                \/>\n            <\/a>\n        <\/div>\n\t\t\t\t\t\t\t<\/div> \n\t\t\t\n        \n\t\t\t\t<div id=\"ngg-image-3\" class=\"ngg-gallery-thumbnail-box\" >\n\t\t\t\t        <div class=\"ngg-gallery-thumbnail\">\n            <a href=\"https:\/\/tzokrasic.hr\/wp-content\/gallery\/samoljubaf\/Suveirnica-3-scaled.jpg\"\n               title=\"\"\n               data-src=\"https:\/\/tzokrasic.hr\/wp-content\/gallery\/samoljubaf\/Suveirnica-3-scaled.jpg\"\n               data-thumbnail=\"https:\/\/tzokrasic.hr\/wp-content\/gallery\/samoljubaf\/thumbs\/thumbs_Suveirnica-3-scaled.jpg\"\n               data-image-id=\"2568\"\n               data-title=\"Suveirnica-3-scaled\"\n               data-description=\"\"\n               data-image-slug=\"suveirnica-3-scaled\"\n               class=\"ngg-fancybox\" rel=\"d81906c8f79eda2cd217bac905839e70\">\n                <img\n                    title=\"Suveirnica-3-scaled\"\n                    alt=\"Suveirnica-3-scaled\"\n                    src=\"https:\/\/tzokrasic.hr\/wp-content\/gallery\/samoljubaf\/thumbs\/thumbs_Suveirnica-3-scaled.jpg\"\n                    width=\"130\"\n                    height=\"105\"\n                    style=\"max-width:100%;\"\n                \/>\n            <\/a>\n        <\/div>\n\t\t\t\t\t\t\t<\/div> \n\t\t\t\n        \n\t\t\t\t<div id=\"ngg-image-4\" class=\"ngg-gallery-thumbnail-box\" >\n\t\t\t\t        <div class=\"ngg-gallery-thumbnail\">\n            <a href=\"https:\/\/tzokrasic.hr\/wp-content\/gallery\/samoljubaf\/Suvenirnica-2-scaled.jpg\"\n               title=\"\"\n               data-src=\"https:\/\/tzokrasic.hr\/wp-content\/gallery\/samoljubaf\/Suvenirnica-2-scaled.jpg\"\n               data-thumbnail=\"https:\/\/tzokrasic.hr\/wp-content\/gallery\/samoljubaf\/thumbs\/thumbs_Suvenirnica-2-scaled.jpg\"\n               data-image-id=\"2566\"\n               data-title=\"Suvenirnica-2-scaled\"\n               data-description=\"\"\n               data-image-slug=\"suvenirnica-2-scaled\"\n               class=\"ngg-fancybox\" rel=\"d81906c8f79eda2cd217bac905839e70\">\n                <img\n                    title=\"Suvenirnica-2-scaled\"\n                    alt=\"Suvenirnica-2-scaled\"\n                    src=\"https:\/\/tzokrasic.hr\/wp-content\/gallery\/samoljubaf\/thumbs\/thumbs_Suvenirnica-2-scaled.jpg\"\n                    width=\"130\"\n                    height=\"105\"\n                    style=\"max-width:100%;\"\n                \/>\n            <\/a>\n        <\/div>\n\t\t\t\t\t\t\t<\/div> \n\t\t\t\n        \n\t\t\t\t<div id=\"ngg-image-5\" class=\"ngg-gallery-thumbnail-box\" >\n\t\t\t\t        <div class=\"ngg-gallery-thumbnail\">\n            <a href=\"https:\/\/tzokrasic.hr\/wp-content\/gallery\/samoljubaf\/Suvenirnica-1-scaled.jpg\"\n               title=\"\"\n               data-src=\"https:\/\/tzokrasic.hr\/wp-content\/gallery\/samoljubaf\/Suvenirnica-1-scaled.jpg\"\n               data-thumbnail=\"https:\/\/tzokrasic.hr\/wp-content\/gallery\/samoljubaf\/thumbs\/thumbs_Suvenirnica-1-scaled.jpg\"\n               data-image-id=\"2569\"\n               data-title=\"Suvenirnica-1-scaled\"\n               data-description=\"\"\n               data-image-slug=\"suvenirnica-1-scaled\"\n               class=\"ngg-fancybox\" rel=\"d81906c8f79eda2cd217bac905839e70\">\n                <img\n                    title=\"Suvenirnica-1-scaled\"\n                    alt=\"Suvenirnica-1-scaled\"\n                    src=\"https:\/\/tzokrasic.hr\/wp-content\/gallery\/samoljubaf\/thumbs\/thumbs_Suvenirnica-1-scaled.jpg\"\n                    width=\"130\"\n                    height=\"105\"\n                    style=\"max-width:100%;\"\n                \/>\n            <\/a>\n        <\/div>\n\t\t\t\t\t\t\t<\/div> \n\t\t\t\n        \n\t\t\n\t\t<!-- Pagination -->\n\t<div class='ngg-clear'><\/div>\t<\/div>\n&nbsp;<\/p>\n<p>&nbsp;<\/p>\n<p>&nbsp;<\/p>\n<p>&nbsp;<\/p>\n<p>&nbsp;<\/p>\n<p>&nbsp;<\/p>\n","protected":false},"excerpt":{"rendered":"<p>Suvenirnica &#8220;Samoljubaf&#8221; nalazi se na adresi Kra\u0161i\u0107 106, a u njoj se nude unikatni, ru\u010dno ra\u0111eni suveniri inspirirani prirodom, tradicijom i lokalnom ba\u0161tinom na\u0161eg kraja. Svi predmeti izra\u0111eni su s posebnom pa\u017enjom i ljubavlju, a svaki komad je pri\u010da za sebe \u2013 od kri\u017eeva, motiva crkve, svetaca i an\u0111ela, do uporabnih predmeta s dekorativnom notom, [&hellip;]<\/p>\n","protected":false},"author":1,"featured_media":0,"parent":0,"menu_order":0,"comment_status":"open","ping_status":"open","template":"","meta":{"ngg_post_thumbnail":0},"_links":{"self":[{"href":"https:\/\/tzokrasic.hr\/index.php?rest_route=\/wp\/v2\/pages\/4179"}],"collection":[{"href":"https:\/\/tzokrasic.hr\/index.php?rest_route=\/wp\/v2\/pages"}],"about":[{"href":"https:\/\/tzokrasic.hr\/index.php?rest_route=\/wp\/v2\/types\/page"}],"author":[{"embeddable":true,"href":"https:\/\/tzokrasic.hr\/index.php?rest_route=\/wp\/v2\/users\/1"}],"replies":[{"embeddable":true,"href":"https:\/\/tzokrasic.hr\/index.php?rest_route=%2Fwp%2Fv2%2Fcomments&post=4179"}],"version-history":[{"count":4,"href":"https:\/\/tzokrasic.hr\/index.php?rest_route=\/wp\/v2\/pages\/4179\/revisions"}],"predecessor-version":[{"id":11652,"href":"https:\/\/tzokrasic.hr\/index.php?rest_route=\/wp\/v2\/pages\/4179\/revisions\/11652"}],"wp:attachment":[{"href":"https:\/\/tzokrasic.hr\/index.php?rest_route=%2Fwp%2Fv2%2Fmedia&parent=4179"}],"curies":[{"name":"wp","href":"https:\/\/api.w.org\/{rel}","templated":true}]}}