{"id":4813,"date":"2018-09-25T20:50:41","date_gmt":"2018-09-25T20:50:41","guid":{"rendered":"http:\/\/tzokrasic.hr\/?page_id=4813"},"modified":"2023-01-16T17:49:32","modified_gmt":"2023-01-16T15:49:32","slug":"kuca-za-odmor-zumba","status":"publish","type":"page","link":"https:\/\/tzokrasic.hr\/?page_id=4813","title":{"rendered":"Ku\u0107a za odmor \u201e\u017dUMBA\u201c"},"content":{"rendered":"<p>Ku\u0107a za odmor \u201c\u017dumba\u201d nalazi se na adresi \u010cunkova Draga u Parku prirode \u017dumberak-Samoborsko gorje. Smje\u0161tena je uz rijeku Kup\u010dinu, okru\u017eena vo\u0107njakom s velikim prirodnim travnjakom, vanjskim ro\u0161tiljem, parkirali\u0161tem i zimskim vrtom. Ku\u0107a se nalazi nedaleko od Zagreba, za sve one koji se \u017eele skloniti od u\u017eurbanosti. U blizini se nalazi Spomen-dom i rodna ku\u0107a bla\u017eenog Alojzija Stepinca, Stari grad Ozalj, Dolina kardinala, kanjon Slapnice, s dva prekrasna mala slapa, \u201cBrisalo\u201c i \u201cVranjak\u201c, kao i nekoliko izvrsnih ribnjaka pastrve.<\/p>\n<p>Hrvoje \u010car<\/p>\n<p>\u010cunkova Draga 26, Kostanjevac<\/p>\n<p>Tel.: 099 6959 467<\/p>\n<p>Mail: <a href=\"mailto:hrvoje.car59@gmail.com\">hrvoje.car59@gmail.com<\/a><\/p>\n<p>Airbnb: <a href=\"https:\/\/hr.airbnb.com\/rooms\/24482759?source_impression_id=p3_1673439926_fVWeVGxhT4oSPOhM\">https:\/\/hr.airbnb.com\/rooms\/24482759?source_impression_id=p3_1673439926_fVWeVGxhT4oSPOhM<\/a><\/p>\n<p><img loading=\"lazy\" class=\"aligncenter size-full wp-image-4814\" src=\"http:\/\/tzokrasic.hr\/wp-content\/uploads\/2018\/09\/00eb1e7c-2c66-4054-aee1-ddfba0a4d7b5.jpg\" alt=\"\" width=\"1024\" height=\"683\" srcset=\"https:\/\/tzokrasic.hr\/wp-content\/uploads\/2018\/09\/00eb1e7c-2c66-4054-aee1-ddfba0a4d7b5.jpg 1024w, https:\/\/tzokrasic.hr\/wp-content\/uploads\/2018\/09\/00eb1e7c-2c66-4054-aee1-ddfba0a4d7b5-300x200.jpg 300w, https:\/\/tzokrasic.hr\/wp-content\/uploads\/2018\/09\/00eb1e7c-2c66-4054-aee1-ddfba0a4d7b5-768x512.jpg 768w, https:\/\/tzokrasic.hr\/wp-content\/uploads\/2018\/09\/00eb1e7c-2c66-4054-aee1-ddfba0a4d7b5-200x133.jpg 200w\" sizes=\"(max-width: 1024px) 100vw, 1024px\" \/><\/p>\n<p>&nbsp;<\/p>\n<p><img loading=\"lazy\" class=\"aligncenter size-full wp-image-4816\" src=\"http:\/\/tzokrasic.hr\/wp-content\/uploads\/2018\/09\/06132fed-8a8c-4846-8b8d-d2b386d47a40.jpg\" alt=\"\" width=\"1024\" height=\"683\" srcset=\"https:\/\/tzokrasic.hr\/wp-content\/uploads\/2018\/09\/06132fed-8a8c-4846-8b8d-d2b386d47a40.jpg 1024w, https:\/\/tzokrasic.hr\/wp-content\/uploads\/2018\/09\/06132fed-8a8c-4846-8b8d-d2b386d47a40-300x200.jpg 300w, https:\/\/tzokrasic.hr\/wp-content\/uploads\/2018\/09\/06132fed-8a8c-4846-8b8d-d2b386d47a40-768x512.jpg 768w, https:\/\/tzokrasic.hr\/wp-content\/uploads\/2018\/09\/06132fed-8a8c-4846-8b8d-d2b386d47a40-200x133.jpg 200w\" sizes=\"(max-width: 1024px) 100vw, 1024px\" \/><\/p>\n<p><img loading=\"lazy\" class=\"aligncenter size-full wp-image-4817\" src=\"http:\/\/tzokrasic.hr\/wp-content\/uploads\/2018\/09\/20180415_091431_resized.jpg\" alt=\"\" width=\"1440\" height=\"960\" srcset=\"https:\/\/tzokrasic.hr\/wp-content\/uploads\/2018\/09\/20180415_091431_resized.jpg 1440w, https:\/\/tzokrasic.hr\/wp-content\/uploads\/2018\/09\/20180415_091431_resized-300x200.jpg 300w, https:\/\/tzokrasic.hr\/wp-content\/uploads\/2018\/09\/20180415_091431_resized-768x512.jpg 768w, https:\/\/tzokrasic.hr\/wp-content\/uploads\/2018\/09\/20180415_091431_resized-1024x683.jpg 1024w, https:\/\/tzokrasic.hr\/wp-content\/uploads\/2018\/09\/20180415_091431_resized-200x133.jpg 200w\" sizes=\"(max-width: 1440px) 100vw, 1440px\" \/><\/p>\n<p><img loading=\"lazy\" class=\"aligncenter size-full wp-image-4818\" src=\"http:\/\/tzokrasic.hr\/wp-content\/uploads\/2018\/09\/41923714-153a-4ca3-925e-e3cb2b99cdbd.jpg\" alt=\"\" width=\"1024\" height=\"683\" srcset=\"https:\/\/tzokrasic.hr\/wp-content\/uploads\/2018\/09\/41923714-153a-4ca3-925e-e3cb2b99cdbd.jpg 1024w, https:\/\/tzokrasic.hr\/wp-content\/uploads\/2018\/09\/41923714-153a-4ca3-925e-e3cb2b99cdbd-300x200.jpg 300w, https:\/\/tzokrasic.hr\/wp-content\/uploads\/2018\/09\/41923714-153a-4ca3-925e-e3cb2b99cdbd-768x512.jpg 768w, https:\/\/tzokrasic.hr\/wp-content\/uploads\/2018\/09\/41923714-153a-4ca3-925e-e3cb2b99cdbd-200x133.jpg 200w\" sizes=\"(max-width: 1024px) 100vw, 1024px\" \/><\/p>\n<p><img loading=\"lazy\" class=\"aligncenter size-full wp-image-4819\" src=\"http:\/\/tzokrasic.hr\/wp-content\/uploads\/2018\/09\/b9afdb9c-da48-43bf-aa05-ea30210d9fd6.jpg\" alt=\"\" width=\"1024\" height=\"683\" srcset=\"https:\/\/tzokrasic.hr\/wp-content\/uploads\/2018\/09\/b9afdb9c-da48-43bf-aa05-ea30210d9fd6.jpg 1024w, https:\/\/tzokrasic.hr\/wp-content\/uploads\/2018\/09\/b9afdb9c-da48-43bf-aa05-ea30210d9fd6-300x200.jpg 300w, https:\/\/tzokrasic.hr\/wp-content\/uploads\/2018\/09\/b9afdb9c-da48-43bf-aa05-ea30210d9fd6-768x512.jpg 768w, https:\/\/tzokrasic.hr\/wp-content\/uploads\/2018\/09\/b9afdb9c-da48-43bf-aa05-ea30210d9fd6-200x133.jpg 200w\" sizes=\"(max-width: 1024px) 100vw, 1024px\" \/><\/p>\n<p><img loading=\"lazy\" class=\"aligncenter size-full wp-image-4820\" src=\"http:\/\/tzokrasic.hr\/wp-content\/uploads\/2018\/09\/cfbc5df4-3bda-4da1-9b1e-29147690da16.jpg\" alt=\"\" width=\"1024\" height=\"683\" srcset=\"https:\/\/tzokrasic.hr\/wp-content\/uploads\/2018\/09\/cfbc5df4-3bda-4da1-9b1e-29147690da16.jpg 1024w, https:\/\/tzokrasic.hr\/wp-content\/uploads\/2018\/09\/cfbc5df4-3bda-4da1-9b1e-29147690da16-300x200.jpg 300w, https:\/\/tzokrasic.hr\/wp-content\/uploads\/2018\/09\/cfbc5df4-3bda-4da1-9b1e-29147690da16-768x512.jpg 768w, https:\/\/tzokrasic.hr\/wp-content\/uploads\/2018\/09\/cfbc5df4-3bda-4da1-9b1e-29147690da16-200x133.jpg 200w\" sizes=\"(max-width: 1024px) 100vw, 1024px\" \/><\/p>\n<p><img loading=\"lazy\" class=\"aligncenter size-full wp-image-4815\" src=\"http:\/\/tzokrasic.hr\/wp-content\/uploads\/2018\/09\/91c21d55-a84a-4383-a0d0-6519ff5ff96c.jpg\" alt=\"\" width=\"1024\" height=\"683\" srcset=\"https:\/\/tzokrasic.hr\/wp-content\/uploads\/2018\/09\/91c21d55-a84a-4383-a0d0-6519ff5ff96c.jpg 1024w, https:\/\/tzokrasic.hr\/wp-content\/uploads\/2018\/09\/91c21d55-a84a-4383-a0d0-6519ff5ff96c-300x200.jpg 300w, https:\/\/tzokrasic.hr\/wp-content\/uploads\/2018\/09\/91c21d55-a84a-4383-a0d0-6519ff5ff96c-768x512.jpg 768w, https:\/\/tzokrasic.hr\/wp-content\/uploads\/2018\/09\/91c21d55-a84a-4383-a0d0-6519ff5ff96c-200x133.jpg 200w\" sizes=\"(max-width: 1024px) 100vw, 1024px\" \/><\/p>\n<p>&nbsp;<\/p>\n","protected":false},"excerpt":{"rendered":"<p>Ku\u0107a za odmor \u201c\u017dumba\u201d nalazi se na adresi \u010cunkova Draga u Parku prirode \u017dumberak-Samoborsko gorje. Smje\u0161tena je uz rijeku Kup\u010dinu, okru\u017eena vo\u0107njakom s velikim prirodnim travnjakom, vanjskim ro\u0161tiljem, parkirali\u0161tem i zimskim vrtom. Ku\u0107a se nalazi nedaleko od Zagreba, za sve one koji se \u017eele skloniti od u\u017eurbanosti. U blizini se nalazi Spomen-dom i rodna ku\u0107a [&hellip;]<\/p>\n","protected":false},"author":1,"featured_media":0,"parent":0,"menu_order":0,"comment_status":"closed","ping_status":"closed","template":"","meta":{"ngg_post_thumbnail":0},"_links":{"self":[{"href":"https:\/\/tzokrasic.hr\/index.php?rest_route=\/wp\/v2\/pages\/4813"}],"collection":[{"href":"https:\/\/tzokrasic.hr\/index.php?rest_route=\/wp\/v2\/pages"}],"about":[{"href":"https:\/\/tzokrasic.hr\/index.php?rest_route=\/wp\/v2\/types\/page"}],"author":[{"embeddable":true,"href":"https:\/\/tzokrasic.hr\/index.php?rest_route=\/wp\/v2\/users\/1"}],"replies":[{"embeddable":true,"href":"https:\/\/tzokrasic.hr\/index.php?rest_route=%2Fwp%2Fv2%2Fcomments&post=4813"}],"version-history":[{"count":3,"href":"https:\/\/tzokrasic.hr\/index.php?rest_route=\/wp\/v2\/pages\/4813\/revisions"}],"predecessor-version":[{"id":8442,"href":"https:\/\/tzokrasic.hr\/index.php?rest_route=\/wp\/v2\/pages\/4813\/revisions\/8442"}],"wp:attachment":[{"href":"https:\/\/tzokrasic.hr\/index.php?rest_route=%2Fwp%2Fv2%2Fmedia&parent=4813"}],"curies":[{"name":"wp","href":"https:\/\/api.w.org\/{rel}","templated":true}]}}