{"id":5096,"date":"2019-01-15T18:50:40","date_gmt":"2019-01-15T18:50:40","guid":{"rendered":"http:\/\/tzokrasic.hr\/?page_id=5096"},"modified":"2023-01-16T17:50:05","modified_gmt":"2023-01-16T15:50:05","slug":"kuca-za-odmor-sime-milisa","status":"publish","type":"page","link":"https:\/\/tzokrasic.hr\/?page_id=5096","title":{"rendered":"Ku\u0107a za odmor &#8211;  \u0160ime Mili\u0161a"},"content":{"rendered":"<p><strong>Ku\u0107a za odmor \u201c\u0160ime Mili\u0161a\u201d <\/strong><\/p>\n<p>Ku\u0107a za odmor \u201c\u0160ime Mili\u0161a\u201d, okru\u017eena zelenilom i o\u010duvanom prirodom nalazi se u mirnom mjestu Mirkopolje kraj Kra\u0161i\u0107a, nadomak Zagreba. Idealna za opu\u0161tanje s obitelji i prijateljima i aktivni odmor.Kraj ku\u0107e se nalazi parkirali\u0161te i igrali\u0161te za djecu. U blizini se nalazi Park prirode \u017dumberak-Samoborsko gorje i rijeka Kupa koji su kao stvoreni za istra\u017eivanje, bilo da se radi o pje\u0161a\u010denju ili bicikliranju. Odmor od u\u017eurbane svakodnevnice gostima pru\u017eaju prirode, \u0161ume, potoci, slapovi u ovom pekrasnom i pitoresknom mjestu. Tijekom boravka u ku\u0107i valja posjetiti Spomem- dom i rodnu ku\u0107u bla\u017eenog Alojzija Stepinca u Kra\u0161i\u0107u te Stari grad Ozalj<\/p>\n<p>\u0160ime Mili\u0161a<\/p>\n<p>Mirkopolje 73A<\/p>\n<p>Tel.: 098 355 774<\/p>\n<p>Mail: <a href=\"mailto:sime.milisa.sm@gmail.com\">sime.milisa.sm@gmail.com<\/a><\/p>\n<p><img loading=\"lazy\" class=\"aligncenter size-full wp-image-5097\" src=\"http:\/\/tzokrasic.hr\/wp-content\/uploads\/2019\/01\/sime-milisa-2.jpg\" alt=\"\" width=\"640\" height=\"360\" srcset=\"https:\/\/tzokrasic.hr\/wp-content\/uploads\/2019\/01\/sime-milisa-2.jpg 640w, https:\/\/tzokrasic.hr\/wp-content\/uploads\/2019\/01\/sime-milisa-2-300x169.jpg 300w, https:\/\/tzokrasic.hr\/wp-content\/uploads\/2019\/01\/sime-milisa-2-200x113.jpg 200w\" sizes=\"(max-width: 640px) 100vw, 640px\" \/><\/p>\n<p><img loading=\"lazy\" class=\"aligncenter size-full wp-image-5098\" src=\"http:\/\/tzokrasic.hr\/wp-content\/uploads\/2019\/01\/sime-milisa-1.jpg\" alt=\"\" width=\"640\" height=\"360\" srcset=\"https:\/\/tzokrasic.hr\/wp-content\/uploads\/2019\/01\/sime-milisa-1.jpg 640w, https:\/\/tzokrasic.hr\/wp-content\/uploads\/2019\/01\/sime-milisa-1-300x169.jpg 300w, https:\/\/tzokrasic.hr\/wp-content\/uploads\/2019\/01\/sime-milisa-1-200x113.jpg 200w\" sizes=\"(max-width: 640px) 100vw, 640px\" \/><\/p>\n<p>&nbsp;<\/p>\n","protected":false},"excerpt":{"rendered":"<p>Ku\u0107a za odmor \u201c\u0160ime Mili\u0161a\u201d Ku\u0107a za odmor \u201c\u0160ime Mili\u0161a\u201d, okru\u017eena zelenilom i o\u010duvanom prirodom nalazi se u mirnom mjestu Mirkopolje kraj Kra\u0161i\u0107a, nadomak Zagreba. Idealna za opu\u0161tanje s obitelji i prijateljima i aktivni odmor.Kraj ku\u0107e se nalazi parkirali\u0161te i igrali\u0161te za djecu. U blizini se nalazi Park prirode \u017dumberak-Samoborsko gorje i rijeka Kupa koji [&hellip;]<\/p>\n","protected":false},"author":1,"featured_media":0,"parent":0,"menu_order":0,"comment_status":"closed","ping_status":"closed","template":"","meta":{"ngg_post_thumbnail":0},"_links":{"self":[{"href":"https:\/\/tzokrasic.hr\/index.php?rest_route=\/wp\/v2\/pages\/5096"}],"collection":[{"href":"https:\/\/tzokrasic.hr\/index.php?rest_route=\/wp\/v2\/pages"}],"about":[{"href":"https:\/\/tzokrasic.hr\/index.php?rest_route=\/wp\/v2\/types\/page"}],"author":[{"embeddable":true,"href":"https:\/\/tzokrasic.hr\/index.php?rest_route=\/wp\/v2\/users\/1"}],"replies":[{"embeddable":true,"href":"https:\/\/tzokrasic.hr\/index.php?rest_route=%2Fwp%2Fv2%2Fcomments&post=5096"}],"version-history":[{"count":3,"href":"https:\/\/tzokrasic.hr\/index.php?rest_route=\/wp\/v2\/pages\/5096\/revisions"}],"predecessor-version":[{"id":8444,"href":"https:\/\/tzokrasic.hr\/index.php?rest_route=\/wp\/v2\/pages\/5096\/revisions\/8444"}],"wp:attachment":[{"href":"https:\/\/tzokrasic.hr\/index.php?rest_route=%2Fwp%2Fv2%2Fmedia&parent=5096"}],"curies":[{"name":"wp","href":"https:\/\/api.w.org\/{rel}","templated":true}]}}