{"id":5100,"date":"2019-01-15T18:52:23","date_gmt":"2019-01-15T18:52:23","guid":{"rendered":"http:\/\/tzokrasic.hr\/?page_id=5100"},"modified":"2023-01-16T17:50:56","modified_gmt":"2023-01-16T15:50:56","slug":"kuca-za-odmor-vila-anna","status":"publish","type":"page","link":"https:\/\/tzokrasic.hr\/?page_id=5100","title":{"rendered":"Ku\u0107a za odmor &#8211; Vila Anna"},"content":{"rendered":"<p><strong>Ku\u0107a za odmor \u201cVila Anna \u201c<\/strong><\/p>\n<p>Ku\u0107a za odmor \u201cVila Anna\u201d nalazi se u Pribi\u0107u, kraj Kra\u0161i\u0107a, a samo 39 km od Zagreba. Ku\u0107a se nalazi na mirnoj lokaciji, okru\u017eena livadama i vinogradima. Potpunu udobnost i odmor pru\u017eit \u0107e kori\u0161tenje bazena. U skopu ku\u0107e nalazi se terasa sa vanjskom kuhinjom gdje gosti mogu u\u017eivati u obrocima na svje\u017eem zraku. U blizini se nalaze biciklisti\u010dke i pje\u0161a\u010dke staze koje vode kroz vinske ceste i prekrasnu netaknutu prirodu. Ljubitelji ribolova mogu pecati u obli\u017enjem potoku. \u017deljni istra\u017eivanja mogu posjetiti centar Kra\u0161i\u0107a, Spomen dom i rodnu ku\u0107u bla\u017eenog Alojzija Stepinca, Stari grad Ozalj, kao i Karlovac, grad na \u010detiri rijeke.<\/p>\n<p>Tihomir Mila\u0161in\u010di\u0107<\/p>\n<p>Pribi\u0107 28F<\/p>\n<p>Tel.: 098 839 423<\/p>\n<p>Email: <a href=\"mailto:milasincict@gmail.com\">milasincict@gmail.com<\/a><\/p>\n<p>&nbsp;<\/p>\n<p><strong>&nbsp;<\/strong><\/p>\n<p><img loading=\"lazy\" class=\"aligncenter size-full wp-image-5101\" src=\"http:\/\/tzokrasic.hr\/wp-content\/uploads\/2019\/01\/45164652_548279828948869_8493753347776446464_n.jpg\" alt=\"\" width=\"960\" height=\"717\" srcset=\"https:\/\/tzokrasic.hr\/wp-content\/uploads\/2019\/01\/45164652_548279828948869_8493753347776446464_n.jpg 960w, https:\/\/tzokrasic.hr\/wp-content\/uploads\/2019\/01\/45164652_548279828948869_8493753347776446464_n-300x224.jpg 300w, https:\/\/tzokrasic.hr\/wp-content\/uploads\/2019\/01\/45164652_548279828948869_8493753347776446464_n-768x574.jpg 768w, https:\/\/tzokrasic.hr\/wp-content\/uploads\/2019\/01\/45164652_548279828948869_8493753347776446464_n-200x149.jpg 200w\" sizes=\"(max-width: 960px) 100vw, 960px\" \/><\/p>\n<p>&nbsp;<\/p>\n","protected":false},"excerpt":{"rendered":"<p>Ku\u0107a za odmor \u201cVila Anna \u201c Ku\u0107a za odmor \u201cVila Anna\u201d nalazi se u Pribi\u0107u, kraj Kra\u0161i\u0107a, a samo 39 km od Zagreba. Ku\u0107a se nalazi na mirnoj lokaciji, okru\u017eena livadama i vinogradima. Potpunu udobnost i odmor pru\u017eit \u0107e kori\u0161tenje bazena. U skopu ku\u0107e nalazi se terasa sa vanjskom kuhinjom gdje gosti mogu u\u017eivati u [&hellip;]<\/p>\n","protected":false},"author":1,"featured_media":0,"parent":0,"menu_order":0,"comment_status":"closed","ping_status":"closed","template":"","meta":{"ngg_post_thumbnail":0},"_links":{"self":[{"href":"https:\/\/tzokrasic.hr\/index.php?rest_route=\/wp\/v2\/pages\/5100"}],"collection":[{"href":"https:\/\/tzokrasic.hr\/index.php?rest_route=\/wp\/v2\/pages"}],"about":[{"href":"https:\/\/tzokrasic.hr\/index.php?rest_route=\/wp\/v2\/types\/page"}],"author":[{"embeddable":true,"href":"https:\/\/tzokrasic.hr\/index.php?rest_route=\/wp\/v2\/users\/1"}],"replies":[{"embeddable":true,"href":"https:\/\/tzokrasic.hr\/index.php?rest_route=%2Fwp%2Fv2%2Fcomments&post=5100"}],"version-history":[{"count":4,"href":"https:\/\/tzokrasic.hr\/index.php?rest_route=\/wp\/v2\/pages\/5100\/revisions"}],"predecessor-version":[{"id":8445,"href":"https:\/\/tzokrasic.hr\/index.php?rest_route=\/wp\/v2\/pages\/5100\/revisions\/8445"}],"wp:attachment":[{"href":"https:\/\/tzokrasic.hr\/index.php?rest_route=%2Fwp%2Fv2%2Fmedia&parent=5100"}],"curies":[{"name":"wp","href":"https:\/\/api.w.org\/{rel}","templated":true}]}}