{"id":5563,"date":"2019-08-26T18:47:08","date_gmt":"2019-08-26T18:47:08","guid":{"rendered":"http:\/\/tzokrasic.hr\/?page_id=5563"},"modified":"2023-01-25T16:58:36","modified_gmt":"2023-01-25T14:58:36","slug":"kuca-za-odmor-krasic","status":"publish","type":"page","link":"https:\/\/tzokrasic.hr\/?page_id=5563","title":{"rendered":"KU\u0106A ZA ODMOR KRA\u0160I\u0106"},"content":{"rendered":"<p><strong>Ku\u0107a za odmor Kra\u0161i\u0107<\/strong><\/p>\n<p>&nbsp;<\/p>\n<p>Ku\u0107a za odmor Kra\u0161i\u0107 nalazi se u mjestu Bukovica Prekri\u0161ka, u podno\u017eju Parka prirode \u017dumberak \u2013 Samoborsko gorje u neposrenoj blizini Kra\u0161i\u0107a. Ku\u0107a je na osami i okru\u017eena prekrasnom prirodom i mirno\u0107om. Gostima pru\u017ea boravak u ti\u0161ini i na svje\u017eem zraku, a mogu uklju\u010diti i aktivan odmor, bilo da se radi o pje\u0161a\u010denju ili bicikliranju. U blizini valja posjetiti Spomen \u2013 dom i rodnu ku\u0107u bla\u017eenog Alojzija Stepinca u Kra\u0161i\u0107u, Stari grad Ozalj ili se uputiti u razgledavanje kanjona Slapnice.<\/p>\n<p>&nbsp;<\/p>\n<p>Vlatko Ivka<\/p>\n<p>Bukovica Prekri\u0161ka 38<\/p>\n<p>Tel.: 099 225 0715<\/p>\n<p>Mail: <a href=\"mailto:kucakrasic@gmail.com\">kucakrasic@gmail.com<\/a>&nbsp;<\/p>\n<p>Booking: <a href=\"https:\/\/www.booking.com\/hotel\/hr\/kuca-za-odmor-krasic.hr.html\">https:\/\/www.booking.com\/hotel\/hr\/kuca-za-odmor-krasic.hr.html<\/a><\/p>\n<p><img loading=\"lazy\" class=\"aligncenter size-full wp-image-5564\" src=\"http:\/\/tzokrasic.hr\/wp-content\/uploads\/2019\/08\/2.jpg\" alt=\"\" width=\"1586\" height=\"1058\" srcset=\"https:\/\/tzokrasic.hr\/wp-content\/uploads\/2019\/08\/2.jpg 1586w, https:\/\/tzokrasic.hr\/wp-content\/uploads\/2019\/08\/2-300x200.jpg 300w, https:\/\/tzokrasic.hr\/wp-content\/uploads\/2019\/08\/2-768x512.jpg 768w, https:\/\/tzokrasic.hr\/wp-content\/uploads\/2019\/08\/2-1024x683.jpg 1024w, https:\/\/tzokrasic.hr\/wp-content\/uploads\/2019\/08\/2-200x133.jpg 200w\" sizes=\"(max-width: 1586px) 100vw, 1586px\" \/><\/p>\n<p><img loading=\"lazy\" class=\"aligncenter size-full wp-image-5565\" src=\"http:\/\/tzokrasic.hr\/wp-content\/uploads\/2019\/08\/1.jpg\" alt=\"\" width=\"1586\" height=\"1058\" srcset=\"https:\/\/tzokrasic.hr\/wp-content\/uploads\/2019\/08\/1.jpg 1586w, https:\/\/tzokrasic.hr\/wp-content\/uploads\/2019\/08\/1-300x200.jpg 300w, https:\/\/tzokrasic.hr\/wp-content\/uploads\/2019\/08\/1-768x512.jpg 768w, https:\/\/tzokrasic.hr\/wp-content\/uploads\/2019\/08\/1-1024x683.jpg 1024w, https:\/\/tzokrasic.hr\/wp-content\/uploads\/2019\/08\/1-200x133.jpg 200w\" sizes=\"(max-width: 1586px) 100vw, 1586px\" \/><\/p>\n<p><img loading=\"lazy\" class=\"aligncenter size-full wp-image-5566\" src=\"http:\/\/tzokrasic.hr\/wp-content\/uploads\/2019\/08\/3.jpg\" alt=\"\" width=\"744\" height=\"1115\" srcset=\"https:\/\/tzokrasic.hr\/wp-content\/uploads\/2019\/08\/3.jpg 744w, https:\/\/tzokrasic.hr\/wp-content\/uploads\/2019\/08\/3-200x300.jpg 200w, https:\/\/tzokrasic.hr\/wp-content\/uploads\/2019\/08\/3-683x1024.jpg 683w, https:\/\/tzokrasic.hr\/wp-content\/uploads\/2019\/08\/3-133x200.jpg 133w\" sizes=\"(max-width: 744px) 100vw, 744px\" \/><\/p>\n<p><img loading=\"lazy\" class=\"aligncenter size-full wp-image-5567\" src=\"http:\/\/tzokrasic.hr\/wp-content\/uploads\/2019\/08\/4.jpg\" alt=\"\" width=\"1586\" height=\"1058\" srcset=\"https:\/\/tzokrasic.hr\/wp-content\/uploads\/2019\/08\/4.jpg 1586w, https:\/\/tzokrasic.hr\/wp-content\/uploads\/2019\/08\/4-300x200.jpg 300w, https:\/\/tzokrasic.hr\/wp-content\/uploads\/2019\/08\/4-768x512.jpg 768w, https:\/\/tzokrasic.hr\/wp-content\/uploads\/2019\/08\/4-1024x683.jpg 1024w, https:\/\/tzokrasic.hr\/wp-content\/uploads\/2019\/08\/4-200x133.jpg 200w\" sizes=\"(max-width: 1586px) 100vw, 1586px\" \/><\/p>\n<p><img loading=\"lazy\" class=\"aligncenter size-full wp-image-5568\" src=\"http:\/\/tzokrasic.hr\/wp-content\/uploads\/2019\/08\/5.jpg\" alt=\"\" width=\"1586\" height=\"1058\" srcset=\"https:\/\/tzokrasic.hr\/wp-content\/uploads\/2019\/08\/5.jpg 1586w, https:\/\/tzokrasic.hr\/wp-content\/uploads\/2019\/08\/5-300x200.jpg 300w, https:\/\/tzokrasic.hr\/wp-content\/uploads\/2019\/08\/5-768x512.jpg 768w, https:\/\/tzokrasic.hr\/wp-content\/uploads\/2019\/08\/5-1024x683.jpg 1024w, https:\/\/tzokrasic.hr\/wp-content\/uploads\/2019\/08\/5-200x133.jpg 200w\" sizes=\"(max-width: 1586px) 100vw, 1586px\" \/><\/p>\n<p><img loading=\"lazy\" class=\"aligncenter size-full wp-image-5569\" src=\"http:\/\/tzokrasic.hr\/wp-content\/uploads\/2019\/08\/6.jpg\" alt=\"\" width=\"1586\" height=\"1058\" srcset=\"https:\/\/tzokrasic.hr\/wp-content\/uploads\/2019\/08\/6.jpg 1586w, https:\/\/tzokrasic.hr\/wp-content\/uploads\/2019\/08\/6-300x200.jpg 300w, https:\/\/tzokrasic.hr\/wp-content\/uploads\/2019\/08\/6-768x512.jpg 768w, https:\/\/tzokrasic.hr\/wp-content\/uploads\/2019\/08\/6-1024x683.jpg 1024w, https:\/\/tzokrasic.hr\/wp-content\/uploads\/2019\/08\/6-200x133.jpg 200w\" sizes=\"(max-width: 1586px) 100vw, 1586px\" \/><\/p>\n","protected":false},"excerpt":{"rendered":"<p>Ku\u0107a za odmor Kra\u0161i\u0107 &nbsp; Ku\u0107a za odmor Kra\u0161i\u0107 nalazi se u mjestu Bukovica Prekri\u0161ka, u podno\u017eju Parka prirode \u017dumberak \u2013 Samoborsko gorje u neposrenoj blizini Kra\u0161i\u0107a. Ku\u0107a je na osami i okru\u017eena prekrasnom prirodom i mirno\u0107om. Gostima pru\u017ea boravak u ti\u0161ini i na svje\u017eem zraku, a mogu uklju\u010diti i aktivan odmor, bilo da se [&hellip;]<\/p>\n","protected":false},"author":1,"featured_media":0,"parent":0,"menu_order":0,"comment_status":"closed","ping_status":"closed","template":"","meta":{"ngg_post_thumbnail":0},"_links":{"self":[{"href":"https:\/\/tzokrasic.hr\/index.php?rest_route=\/wp\/v2\/pages\/5563"}],"collection":[{"href":"https:\/\/tzokrasic.hr\/index.php?rest_route=\/wp\/v2\/pages"}],"about":[{"href":"https:\/\/tzokrasic.hr\/index.php?rest_route=\/wp\/v2\/types\/page"}],"author":[{"embeddable":true,"href":"https:\/\/tzokrasic.hr\/index.php?rest_route=\/wp\/v2\/users\/1"}],"replies":[{"embeddable":true,"href":"https:\/\/tzokrasic.hr\/index.php?rest_route=%2Fwp%2Fv2%2Fcomments&post=5563"}],"version-history":[{"count":3,"href":"https:\/\/tzokrasic.hr\/index.php?rest_route=\/wp\/v2\/pages\/5563\/revisions"}],"predecessor-version":[{"id":8520,"href":"https:\/\/tzokrasic.hr\/index.php?rest_route=\/wp\/v2\/pages\/5563\/revisions\/8520"}],"wp:attachment":[{"href":"https:\/\/tzokrasic.hr\/index.php?rest_route=%2Fwp%2Fv2%2Fmedia&parent=5563"}],"curies":[{"name":"wp","href":"https:\/\/api.w.org\/{rel}","templated":true}]}}