{"id":656,"date":"2013-10-11T11:19:29","date_gmt":"2013-10-11T11:19:29","guid":{"rendered":"http:\/\/tzokrasic.hr\/?page_id=656"},"modified":"2013-11-07T08:04:34","modified_gmt":"2013-11-07T08:04:34","slug":"slapnica-neprocjenjivi-dar-prirode-covjeku","status":"publish","type":"page","link":"https:\/\/tzokrasic.hr\/?page_id=656","title":{"rendered":"Prirodna bogatstva"},"content":{"rendered":"<div class=\"wpb_row vc_row-fluid\">\n<div class=\"vc_span12 wpb_column column_container\">\n<div class=\"wpb_wrapper\">\n<div class=\"wpb_tabs wpb_content_element\" data-interval=\"0\">\n<div class=\"wpb_wrapper wpb_tour_tabs_wrapper ui-tabs clearfix\">\n<ul class=\"wpb_tabs_nav ui-tabs-nav clearfix\">\n<li><a href=\"#tab-1383809431-1-31\">\u017dumberak<\/a><\/li>\n<li><a href=\"#tab-1383809431-2-18\">Slapnica-neprocjenjivi dar prirode \u010dovjeku<\/a><\/li>\n<\/ul>\n<div id=\"tab-1383809431-1-31\" class=\"wpb_tab ui-tabs-panel wpb_ui-tabs-hide clearfix\">\n<div class=\"wpb_text_column wpb_content_element \">\n<div class=\"wpb_wrapper\">\n<p><img loading=\"lazy\" class=\"size-full wp-image-617 aligncenter\" alt=\"divider\" src=\"http:\/\/tzokrasic.hr\/wp-content\/uploads\/2013\/10\/divider.png\" width=\"640\" height=\"13\" srcset=\"https:\/\/tzokrasic.hr\/wp-content\/uploads\/2013\/10\/divider.png 640w, https:\/\/tzokrasic.hr\/wp-content\/uploads\/2013\/10\/divider-300x6.png 300w, https:\/\/tzokrasic.hr\/wp-content\/uploads\/2013\/10\/divider-600x12.png 600w, https:\/\/tzokrasic.hr\/wp-content\/uploads\/2013\/10\/divider-200x4.png 200w\" sizes=\"(max-width: 640px) 100vw, 640px\" \/><\/p>\n<\/p><\/div>\n<\/p><\/div>\n<div class=\"wpb_text_column wpb_content_element \">\n<div class=\"wpb_wrapper\">\n<p style=\"text-align: justify;\"><a href=\"http:\/\/tzokrasic.hr\/wp-content\/uploads\/2013\/10\/zumberak2.jpg\"><img loading=\"lazy\" class=\"size-medium wp-image-946 alignright\" alt=\"zumberak2\" src=\"http:\/\/tzokrasic.hr\/wp-content\/uploads\/2013\/10\/zumberak2-300x225.jpg\" width=\"300\" height=\"225\" srcset=\"https:\/\/tzokrasic.hr\/wp-content\/uploads\/2013\/10\/zumberak2-300x225.jpg 300w, https:\/\/tzokrasic.hr\/wp-content\/uploads\/2013\/10\/zumberak2-200x150.jpg 200w, https:\/\/tzokrasic.hr\/wp-content\/uploads\/2013\/10\/zumberak2.jpg 500w\" sizes=\"(max-width: 300px) 100vw, 300px\" \/><\/a>\u010cim stupite na kra\u0161i\u0107ko tlo o\u010darat \u0107e Vas nevjerovatna slikovitost prirodnih krajolika \u2013 ovdje se isprepli\u0107u \u0161ume, nizine, rijeke, potoci i bre\u017euljci.<\/p>\n<p style=\"text-align: justify;\">Opu\u0161taju\u0107e ozra\u010dje, blage doline Kupe i Kup\u010dine, slapovi Slapnice, obra\u0111ena polja, brda u daljini, pitoreksna sela sa Stepin\u010devim Kra\u0161i\u0107em u sredi\u0161tu, i\u00a0 put prema \u017dumberku \u0107e op\u010diniti svakoga.<\/p>\n<p style=\"text-align: justify;\">Sva sela kra\u0161i\u0107kog kraja, sama po sebi su pitoma, smirena i dostojanstvena pa ih mo\u017eemo preporu\u010diti kao prvorazrednu turisti\u010dku atrakciju nadomak velikog grada.<\/p>\n<p style=\"text-align: justify;\">Sa\u010duvala su svoju izvornost u na\u010dinu \u017eivota i do\u017eivljaju svijeta jer su ostala skoro pa netaknuta modernim hirovima vremena. \u017dive onako kakvima su ih oblikovali brojni nara\u0161taji kroz dugu i te\u0161ku povijest. Uvijek u skladu sa prirodom i vjerom u Boga.<\/p>\n<p><b>\u00a0<\/b><\/p>\n<ul>\n<li><span style=\"color: #339966;\"><b>Na obroncima\u00a0 \u017dumberka<\/b><\/span><\/li>\n<\/ul>\n<p>&nbsp;<\/p>\n<p><b><img loading=\"lazy\" class=\"alignleft  wp-image-715\" alt=\"5_1\" src=\"http:\/\/tzokrasic.hr\/wp-content\/uploads\/2013\/10\/5_1.jpg\" width=\"299\" height=\"198\" srcset=\"https:\/\/tzokrasic.hr\/wp-content\/uploads\/2013\/10\/5_1.jpg 498w, https:\/\/tzokrasic.hr\/wp-content\/uploads\/2013\/10\/5_1-300x198.jpg 300w, https:\/\/tzokrasic.hr\/wp-content\/uploads\/2013\/10\/5_1-200x132.jpg 200w\" sizes=\"(max-width: 299px) 100vw, 299px\" \/><\/b>Tzv.\u00a0 \u201eVrata \u017eumberka\u201c se otvaraju upravo u Kra\u0161i\u0107u gdje vas iz ove pitome doline, pogled vodi na obronke \u017dumbera\u010dke gore. I ta gora i ti bregi i te \u0161ume Vas mame \u00a0prirodnim ljepotama da nastavite svoj put dalje.<\/p>\n<p style=\"text-align: justify;\">\u010cak i ako putujete glavnom cestom imati \u0107ete osje\u0107aj kao da vas put vodi\u00a0 u \u00a0rajske predjele. Vidjeti \u0107ete o\u010duvanu prirodu, \u0161ume, potoke, slapove, obronke prekrivene vinogradima i pa\u0161njacima te o\u010duvana tradicionalna seoska imanja. Tom cestom do\u0107i \u0107ete u Pribi\u0107, Kostanjevac, Gornji O\u0161trc, Re\u0161tovo i na kraju u So\u0161ice iz kojeg mo\u017eete nastaviti putovanje sve do \u00a0Svete Gere ili kroz srce \u017dumberka u Samobor.<\/p>\n<p>Rijetko tko, tko, \u00a0to ne bi \u017eelio otkriti.<\/p>\n<\/p><\/div>\n<\/p><\/div>\n<\/p><\/div>\n<div id=\"tab-1383809431-2-18\" class=\"wpb_tab ui-tabs-panel wpb_ui-tabs-hide clearfix\">\n<div class=\"wpb_text_column wpb_content_element \">\n<div class=\"wpb_wrapper\">\n<p><img loading=\"lazy\" class=\"size-full wp-image-617 aligncenter\" alt=\"divider\" src=\"http:\/\/tzokrasic.hr\/wp-content\/uploads\/2013\/10\/divider.png\" width=\"640\" height=\"13\" srcset=\"https:\/\/tzokrasic.hr\/wp-content\/uploads\/2013\/10\/divider.png 640w, https:\/\/tzokrasic.hr\/wp-content\/uploads\/2013\/10\/divider-300x6.png 300w, https:\/\/tzokrasic.hr\/wp-content\/uploads\/2013\/10\/divider-600x12.png 600w, https:\/\/tzokrasic.hr\/wp-content\/uploads\/2013\/10\/divider-200x4.png 200w\" sizes=\"(max-width: 640px) 100vw, 640px\" \/><\/p>\n<p style=\"text-align: justify;\"><a href=\"http:\/\/tzokrasic.hr\/wp-content\/uploads\/2013\/10\/slapnica_vranjak5_400.jpg\"><img loading=\"lazy\" class=\"alignleft size-medium wp-image-952\" alt=\"OLYMPUS DIGITAL CAMERA\" src=\"http:\/\/tzokrasic.hr\/wp-content\/uploads\/2013\/10\/slapnica_vranjak5_400-225x300.jpg\" width=\"225\" height=\"300\" srcset=\"https:\/\/tzokrasic.hr\/wp-content\/uploads\/2013\/10\/slapnica_vranjak5_400-225x300.jpg 225w, https:\/\/tzokrasic.hr\/wp-content\/uploads\/2013\/10\/slapnica_vranjak5_400-150x200.jpg 150w, https:\/\/tzokrasic.hr\/wp-content\/uploads\/2013\/10\/slapnica_vranjak5_400.jpg 400w\" sizes=\"(max-width: 225px) 100vw, 225px\" \/><\/a>Biser nedirnute prirode &#8211; rije\u010dica Slapnica dobila je ime po brojnim slapovima i slapi\u0107ima koji ju \u010dine najljep\u0161om gorskom rije\u010dicom ovog dijela Hrvatske. Izvire u najsjevernijem dijelu Op\u0107ine Kra\u0161i\u0107, ispod mjesta Gornja Vas i nakon 9 do 10 kilometara svog toka, kod Medvenove Drage, ulijeva se u rijeku Kup\u010dinu.<br \/>\nKad do\u0111ete, vidjeti \u0107ete rajske prizore i zastati \u0107ete bez rije\u010di. Vidjeti \u0107ete potok koji \u0161umi kroz klanac i koji se probija kroz dolomitne stijene, kroz atraktivnu kanjonsku dolinu s bezbroj slapova, spilja i kr\u0161kih vrela a koji se u kaskadama spu\u0161taju prema dolini.<br \/>\nKanjon Slapnice mjestimi\u010dno je dubok oko 200 do 300 metara i kao takav, za\u0161ti\u0107eni je krajolik s rijetkim \u0161umskim raslinjem i brojnim poto\u010dnim pastrvama. Rje\u0161enjem iz 1964. godine, za\u0161ti\u0107en je, ne samo zbog iznimne ljepote, nego i zbog aktivnog procesa nastajanja sedre koji se odvija i danas.<\/p>\n<p style=\"text-align: justify;\"><a href=\"http:\/\/tzokrasic.hr\/wp-content\/uploads\/2013\/10\/Slapnica-zumberak.jpg\"><img loading=\"lazy\" class=\"size-medium wp-image-945 alignright\" alt=\"Slapnica-zumberak\" src=\"http:\/\/tzokrasic.hr\/wp-content\/uploads\/2013\/10\/Slapnica-zumberak-225x300.jpg\" width=\"225\" height=\"300\" srcset=\"https:\/\/tzokrasic.hr\/wp-content\/uploads\/2013\/10\/Slapnica-zumberak-225x300.jpg 225w, https:\/\/tzokrasic.hr\/wp-content\/uploads\/2013\/10\/Slapnica-zumberak-768x1024.jpg 768w, https:\/\/tzokrasic.hr\/wp-content\/uploads\/2013\/10\/Slapnica-zumberak-600x800.jpg 600w, https:\/\/tzokrasic.hr\/wp-content\/uploads\/2013\/10\/Slapnica-zumberak-150x200.jpg 150w, https:\/\/tzokrasic.hr\/wp-content\/uploads\/2013\/10\/Slapnica-zumberak.jpg 1536w\" sizes=\"(max-width: 225px) 100vw, 225px\" \/><\/a>Posebno je po sedri poznat Vranja\u010dki slap, koji se obru\u0161ava niz strmu stijenu s 30 metara visine. Dno tog poto\u010di\u0107a do u\u0161\u0107a u Slapnicu je od sedre kao i ve\u0107i dio Slapnice. Da bi osjetili svu mo\u0107 prirode i ljepotu ovog prostora, ovaj slap, morate vidjeti.<br \/>\nNe\u0107ete hodati dugo a Slapnica \u0107e roditi novom ljepotom. Potok Pe\u0107nik s visine od 15 metara, okomito se ru\u0161i sa stijene u Slapnicu i formira novi slap impresivne ljepote pod imenom Brisalo. I to morate vidjeti.<\/p>\n<p style=\"text-align: justify;\">U blizini postoji i Vranja\u010dka spilja koja je svojedobno koristila lokalnom stanovni\u0161tvu za zaklon i uto\u010di\u0161te od nasrtaja Turaka.<br \/>\nSklad izme\u0111u \u010dovjeka i prirode na ovim prostorima, trajala je stolje\u0107ima tako da je nekada u kanjonu Slapnice bilo \u010dak 5 mlinova.<\/p>\n<p style=\"text-align: justify;\"><a href=\"http:\/\/tzokrasic.hr\/wp-content\/uploads\/2013\/10\/mlin4ws.jpg\"><img loading=\"lazy\" class=\"size-medium wp-image-950 alignleft\" alt=\"mlin4ws\" src=\"http:\/\/tzokrasic.hr\/wp-content\/uploads\/2013\/10\/mlin4ws-300x225.jpg\" width=\"300\" height=\"225\" srcset=\"https:\/\/tzokrasic.hr\/wp-content\/uploads\/2013\/10\/mlin4ws-300x225.jpg 300w, https:\/\/tzokrasic.hr\/wp-content\/uploads\/2013\/10\/mlin4ws-600x450.jpg 600w, https:\/\/tzokrasic.hr\/wp-content\/uploads\/2013\/10\/mlin4ws-200x150.jpg 200w, https:\/\/tzokrasic.hr\/wp-content\/uploads\/2013\/10\/mlin4ws.jpg 800w\" sizes=\"(max-width: 300px) 100vw, 300px\" \/><\/a>Najpoznatiji Draganov mlin i danas radi: slovenac Petar Dragan je davne 1870. godine mljeo u \u0110uri\u0107evom mlinu, da bi kasnije sagradio svoj mlin na u\u0161\u0107u potoka Kalovke u Slapnicu. Mlin je imao dva kamena, jedan za p\u0161enicu, drugi za kukuruz. Jo\u0161 uvijek je u funkciji, a ponosna vlasnica je Nada Mauzer, koja tu i \u017eivi. Ponekad je bilo razdoblja da u toj prelijepoj dolini, ljudi nisu bili stalno nastanjeni, ali su imali pa\u0161njake gdje su pasle krave i ovce iz sela Pe\u0107na, Vranjaka i Vla\u0161i\u0107 Brda. Blago se no\u0107u sklanjalo u \u0161tale, a najbogatije su bile Vu\u010dini\u0107eva i \u0160andorina \u0161tala. Te\u0161ko tko nije iz ovog kraja da mo\u017ee prona\u0107i ostatke tih \u0161tala.<\/p>\n<p style=\"text-align: justify;\"><a href=\"http:\/\/tzokrasic.hr\/wp-content\/uploads\/2013\/10\/mmdm.jpg\"><img loading=\"lazy\" class=\"size-medium wp-image-951 alignright\" alt=\"mmdm\" src=\"http:\/\/tzokrasic.hr\/wp-content\/uploads\/2013\/10\/mmdm-240x300.jpg\" width=\"240\" height=\"300\" srcset=\"https:\/\/tzokrasic.hr\/wp-content\/uploads\/2013\/10\/mmdm-240x300.jpg 240w, https:\/\/tzokrasic.hr\/wp-content\/uploads\/2013\/10\/mmdm-819x1024.jpg 819w, https:\/\/tzokrasic.hr\/wp-content\/uploads\/2013\/10\/mmdm-600x749.jpg 600w, https:\/\/tzokrasic.hr\/wp-content\/uploads\/2013\/10\/mmdm-160x200.jpg 160w, https:\/\/tzokrasic.hr\/wp-content\/uploads\/2013\/10\/mmdm.jpg 1141w\" sizes=\"(max-width: 240px) 100vw, 240px\" \/><\/a>Nizvodno je ve\u0107 spomenuti \u0110uri\u0107ev mlin, kojeg su koristila 4 vlasnika. Prestao je raditi jo\u0161 davne 1961. godine. Sada je zarastao u gu\u0161ti\u0161 i \u010dak i ako i prolazite mimo njega, mogu\u0107e je da ga ne\u0107ete primjetiti.<br \/>\nNizvodno od slapa Brisalo gdje Slapnica pro\u0161iruje kanjon, ostaci su ru\u0161evine Vu\u010dini\u0107eva mlina. Jedan manji drveni mlin bio je i na potoku Pe\u0107niku, prije slapa Brisalo.<br \/>\nNa u\u0161\u0107u potoka Luka u Slapnicu nalazi se peti mlin, pod imenom Luka mlin. To je mlin koji je nestao klizi\u0161tem zemlji\u0161ta 1919. godine, kada su stradali i njegove gazde, Eva i Jakob.<br \/>\nU Slapnici ima oko 25 do 30 vikend ku\u0107ica kao i ribarska ku\u0107a, kojom kao i ribolovom gospodari ribi\u010dko dru\u0161tvo iz Jastrebarskog.<br \/>\nNa po\u010detku kanjona s ju\u017ene strane je kamenolom Slapnica u vlasni\u0161tvu Hrvatskih \u0161uma. Dok je ovo podru\u010dje bilo pod jurisdikcijom Ozlja, Slapnica se kao izuzetno izleti\u0161te spominje u Zrinsko \u2013 Frankopanskim dokumentima iz 1641. godine i to na latinskome jeziku (Zlapniza, leta \u2013 jezero \u0161esto \u010detrdeset i prvoga \u2013 prijevod).<br \/>\nPo Prostornom planu Op\u0107ine Kra\u0161i\u0107, u kanjonu Slapnice (naro\u010dito u gornjem dijelu) razvijati \u0107e se \u0161portsko-ribolovni turizam. Za sada je u funkciji tek biciklisti\u010dka staza koja nosi ime &#8211; \u201eStaza slapova\u201c a vodi od postaje u Medven Dragi preko kanjona Slapnice do sela Grdanjci, u du\u017eini od 36 km.<br \/>\n<a href=\"http:\/\/tzokrasic.hr\/wp-content\/uploads\/2013\/10\/slapnica_vranjak3_400.jpg\"><img loading=\"lazy\" class=\"alignleft size-medium wp-image-953\" alt=\"OLYMPUS DIGITAL CAMERA\" src=\"http:\/\/tzokrasic.hr\/wp-content\/uploads\/2013\/10\/slapnica_vranjak3_400-300x225.jpg\" width=\"300\" height=\"225\" srcset=\"https:\/\/tzokrasic.hr\/wp-content\/uploads\/2013\/10\/slapnica_vranjak3_400-300x225.jpg 300w, https:\/\/tzokrasic.hr\/wp-content\/uploads\/2013\/10\/slapnica_vranjak3_400-200x150.jpg 200w, https:\/\/tzokrasic.hr\/wp-content\/uploads\/2013\/10\/slapnica_vranjak3_400.jpg 400w\" sizes=\"(max-width: 300px) 100vw, 300px\" \/><\/a>Kanjon Slapnica, rije\u010dica Slapnica zajedno sa svim potocima koji se ulijevaju u nju, s bezbroj svojih slapova, i s izuzetnom florom i faunom, rijetko je sa\u010duvan prostor. To je podru\u010dje koje unato\u010d svojim vrijednostima jo\u0161 uvijek nije adekvatno tretirano posjetom izletnika, ribolovaca i turista ali vjerujemo da \u0107e se uskoro na\u0107i na svim turisti\u010dkim kartama Hrvatske. Slapnica je bila i ostat \u0107e svakom svojom kapi, krasotica koja \u017eivi u divljini a tako blizu civilizacije.<\/p>\n<p style=\"text-align: justify;\">Uvijek lijepa, mlada, svje\u017ea i pitka.<\/p>\n<p style=\"text-align: justify;\">Otkrijete Slapnicu !<\/p>\n<p>&nbsp;<\/p>\n<h5><span style=\"color: #ffffff;\">.<\/span><\/h5>\n<h4><span style=\"text-decoration: underline;\"><span style=\"color: #339966;\"><strong>Rije\u010dni biseri<\/strong><\/span><\/span><\/h4>\n<p><img loading=\"lazy\" alt=\"divider\" src=\"http:\/\/tzokrasic.hr\/wp-content\/uploads\/2013\/10\/divider.png\" width=\"640\" height=\"13\" \/><\/p>\n<p><span style=\"color: #ffffff;\">.<\/span><\/p>\n<ul class=\"arrowlist\">\n<li>\n<h5><span style=\"color: #333333;\">Rijeka Kup\u010dina<\/span><\/h5>\n<\/li>\n<\/ul>\n<p style=\"text-align: justify;\"><img loading=\"lazy\" class=\"alignleft size-medium wp-image-253\" alt=\"voda\" src=\"http:\/\/tzokrasic.hr\/wp-content\/uploads\/2013\/10\/voda-208x300.jpg\" width=\"140\" height=\"191\" \/>Rijeka Kup\u010dina, njen tok od izvora nedaleko So\u0161ica do Kra\u0161i\u0107a i dalje sve do utoka u Kupu, u Donjoj Kup\u010dini daje \u010ditavom ovom kraju posebnu slikovitost i \u0161arm. Ta ne odve\u0107 veilka rijeka, bila je i ostala okosnica \u017eivota ovog kraja. U mnogim vodenicama koje su neke jo\u0161 uvijek sa\u010duvane, stotinama godina mljelo se \u017eito i kukuruz, pila se voda i napajalo blago i plodna polja. Ona u svom toku prikuplja sve \u017eumbera\u010dke potoke. Kup\u010dina je doista predivna rije\u010dica koja je uvijek lijepa, mlada i svje\u017ea ali i naj\u010di\u0161\u0107a rijeka koju ste vidjeli. U njenom koritu kriju se mnoge tajne minulih vremena ali i tajne netaknute i o\u010duvane prirode.<\/p>\n<p style=\"text-align: justify;\"><span style=\"color: #ffffff;\">.<\/span><\/p>\n<p style=\"text-align: justify;\"><span style=\"color: #ffffff;\">.<\/span><\/p>\n<ul class=\"arrowlist\">\n<li>\n<h5><span style=\"color: #333333;\">Rijeka Kupa<\/span><\/h5>\n<\/li>\n<\/ul>\n<p style=\"text-align: justify;\"><img loading=\"lazy\" class=\"alignright size-medium wp-image-660\" alt=\"\" src=\"http:\/\/tzokrasic.hr\/wp-content\/uploads\/2013\/10\/s7006932-300x225.jpg\" width=\"213\" height=\"161\" srcset=\"https:\/\/tzokrasic.hr\/wp-content\/uploads\/2013\/10\/s7006932-300x225.jpg 300w, https:\/\/tzokrasic.hr\/wp-content\/uploads\/2013\/10\/s7006932-600x450.jpg 600w, https:\/\/tzokrasic.hr\/wp-content\/uploads\/2013\/10\/s7006932-200x150.jpg 200w, https:\/\/tzokrasic.hr\/wp-content\/uploads\/2013\/10\/s7006932.jpg 800w\" sizes=\"(max-width: 213px) 100vw, 213px\" \/>Rijeka Kupa i njena plodna pokupska polja, oduvijek su hranile i bogatile na\u0161 kraj. I ne samo to, oduvijek je Kupa u kra\u0161i\u0107kom kraju bila pitoma i blaga kao rijetko gdje u svom toku od Gorskog kotara pa sve do Siska gdje hrli ka Savi. Za vrijeme ljeta, na Kupi se ve\u0107 generacijama hlade i okupljaju kupa\u010di, ribi\u010di i svi ostali ljubitelji rje\u010dnog sporta. Najve\u0107i misterij jest za\u0161to rijeka koja izvire samo 30-tak kilometara od Jadranskog mora, te\u010de u sasvim suprotnom smjeru (prema unutra\u0161njosti), kao niti jedna druga rijeka na svijetu?<\/p>\n<p style=\"text-align: justify;\"><\/div>\n<\/p><\/div>\n<div class=\"wpb_text_column wpb_content_element \">\n<div class=\"wpb_wrapper\">\n<p><img loading=\"lazy\" class=\"size-full wp-image-617 aligncenter\" alt=\"divider\" src=\"http:\/\/tzokrasic.hr\/wp-content\/uploads\/2013\/10\/divider.png\" width=\"640\" height=\"13\" srcset=\"https:\/\/tzokrasic.hr\/wp-content\/uploads\/2013\/10\/divider.png 640w, https:\/\/tzokrasic.hr\/wp-content\/uploads\/2013\/10\/divider-300x6.png 300w, https:\/\/tzokrasic.hr\/wp-content\/uploads\/2013\/10\/divider-600x12.png 600w, https:\/\/tzokrasic.hr\/wp-content\/uploads\/2013\/10\/divider-200x4.png 200w\" sizes=\"(max-width: 640px) 100vw, 640px\" \/><\/p>\n<\/p><\/div>\n<\/p><\/div>\n<\/p><\/div>\n<\/p><\/div>\n<\/p><\/div>\n<\/p><\/div>\n<\/p><\/div>\n<\/div>\n","protected":false},"excerpt":{"rendered":"\u017dumberakSlapnica-neprocjenjivi dar prirode \u010dovjeku \u010cim stupite na kra\u0161i\u0107ko tlo o\u010darat \u0107e Vas nevjerovatna slikovitost prirodnih krajolika \u2013 ovdje se isprepli\u0107u \u0161ume, nizine, rijeke, potoci i bre\u017euljci. Opu\u0161taju\u0107e ozra\u010dje, blage doline Kupe i Kup\u010dine, slapovi Slapnice, obra\u0111ena polja, brda u daljini, pitoreksna sela sa Stepin\u010devim Kra\u0161i\u0107em u sredi\u0161tu, i\u00a0 put prema \u017dumberku \u0107e op\u010diniti svakoga. Sva [...]","protected":false},"author":1,"featured_media":0,"parent":0,"menu_order":0,"comment_status":"open","ping_status":"open","template":"","meta":{"ngg_post_thumbnail":0},"_links":{"self":[{"href":"https:\/\/tzokrasic.hr\/index.php?rest_route=\/wp\/v2\/pages\/656"}],"collection":[{"href":"https:\/\/tzokrasic.hr\/index.php?rest_route=\/wp\/v2\/pages"}],"about":[{"href":"https:\/\/tzokrasic.hr\/index.php?rest_route=\/wp\/v2\/types\/page"}],"author":[{"embeddable":true,"href":"https:\/\/tzokrasic.hr\/index.php?rest_route=\/wp\/v2\/users\/1"}],"replies":[{"embeddable":true,"href":"https:\/\/tzokrasic.hr\/index.php?rest_route=%2Fwp%2Fv2%2Fcomments&post=656"}],"version-history":[{"count":34,"href":"https:\/\/tzokrasic.hr\/index.php?rest_route=\/wp\/v2\/pages\/656\/revisions"}],"predecessor-version":[{"id":958,"href":"https:\/\/tzokrasic.hr\/index.php?rest_route=\/wp\/v2\/pages\/656\/revisions\/958"}],"wp:attachment":[{"href":"https:\/\/tzokrasic.hr\/index.php?rest_route=%2Fwp%2Fv2%2Fmedia&parent=656"}],"curies":[{"name":"wp","href":"https:\/\/api.w.org\/{rel}","templated":true}]}}