{"id":7189,"date":"2021-11-02T16:49:56","date_gmt":"2021-11-02T14:49:56","guid":{"rendered":"https:\/\/tzokrasic.hr\/?page_id=7189"},"modified":"2022-12-23T18:49:35","modified_gmt":"2022-12-23T16:49:35","slug":"pozivi-natjecaji","status":"publish","type":"page","link":"https:\/\/tzokrasic.hr\/?page_id=7189","title":{"rendered":"Pozivi\/Natje\u010daji"},"content":{"rendered":"<p>&nbsp;<\/p>\n<ul>\n<li><a href=\"https:\/\/tzokrasic.hr\/wp-content\/uploads\/2022\/09\/Natjecaj-Turisticko-vijece-Turisticke-zajednice-Opcine-Krasic-1.pdf\">Natje\u010daj &#8211; Turisti\u010dko vije\u0107e Turisti\u010dke zajednice Op\u0107ine Kra\u0161i\u0107<\/a> 14.09.2022.<\/li>\n<\/ul>\n<p>&nbsp;<\/p>\n<ul>\n<li><a href=\"https:\/\/tzokrasic.hr\/wp-content\/uploads\/2022\/09\/Ponistenje-natjecaja-Turisticko-vijece.pdf\">Poni\u0161tenje natje\u010daja Turisti\u010dko vije\u0107e<\/a> 14.09.2022.<\/li>\n<\/ul>\n<p>&nbsp;<\/p>\n<ul>\n<li><a href=\"https:\/\/tzokrasic.hr\/wp-content\/uploads\/2022\/12\/20221223160701.pdf\">Natje\u010daj za imenovanje direktora TZO Kra\u0161i\u0107<\/a><\/li>\n<\/ul>\n<p>&nbsp;<\/p>\n<ul>\n<li><a href=\"https:\/\/tzokrasic.hr\/wp-content\/uploads\/2022\/01\/20211231124330.pdf\">Odluka o imenovanju direktora Turisti\u010dkog ureda<\/a><\/li>\n<\/ul>\n<p>&nbsp;<\/p>\n<ul>\n<li><a href=\"https:\/\/tzokrasic.hr\/wp-content\/uploads\/2021\/11\/20211023083314.pdf\">Natje\u010daj za izbor i imenovanje direktora\/ice Turisti\u010dkog ureda<\/a><\/li>\n<\/ul>\n","protected":false},"excerpt":{"rendered":"<p>&nbsp; Natje\u010daj &#8211; Turisti\u010dko vije\u0107e Turisti\u010dke zajednice Op\u0107ine Kra\u0161i\u0107 14.09.2022. &nbsp; Poni\u0161tenje natje\u010daja Turisti\u010dko vije\u0107e 14.09.2022. &nbsp; Natje\u010daj za imenovanje direktora TZO Kra\u0161i\u0107 &nbsp; Odluka o imenovanju direktora Turisti\u010dkog ureda &nbsp; Natje\u010daj za izbor i imenovanje direktora\/ice Turisti\u010dkog ureda<\/p>\n","protected":false},"author":1,"featured_media":0,"parent":0,"menu_order":0,"comment_status":"closed","ping_status":"closed","template":"","meta":{"ngg_post_thumbnail":0},"_links":{"self":[{"href":"https:\/\/tzokrasic.hr\/index.php?rest_route=\/wp\/v2\/pages\/7189"}],"collection":[{"href":"https:\/\/tzokrasic.hr\/index.php?rest_route=\/wp\/v2\/pages"}],"about":[{"href":"https:\/\/tzokrasic.hr\/index.php?rest_route=\/wp\/v2\/types\/page"}],"author":[{"embeddable":true,"href":"https:\/\/tzokrasic.hr\/index.php?rest_route=\/wp\/v2\/users\/1"}],"replies":[{"embeddable":true,"href":"https:\/\/tzokrasic.hr\/index.php?rest_route=%2Fwp%2Fv2%2Fcomments&post=7189"}],"version-history":[{"count":11,"href":"https:\/\/tzokrasic.hr\/index.php?rest_route=\/wp\/v2\/pages\/7189\/revisions"}],"predecessor-version":[{"id":8388,"href":"https:\/\/tzokrasic.hr\/index.php?rest_route=\/wp\/v2\/pages\/7189\/revisions\/8388"}],"wp:attachment":[{"href":"https:\/\/tzokrasic.hr\/index.php?rest_route=%2Fwp%2Fv2%2Fmedia&parent=7189"}],"curies":[{"name":"wp","href":"https:\/\/api.w.org\/{rel}","templated":true}]}}