{"id":746,"date":"2013-10-15T06:22:13","date_gmt":"2013-10-15T06:22:13","guid":{"rendered":"http:\/\/tzokrasic.hr\/?page_id=746"},"modified":"2023-01-25T17:03:10","modified_gmt":"2023-01-25T15:03:10","slug":"kutak-za-iznajmljivace","status":"publish","type":"page","link":"https:\/\/tzokrasic.hr\/?page_id=746","title":{"rendered":"Kutak za iznajmljiva\u010de"},"content":{"rendered":"<p><img loading=\"lazy\" class=\"alignnone size-full wp-image-617\" src=\"http:\/\/tzokrasic.hr\/wp-content\/uploads\/2013\/10\/divider.png\" alt=\"divider\" width=\"640\" height=\"13\" srcset=\"https:\/\/tzokrasic.hr\/wp-content\/uploads\/2013\/10\/divider.png 640w, https:\/\/tzokrasic.hr\/wp-content\/uploads\/2013\/10\/divider-300x6.png 300w, https:\/\/tzokrasic.hr\/wp-content\/uploads\/2013\/10\/divider-600x12.png 600w, https:\/\/tzokrasic.hr\/wp-content\/uploads\/2013\/10\/divider-200x4.png 200w\" sizes=\"(max-width: 640px) 100vw, 640px\" \/><\/p>\n<h2 style=\"text-align: center;\"><strong>FINANCIJSKE OBVEZE PRIVATNIH IZNAJMLJIVA\u010cA<\/strong><\/h2>\n<p>&nbsp;<\/p>\n<p>*fiksni te\u010daj konverzije iznosi 7,53450 kn za 1 euro<\/p>\n<ol>\n<li><strong>Turisti\u010dka pristojba<\/strong><\/li>\n<\/ol>\n<p>Osobe koje pru\u017eaju ugostiteljske usluge u doma\u0107instvu ili na OPG-u pla\u0107aju godi\u0161nji pau\u0161alni iznos turisti\u010dke pristojbe <u>za svaki krevet<\/u> (glavni i pomo\u0107ni) i smje\u0161tajnu jedinicu u kampu i kamp-odmori\u0161tu odnosno prema kapacitetu u objektu za robinzonski smje\u0161taj.<\/p>\n<p style=\"text-align: center;\">&nbsp;<\/p>\n<table class=\" aligncenter\" width=\"601\">\n<tbody>\n<tr>\n<td width=\"425\">&nbsp;<\/td>\n<td width=\"177\"><strong>Godi\u0161nji pau\u0161alni iznos<\/strong><\/td>\n<\/tr>\n<tr>\n<td width=\"425\"><strong>Smje\u0161taj u doma\u0107instvu<\/strong><\/p>\n<p>\u2013 po krevetu<\/td>\n<td width=\"177\">350,00 kuna \/ 46,45 \u20ac<\/td>\n<\/tr>\n<tr>\n<td width=\"425\"><strong>Smje\u0161taj na obiteljskom poljoprivrednom gospodarstvu<\/strong><\/p>\n<p>\u2013 po krevetu<\/td>\n<td width=\"177\">200,00 kuna \/ 26,54 \u20ac<\/td>\n<\/tr>\n<tr>\n<td width=\"425\"><strong>Smje\u0161taj u doma\u0107instvu u kampu i u objektu vrste kamp odmori\u0161te ili kamp odmori\u0161te \u2013<\/strong><\/p>\n<p><strong>robinzonski smje\u0161taj<\/strong><\/p>\n<p>\u2013 za svaku smje\u0161tajnu jedinicu<\/td>\n<td width=\"177\">500,00 kuna \/ 66,36 \u20ac<\/td>\n<\/tr>\n<tr>\n<td width=\"425\"><strong>Smje\u0161taj na obiteljskom poljoprivrednom gospodarstvu u kampu i u objektu vrste kamp odmori\u0161te ili kamp odmori\u0161te \u2013 robinzonski smje\u0161taj<\/strong><\/p>\n<p>\u2013 za svaku smje\u0161tajnu jedinicu<\/td>\n<td width=\"177\">\n<p style=\"text-align: center;\">250,00 kuna \/ 33,18 \u20ac<\/p>\n<\/td>\n<\/tr>\n<\/tbody>\n<\/table>\n<p>&nbsp;<\/p>\n<p>Turisti\u010dka pristojba se mo\u017ee platiti <u>jednokratno u punom iznosu do 31.7. teku\u0107e godine<\/u> ili u <u>tri jednaka obroka<\/u> s rokovima dospije\u0107a:<\/p>\n<p>I.&nbsp; &nbsp; &nbsp;rata do <strong>31.7.<\/strong><\/p>\n<p>II.&nbsp; &nbsp;rata do <strong>31.8.<\/strong><\/p>\n<p>III. rata do <strong>30.9.<\/strong> teku\u0107e godine<\/p>\n<p><strong>&nbsp;<\/strong><\/p>\n<p><strong>Primjer obra\u010duna turisti\u010dke pristojbe za objekt u doma\u0107instvu na podru\u010dju Op\u0107ine Kra\u0161i\u0107:<\/strong><\/p>\n<p><strong>&nbsp;<\/strong><\/p>\n<p style=\"text-align: center;\">ukupan broj kreveta x 350,00 kuna = ukupan godi\u0161nji pau\u0161al turisti\u010dke pristojbe<\/p>\n<p style=\"text-align: center;\">ILI<\/p>\n<p style=\"text-align: center;\">ukupan broj kreveta x 46,45 \u20ac = ukupan godi\u0161nji pau\u0161al turisti\u010dke pristojbe<\/p>\n<p style=\"text-align: center;\">&nbsp;<\/p>\n<p style=\"text-align: center;\"><strong>npr. objekt u doma\u0107instvu koji ima 3 osnovna kreveta i 1 pomo\u0107ni:<\/strong><\/p>\n<p style=\"text-align: center;\">4 x 350,00 = 1.400,00 kuna<\/p>\n<p style=\"text-align: center;\">ili<\/p>\n<p style=\"text-align: center;\">4 x 46,45 \u20ac = 185,80 \u20ac<\/p>\n<p>&nbsp;<\/p>\n<p>Evidencija naplate pau\u0161ala turisti\u010dke pristojbe <u>vodi se putem sustava&nbsp;<em>eVisitor<\/em><\/u>u kojem obveznici mogu&nbsp;<strong>preuzeti&nbsp;uplatnice&nbsp;<\/strong>za pla\u0107anje.<\/p>\n<p>Turisti\u010dka pristojba se upla\u0107uje prema mjestu nastanka obveze, a ne prema mjestu prebivali\u0161ta.<\/p>\n<p>Napla\u0107uje se godi\u0161nji pau\u0161al, tj. <u>cijeli iznos pau\u0161ala<\/u> bez obzira na period u kojem je registriran kapacitet u kojem se obavlja gospodarska djelatnost (isti obra\u010dun za objekt koji posluje 1 dan i 12 mjeseci).<\/p>\n<p>Za novi registrirani kapacitet koji mijenja najve\u0107i broj kreveta\/smje\u0161tajnih jedinica u istoj op\u0107ini\/gradu nastat \u0107e korektivni obra\u010dun pau\u0161ala, odnosno pau\u0161al \u0107e se uve\u0107ati.<\/p>\n<p>Za objekte koji smanjuju broj kreveta\/smje\u0161tajnih jedinica ili ukidaju rje\u0161enja tijekom godine, zadu\u017eenja se ne\u0107e mijenjati.<\/p>\n<p>&nbsp;<\/p>\n<p>&nbsp;<\/p>\n<p>&nbsp;<\/p>\n<ol start=\"2\">\n<li><strong> \u010clanarina turisti\u010dkim zajednicama<\/strong><\/li>\n<\/ol>\n<p>Obveznici pla\u0107anja \u010dlanarine koji pru\u017eaju usluge smje\u0161taja odre\u0111uju se sukladno propisima kojima se ure\u0111uje ugostiteljska djelatnost.<\/p>\n<p style=\"text-align: center;\">Visina godi\u0161njeg pau\u0161alnog iznosa \u010dlanarine iznosi:<\/p>\n<table class=\" aligncenter\" width=\"601\">\n<tbody>\n<tr>\n<td width=\"425\">&nbsp;<\/td>\n<td width=\"177\"><strong>Godi\u0161nji pau\u0161alni iznos<\/strong><\/td>\n<\/tr>\n<tr>\n<td width=\"425\"><strong>Smje\u0161taj u doma\u0107instvu<\/strong><\/p>\n<p>\u2013 po krevetu<\/td>\n<td width=\"177\">45,00 kuna \/ 5,97 \u20ac<\/td>\n<\/tr>\n<tr>\n<td width=\"425\"><strong>Smje\u0161taj na obiteljskom poljoprivrednom gospodarstvu<\/strong><\/p>\n<p>\u2013 po krevetu<\/td>\n<td width=\"177\">30,00 kuna \/ 3,98 \u20ac<\/td>\n<\/tr>\n<tr>\n<td width=\"425\"><strong>Smje\u0161taj u doma\u0107instvu u kampu i u objektu vrste kamp odmori\u0161te ili kamp odmori\u0161te \u2013<\/strong><\/p>\n<p><strong>robinzonski smje\u0161taj<\/strong><\/p>\n<p>\u2013 za svaku smje\u0161tajnu jedinicu<\/td>\n<td width=\"177\">80,00 kuna \/ 10,62 \u20ac<\/td>\n<\/tr>\n<tr>\n<td width=\"425\"><strong>Smje\u0161taj na obiteljskom poljoprivrednom gospodarstvu u kampu i u objektu vrste kamp odmori\u0161te ili kamp odmori\u0161te \u2013 robinzonski smje\u0161taj<\/strong><\/p>\n<p>\u2013 za svaku smje\u0161tajnu jedinicu<\/td>\n<td width=\"177\">60,00 kuna \/ 7,96 \u20ac<\/td>\n<\/tr>\n<\/tbody>\n<\/table>\n<p>&nbsp;<\/p>\n<p>Turisti\u010dka \u010dlanarina se mo\u017ee platiti <u>jednokratno u punom iznosu do 31.7. teku\u0107e godine<\/u> ili u <u>tri jednaka obroka<\/u> s rokovima dospije\u0107a:<\/p>\n<p>I.&nbsp; &nbsp; rata do <strong>31.7.<\/strong><\/p>\n<p>II.&nbsp; &nbsp;rata do <strong>31.8.<\/strong><\/p>\n<p>III. rata do <strong>30.9.<\/strong> teku\u0107e godine<\/p>\n<p><strong><em>&nbsp;<\/em><\/strong><\/p>\n<p>Godi\u0161nji pau\u0161alni iznos \u010dlanarine za <strong>pomo\u0107ne krevete umanjuje se za 50%.<\/strong><\/p>\n<p><strong>&nbsp;<\/strong><\/p>\n<p><strong>Primjer obra\u010duna turisti\u010dke \u010dlanarine za objekt u doma\u0107instvu na podru\u010dju Op\u0107ine Kra\u0161i\u0107:<\/strong><\/p>\n<p>&nbsp;<\/p>\n<p style=\"text-align: center;\"><strong>npr. objekt u doma\u0107instvu koji ima 3 osnovna le\u017eaja i 1 pomo\u0107ni:<\/strong><\/p>\n<p style=\"text-align: center;\">3 x 45,00 kn + 1 x 22,50 kn = 135,00 kn + 22,50 kn = 157,50 kn<\/p>\n<p style=\"text-align: center;\">ili<\/p>\n<p style=\"text-align: center;\">3 x 5,97 \u20ac + 1 x 2,99 \u20ac = 17,91 \u20ac + 2,99 \u20ac = 20,90 \u20ac<\/p>\n<p>&nbsp;<\/p>\n<p>Ukupan iznos \u010dlanarine se umanji za 20% na potpomognutim podru\u010djima sukladno indeksu razvijenosti (Kra\u0161i\u0107 \u2013 III. skupina)<\/p>\n<p>Iznos zadu\u017eenja turisti\u010dke \u010dlanarine <u>vidljiv je u sustavu eVisitor<\/u>.<\/p>\n<p>Za obra\u010dun i uplatu \u010dlanarine TZ, iznajmljiva\u010di su zadu\u017eeni temeljem Zakona o \u010dlanarinama.<\/p>\n<p>Podaci za pla\u0107anje su informativne prirode , a <u>to\u010dan iznos zadu\u017eenja<\/u> za turisti\u010dku \u010dlanarinu obveznik mo\u017ee provjeriti u <u>Poreznoj upravi<\/u> na svojoj poreznoj kartici.<\/p>\n<p>&nbsp;<\/p>\n<p><strong>Osobe koje pru\u017eaju ugostiteljske usluge u doma\u0107instvu ili na OPG-u dostavljaju nadle\u017enoj Poreznoj upravi posebni Obrazac TZ 2. <\/strong><\/p>\n<p><strong>Obrazac TZ 2 podnosi se nadle\u017enoj Poreznoj upravi do 15. sije\u010dnja.<\/strong><\/p>\n<p><strong>&nbsp;<\/strong><\/p>\n<p>Primjer popunjenog obrasca: <a href=\"https:\/\/mint.gov.hr\/UserDocsImages\/AAA_2020_MINTIS\/dokumenti\/210115_obrazac_TZ2.pdf\">https:\/\/mint.gov.hr\/UserDocsImages\/AAA_2020_MINTIS\/dokumenti\/210115_obrazac_TZ2.pdf<\/a><\/p>\n<p>&nbsp;<\/p>\n<p>Prazan obrazac:<\/p>\n<p><a href=\"https:\/\/www.porezna-uprava.hr\/HR_obrasci\/Documents\/OSTALO\/TZ%202.pdf\">https:\/\/www.porezna-uprava.hr\/HR_obrasci\/Documents\/OSTALO\/TZ%202.pdf<\/a><\/p>\n<p><img loading=\"lazy\" src=\"http:\/\/tzokrasic.hr\/wp-content\/uploads\/2013\/10\/divider.png\" alt=\"divider\" width=\"640\" height=\"13\"><\/p>\n","protected":false},"excerpt":{"rendered":"<p>FINANCIJSKE OBVEZE PRIVATNIH IZNAJMLJIVA\u010cA &nbsp; *fiksni te\u010daj konverzije iznosi 7,53450 kn za 1 euro Turisti\u010dka pristojba Osobe koje pru\u017eaju ugostiteljske usluge u doma\u0107instvu ili na OPG-u pla\u0107aju godi\u0161nji pau\u0161alni iznos turisti\u010dke pristojbe za svaki krevet (glavni i pomo\u0107ni) i smje\u0161tajnu jedinicu u kampu i kamp-odmori\u0161tu odnosno prema kapacitetu u objektu za robinzonski smje\u0161taj. &nbsp; &nbsp; [&hellip;]<\/p>\n","protected":false},"author":1,"featured_media":0,"parent":0,"menu_order":0,"comment_status":"open","ping_status":"open","template":"fullwidth-template.php","meta":{"ngg_post_thumbnail":0},"_links":{"self":[{"href":"https:\/\/tzokrasic.hr\/index.php?rest_route=\/wp\/v2\/pages\/746"}],"collection":[{"href":"https:\/\/tzokrasic.hr\/index.php?rest_route=\/wp\/v2\/pages"}],"about":[{"href":"https:\/\/tzokrasic.hr\/index.php?rest_route=\/wp\/v2\/types\/page"}],"author":[{"embeddable":true,"href":"https:\/\/tzokrasic.hr\/index.php?rest_route=\/wp\/v2\/users\/1"}],"replies":[{"embeddable":true,"href":"https:\/\/tzokrasic.hr\/index.php?rest_route=%2Fwp%2Fv2%2Fcomments&post=746"}],"version-history":[{"count":8,"href":"https:\/\/tzokrasic.hr\/index.php?rest_route=\/wp\/v2\/pages\/746\/revisions"}],"predecessor-version":[{"id":8524,"href":"https:\/\/tzokrasic.hr\/index.php?rest_route=\/wp\/v2\/pages\/746\/revisions\/8524"}],"wp:attachment":[{"href":"https:\/\/tzokrasic.hr\/index.php?rest_route=%2Fwp%2Fv2%2Fmedia&parent=746"}],"curies":[{"name":"wp","href":"https:\/\/api.w.org\/{rel}","templated":true}]}}