{"id":8447,"date":"2023-01-16T17:55:03","date_gmt":"2023-01-16T15:55:03","guid":{"rendered":"https:\/\/tzokrasic.hr\/?page_id=8447"},"modified":"2023-01-16T17:55:03","modified_gmt":"2023-01-16T15:55:03","slug":"kuca-za-odmor-tomek","status":"publish","type":"page","link":"https:\/\/tzokrasic.hr\/?page_id=8447","title":{"rendered":"Ku\u0107a za odmor &#8211;  \u201cTomek\u201d"},"content":{"rendered":"<p>Ku\u0107a za odmor \u201cTomek\u201d nalazi se u mjestu Mirkopolje, najju\u017enijem dijelu Op\u0107ine Kra\u0161i\u0107, nedaleko Zagreba. Okru\u017eena prirodom, svje\u017eim zrakom i ti\u0161inom pru\u017ea odmor od svakodnevnice. U sklopu ku\u0107e se nalazi terasa na kojoj gosti mogu u\u017eivati uz pripremu delicija. Za vrijeme toplijih dana gosti se mogu opustiti u bazenu ili plivati u rijeci Kupi podno ku\u0107e. Pogled se pru\u017ea prema selu Trg, selu na podru\u010dju grada Ozlja koje se nalazi na suprotnoj obali rijeke Kupe. Gosti mogu uklju\u010diti i aktivni turizam, bilo da se radi o pje\u0161a\u010denju ili bicikliranju, a u blizini valja posjetiti Spomen-dom i rodnu ku\u0107u bla\u017eenom Alojziju Stepincu u Kra\u0161i\u0107u te Stari grad Ozalj.<\/p>\n<p>&nbsp;<\/p>\n<p>Tihana Budin\u0161\u0107ak<\/p>\n<p>Mirkopolje 41C<\/p>\n<p>Tel.: 095 243 3355<\/p>\n<p>Mail: <a href=\"mailto:supoito@hotmail.com\">supoito@hotmail.com<\/a><\/p>\n","protected":false},"excerpt":{"rendered":"<p>Ku\u0107a za odmor \u201cTomek\u201d nalazi se u mjestu Mirkopolje, najju\u017enijem dijelu Op\u0107ine Kra\u0161i\u0107, nedaleko Zagreba. Okru\u017eena prirodom, svje\u017eim zrakom i ti\u0161inom pru\u017ea odmor od svakodnevnice. U sklopu ku\u0107e se nalazi terasa na kojoj gosti mogu u\u017eivati uz pripremu delicija. Za vrijeme toplijih dana gosti se mogu opustiti u bazenu ili plivati u rijeci Kupi podno [&hellip;]<\/p>\n","protected":false},"author":1,"featured_media":0,"parent":0,"menu_order":0,"comment_status":"closed","ping_status":"closed","template":"","meta":{"ngg_post_thumbnail":0},"_links":{"self":[{"href":"https:\/\/tzokrasic.hr\/index.php?rest_route=\/wp\/v2\/pages\/8447"}],"collection":[{"href":"https:\/\/tzokrasic.hr\/index.php?rest_route=\/wp\/v2\/pages"}],"about":[{"href":"https:\/\/tzokrasic.hr\/index.php?rest_route=\/wp\/v2\/types\/page"}],"author":[{"embeddable":true,"href":"https:\/\/tzokrasic.hr\/index.php?rest_route=\/wp\/v2\/users\/1"}],"replies":[{"embeddable":true,"href":"https:\/\/tzokrasic.hr\/index.php?rest_route=%2Fwp%2Fv2%2Fcomments&post=8447"}],"version-history":[{"count":1,"href":"https:\/\/tzokrasic.hr\/index.php?rest_route=\/wp\/v2\/pages\/8447\/revisions"}],"predecessor-version":[{"id":8448,"href":"https:\/\/tzokrasic.hr\/index.php?rest_route=\/wp\/v2\/pages\/8447\/revisions\/8448"}],"wp:attachment":[{"href":"https:\/\/tzokrasic.hr\/index.php?rest_route=%2Fwp%2Fv2%2Fmedia&parent=8447"}],"curies":[{"name":"wp","href":"https:\/\/api.w.org\/{rel}","templated":true}]}}