{"id":8449,"date":"2023-01-16T17:55:16","date_gmt":"2023-01-16T15:55:16","guid":{"rendered":"https:\/\/tzokrasic.hr\/?page_id=8449"},"modified":"2023-01-16T17:55:16","modified_gmt":"2023-01-16T15:55:16","slug":"kuca-za-odmor-villa-cuk","status":"publish","type":"page","link":"https:\/\/tzokrasic.hr\/?page_id=8449","title":{"rendered":"Ku\u0107a za odmor \u201cVilla \u0106uk\u201d"},"content":{"rendered":"<p>Ku\u0107a za odmor \u201cVilla \u0106uk\u201d nalazi se u mjestu Novakovi\u0107 Gorica (Bukovica Prekri\u0161ka) nedaleko Kra\u0161i\u0107a. U sklopu ku\u0107e nalaze se terase gdje gosti mogu doru\u010dkovati na svje\u017eem zraku. Pored ku\u0107e se nalazi se bazen okru\u017een prirodom i vinogradima. Gosti mogu odmarati i u\u017eivati u ti\u0161ini i prekrasnom pogledu koji se pru\u017ea. Zabaviti se mogu igranjem stolnog tenisa, stolnog nogometa, a oni najmla\u0111i se mogu igrati na igrali\u0161tu.Za one \u017eeljne istra\u017eivanja u blizini je mogu\u0107e posjetiti Spomen- dom i rodnu ku\u0107u bla\u017eenog Alojzija Stepinca u Kra\u0161i\u0107u, kanjoj Slapnice ili se uputiti u susjedni grad Ozalj te posjetiti Stari grad Ozalj.<\/p>\n<p>&nbsp;<\/p>\n<p>Anita \u0106uk<\/p>\n<p>Bukovica Prekri\u0161ka 29A<\/p>\n<p>Tel.: 098 164 9507<\/p>\n<p>Mail: <a href=\"mailto:cukanita3@gmail.com\">cukanita3@gmail.com<\/a><\/p>\n<p>Instagram: <a href=\"https:\/\/www.instagram.com\/villa.cuk\/?hl=hr\">https:\/\/www.instagram.com\/villa.cuk\/?hl=hr<\/a><\/p>\n","protected":false},"excerpt":{"rendered":"<p>Ku\u0107a za odmor \u201cVilla \u0106uk\u201d nalazi se u mjestu Novakovi\u0107 Gorica (Bukovica Prekri\u0161ka) nedaleko Kra\u0161i\u0107a. U sklopu ku\u0107e nalaze se terase gdje gosti mogu doru\u010dkovati na svje\u017eem zraku. Pored ku\u0107e se nalazi se bazen okru\u017een prirodom i vinogradima. Gosti mogu odmarati i u\u017eivati u ti\u0161ini i prekrasnom pogledu koji se pru\u017ea. Zabaviti se mogu igranjem [&hellip;]<\/p>\n","protected":false},"author":1,"featured_media":0,"parent":0,"menu_order":0,"comment_status":"closed","ping_status":"closed","template":"","meta":{"ngg_post_thumbnail":0},"_links":{"self":[{"href":"https:\/\/tzokrasic.hr\/index.php?rest_route=\/wp\/v2\/pages\/8449"}],"collection":[{"href":"https:\/\/tzokrasic.hr\/index.php?rest_route=\/wp\/v2\/pages"}],"about":[{"href":"https:\/\/tzokrasic.hr\/index.php?rest_route=\/wp\/v2\/types\/page"}],"author":[{"embeddable":true,"href":"https:\/\/tzokrasic.hr\/index.php?rest_route=\/wp\/v2\/users\/1"}],"replies":[{"embeddable":true,"href":"https:\/\/tzokrasic.hr\/index.php?rest_route=%2Fwp%2Fv2%2Fcomments&post=8449"}],"version-history":[{"count":1,"href":"https:\/\/tzokrasic.hr\/index.php?rest_route=\/wp\/v2\/pages\/8449\/revisions"}],"predecessor-version":[{"id":8450,"href":"https:\/\/tzokrasic.hr\/index.php?rest_route=\/wp\/v2\/pages\/8449\/revisions\/8450"}],"wp:attachment":[{"href":"https:\/\/tzokrasic.hr\/index.php?rest_route=%2Fwp%2Fv2%2Fmedia&parent=8449"}],"curies":[{"name":"wp","href":"https:\/\/api.w.org\/{rel}","templated":true}]}}