{"id":8475,"date":"2023-01-24T15:38:05","date_gmt":"2023-01-24T13:38:05","guid":{"rendered":"https:\/\/tzokrasic.hr\/?page_id=8475"},"modified":"2023-01-24T16:12:00","modified_gmt":"2023-01-24T14:12:00","slug":"zakoni-i-propisi","status":"publish","type":"page","link":"https:\/\/tzokrasic.hr\/?page_id=8475","title":{"rendered":"Zakoni i propisi"},"content":{"rendered":"<h4><strong>Zakoni i propisi u turizmu<\/strong><\/h4>\n<p>Zakon o turisti\u010dkim zajednicama i promicanju Hrvatskog turizma (<a href=\"https:\/\/narodne-novine.nn.hr\/clanci\/sluzbeni\/2019_05_52_990.html\">NN 52\/19<\/a>; NN <a href=\"https:\/\/narodne-novine.nn.hr\/clanci\/sluzbeni\/2020_04_42_885.html\">42\/20<\/a>)<\/p>\n<p>Zakon o \u010dlanarinama u turisti\u010dkim zajednicama (NN <a href=\"https:\/\/narodne-novine.nn.hr\/clanci\/sluzbeni\/2019_05_52_991.html\">52\/19<\/a>; NN <a href=\"https:\/\/narodne-novine.nn.hr\/clanci\/sluzbeni\/2020_12_144_2766.html\">144\/20<\/a>)<\/p>\n<p>Zakon o turisti\u010dkoj pristojbi (NN <a href=\"https:\/\/narodne-novine.nn.hr\/clanci\/sluzbeni\/2019_05_52_992.html\">52\/19<\/a>; NN <a href=\"https:\/\/narodne-novine.nn.hr\/clanci\/sluzbeni\/2020_03_32_701.html\">32\/20<\/a>; NN <a href=\"https:\/\/narodne-novine.nn.hr\/clanci\/sluzbeni\/2020_04_42_886.html\">42\/20<\/a>)<\/p>\n<p>Zakon o ugostiteljskoj djelatnosti (NN <a href=\"https:\/\/narodne-novine.nn.hr\/clanci\/sluzbeni\/2015_08_85_1648.html\">85\/15<\/a>; NN<a href=\"https:\/\/narodne-novine.nn.hr\/clanci\/sluzbeni\/2016_12_121_2626.html\">121\/16<\/a>; NN <a href=\"https:\/\/narodne-novine.nn.hr\/clanci\/sluzbeni\/2018_11_99_1917.html\">99\/18<\/a>; NN <a href=\"https:\/\/narodne-novine.nn.hr\/clanci\/sluzbeni\/2019_03_25_493.html\">25\/19<\/a>; NN <a href=\"https:\/\/narodne-novine.nn.hr\/clanci\/sluzbeni\/2019_10_98_1951.html\">98\/19<\/a>; NN <a href=\"https:\/\/narodne-novine.nn.hr\/clanci\/sluzbeni\/2020_03_32_700.html\">32\/20<\/a>; NN <a href=\"https:\/\/narodne-novine.nn.hr\/clanci\/sluzbeni\/2020_04_42_888.html\">42\/20<\/a>; NN <a href=\"https:\/\/narodne-novine.nn.hr\/clanci\/sluzbeni\/2021_11_126_2132.html\">126\/21<\/a>)<\/p>\n<p>Pravilnik o razvrstavanju i kategorizaciji objekata u kojima se pru\u017eaju ugostiteljske usluge na obiteljskom poljoprivrednom gospodarstvu (NN <a href=\"https:\/\/narodne-novine.nn.hr\/clanci\/sluzbeni\/2016_06_54_1408.html\">54\/16<\/a>; NN <a href=\"https:\/\/narodne-novine.nn.hr\/clanci\/sluzbeni\/2017_07_69_1638.html\">69\/17<\/a>; NN <a href=\"https:\/\/narodne-novine.nn.hr\/clanci\/sluzbeni\/2019_12_120_2376.html\">120\/19<\/a>)<\/p>\n<p>Pravilnik o godi\u0161njem pau\u0161alnom iznosu \u010dlanarine za osobe koje pru\u017eaju ugostiteljske usluge u doma\u0107instvu i na obiteljskom poljoprivrednom gospodarstvu i o obrascima TZ za pla\u0107anje \u010dlanarine turisti\u010dkoj zajednici (NN <a href=\"https:\/\/narodne-novine.nn.hr\/clanci\/sluzbeni\/2020_02_14_251.html\">14\/20<\/a>; NN <a href=\"https:\/\/narodne-novine.nn.hr\/clanci\/sluzbeni\/2020_07_88_1674.html\">88\/20<\/a>; NN <a href=\"https:\/\/narodne-novine.nn.hr\/clanci\/sluzbeni\/2021_06_64_1226.html\">64\/21<\/a>; NN <a href=\"https:\/\/narodne-novine.nn.hr\/clanci\/sluzbeni\/2022_12_148_2250.html\">148\/22<\/a>)<\/p>\n<p>Pravilnik o razvrstavanju i kategorizaciji objekata u kojima se pru\u017eaju ugostiteljske usluge u doma\u0107instvu (NN <a href=\"https:\/\/narodne-novine.nn.hr\/clanci\/sluzbeni\/2016_01_9_241.html\">9\/16<\/a>; NN <a href=\"https:\/\/narodne-novine.nn.hr\/clanci\/sluzbeni\/2016_06_54_1411.html\">54\/16<\/a>; NN <a href=\"https:\/\/narodne-novine.nn.hr\/clanci\/sluzbeni\/2016_07_61_1564.html\">61\/16<\/a>; NN <a href=\"https:\/\/narodne-novine.nn.hr\/clanci\/sluzbeni\/2017_07_69_1640.html\">69\/17<\/a>; NN <a href=\"https:\/\/narodne-novine.nn.hr\/clanci\/sluzbeni\/2019_12_120_2377.html\">120\/19<\/a>)<\/p>\n<p>Pravilnik o sustavu eVisitor (NN <a href=\"https:\/\/narodne-novine.nn.hr\/clanci\/sluzbeni\/full\/2020_04_43_897.html\">43\/20<\/a>)<\/p>\n<p>Pravilnik o najni\u017eem i najvi\u0161em iznosu turisti\u010dke pristojbe (NN <a href=\"https:\/\/narodne-novine.nn.hr\/clanci\/sluzbeni\/2019_07_71_1505.html\">71\/19<\/a>)<\/p>\n<p>Pravilnik o pau\u0161alnom oporezivanju djelatnosti iznajmljivanja i organiziranja smje\u0161taja u turizmu (NN <a href=\"https:\/\/narodne-novine.nn.hr\/clanci\/sluzbeni\/2019_01_1_13.html\">1\/19<\/a>; NN<a href=\"https:\/\/narodne-novine.nn.hr\/clanci\/sluzbeni\/2020_01_1_6.html\">1\/20<\/a>; NN <a href=\"https:\/\/narodne-novine.nn.hr\/clanci\/sluzbeni\/2021_01_1_5.html\">1\/21<\/a>; NN <a href=\"https:\/\/narodne-novine.nn.hr\/clanci\/sluzbeni\/2022_12_156_2542.html\">156\/22<\/a> )<\/p>\n","protected":false},"excerpt":{"rendered":"<p>Zakoni i propisi u turizmu Zakon o turisti\u010dkim zajednicama i promicanju Hrvatskog turizma (NN 52\/19; NN 42\/20) Zakon o \u010dlanarinama u turisti\u010dkim zajednicama (NN 52\/19; NN 144\/20) Zakon o turisti\u010dkoj pristojbi (NN 52\/19; NN 32\/20; NN 42\/20) Zakon o ugostiteljskoj djelatnosti (NN 85\/15; NN121\/16; NN 99\/18; NN 25\/19; NN 98\/19; NN 32\/20; NN 42\/20; NN [&hellip;]<\/p>\n","protected":false},"author":1,"featured_media":0,"parent":0,"menu_order":0,"comment_status":"closed","ping_status":"closed","template":"","meta":{"ngg_post_thumbnail":0},"_links":{"self":[{"href":"https:\/\/tzokrasic.hr\/index.php?rest_route=\/wp\/v2\/pages\/8475"}],"collection":[{"href":"https:\/\/tzokrasic.hr\/index.php?rest_route=\/wp\/v2\/pages"}],"about":[{"href":"https:\/\/tzokrasic.hr\/index.php?rest_route=\/wp\/v2\/types\/page"}],"author":[{"embeddable":true,"href":"https:\/\/tzokrasic.hr\/index.php?rest_route=\/wp\/v2\/users\/1"}],"replies":[{"embeddable":true,"href":"https:\/\/tzokrasic.hr\/index.php?rest_route=%2Fwp%2Fv2%2Fcomments&post=8475"}],"version-history":[{"count":10,"href":"https:\/\/tzokrasic.hr\/index.php?rest_route=\/wp\/v2\/pages\/8475\/revisions"}],"predecessor-version":[{"id":8508,"href":"https:\/\/tzokrasic.hr\/index.php?rest_route=\/wp\/v2\/pages\/8475\/revisions\/8508"}],"wp:attachment":[{"href":"https:\/\/tzokrasic.hr\/index.php?rest_route=%2Fwp%2Fv2%2Fmedia&parent=8475"}],"curies":[{"name":"wp","href":"https:\/\/api.w.org\/{rel}","templated":true}]}}