{"id":8517,"date":"2023-01-25T16:55:16","date_gmt":"2023-01-25T14:55:16","guid":{"rendered":"https:\/\/tzokrasic.hr\/?page_id=8517"},"modified":"2023-01-25T16:55:16","modified_gmt":"2023-01-25T14:55:16","slug":"kuca-za-odmor-avantura","status":"publish","type":"page","link":"https:\/\/tzokrasic.hr\/?page_id=8517","title":{"rendered":"Ku\u0107a za odmor &#8220;Avantura&#8221;"},"content":{"rendered":"<p>Ku\u0107a za odmor \u201cAvantura\u201d nalazi se u mjestu Staki\u0107i (Vranjak \u017dumbera\u010dki) nedaleko Kra\u0161i\u0107a, u netaknutoj prirodi Parka prirode \u017dumberak- Samoborsko gorje. Ku\u0107a je smje\u0161tena izvan naseljenog mjesta, \u0161to je \u010dini oazom mira, ti\u0161ine i prekrasnog pogleda. Preporu\u010da se gostima koji \u017eele pobje\u0107i iz vreve svakida\u0161njeg stresa i opustiti se u ku\u0107i koja je gra\u0111ena od prirodnih materijala, okru\u017eena netaknutom prirodom, autohtonim bio-ekolo\u0161kim biljem i \u010distim zrakom. U blizini se nalaze slapovi Brisalo, Vranja\u010dki slap i Sopotski slapovi koje se ne smije propustiit razgledati za vrijeme boravka u ku\u0107i. Isto tako, razgledati se mo\u017ee i Spomen-dom i rodna ku\u0107a bla\u017eenog Alojzija Stepinca u Kra\u0161i\u0107u.<\/p>\n<p>&nbsp;<\/p>\n<p>Davor Jur\u010di\u0107<\/p>\n<p>Vranjak \u017dumbera\u010dki 4a<\/p>\n<p>Mob.: 099 376 8680<\/p>\n<p>Mail: <a href=\"mailto:davorjurcic0@gmail.com\">davorjurcic0@gmail.com<\/a><\/p>\n<p>Instagram: <a href=\"https:\/\/www.instagram.com\/kucazaodmoravantura\/?hl=hr\">https:\/\/www.instagram.com\/kucazaodmoravantura\/?hl=hr<\/a><\/p>\n<p>Booking: <a href=\"https:\/\/www.booking.com\/hotel\/hr\/kuca-za-odmor-avantura-vranjak-zumberacki.hr.html\">https:\/\/www.booking.com\/hotel\/hr\/kuca-za-odmor-avantura-vranjak-zumberacki.hr.html<\/a><\/p>\n","protected":false},"excerpt":{"rendered":"<p>Ku\u0107a za odmor \u201cAvantura\u201d nalazi se u mjestu Staki\u0107i (Vranjak \u017dumbera\u010dki) nedaleko Kra\u0161i\u0107a, u netaknutoj prirodi Parka prirode \u017dumberak- Samoborsko gorje. Ku\u0107a je smje\u0161tena izvan naseljenog mjesta, \u0161to je \u010dini oazom mira, ti\u0161ine i prekrasnog pogleda. Preporu\u010da se gostima koji \u017eele pobje\u0107i iz vreve svakida\u0161njeg stresa i opustiti se u ku\u0107i koja je gra\u0111ena od [&hellip;]<\/p>\n","protected":false},"author":1,"featured_media":0,"parent":0,"menu_order":0,"comment_status":"closed","ping_status":"closed","template":"","meta":{"ngg_post_thumbnail":0},"_links":{"self":[{"href":"https:\/\/tzokrasic.hr\/index.php?rest_route=\/wp\/v2\/pages\/8517"}],"collection":[{"href":"https:\/\/tzokrasic.hr\/index.php?rest_route=\/wp\/v2\/pages"}],"about":[{"href":"https:\/\/tzokrasic.hr\/index.php?rest_route=\/wp\/v2\/types\/page"}],"author":[{"embeddable":true,"href":"https:\/\/tzokrasic.hr\/index.php?rest_route=\/wp\/v2\/users\/1"}],"replies":[{"embeddable":true,"href":"https:\/\/tzokrasic.hr\/index.php?rest_route=%2Fwp%2Fv2%2Fcomments&post=8517"}],"version-history":[{"count":1,"href":"https:\/\/tzokrasic.hr\/index.php?rest_route=\/wp\/v2\/pages\/8517\/revisions"}],"predecessor-version":[{"id":8518,"href":"https:\/\/tzokrasic.hr\/index.php?rest_route=\/wp\/v2\/pages\/8517\/revisions\/8518"}],"wp:attachment":[{"href":"https:\/\/tzokrasic.hr\/index.php?rest_route=%2Fwp%2Fv2%2Fmedia&parent=8517"}],"curies":[{"name":"wp","href":"https:\/\/api.w.org\/{rel}","templated":true}]}}