{"id":904,"date":"2013-11-06T07:23:01","date_gmt":"2013-11-06T07:23:01","guid":{"rendered":"http:\/\/tzokrasic.hr\/?page_id=904"},"modified":"2013-11-06T07:26:02","modified_gmt":"2013-11-06T07:26:02","slug":"obiteljski-domovi","status":"publish","type":"page","link":"https:\/\/tzokrasic.hr\/?page_id=904","title":{"rendered":"Obiteljski domovi"},"content":{"rendered":"<ul class=\"arrowlist\">\n<li>\n<h4><span style=\"color: #003300;\">OBITELJSKI DOM \u201e JEDNO SRCE\u201c<\/span><\/h4>\n<\/li>\n<\/ul>\n<ul class=\"arrowlist\">\n<li><strong>Vlasnica: <\/strong>Bartakovi\u0107 \u0160tefica<\/li>\n<li><strong>Adresa:<\/strong> Kra\u0161i\u0107 4 d, 10 454 Kra\u0161i\u0107<\/li>\n<li><strong>Tel:<\/strong> 01\/ 6270- 014<\/li>\n<li><strong>Kontakt osoba :<\/strong> Verica Jarne\u010di\u0107<\/li>\n<\/ul>\n<p>&nbsp;<\/p>\n<ul class=\"arrowlist\">\n<li>\n<h4><span style=\"color: #003300;\">OBITELJSKI DOM ZA STARIJE I NEMO\u0106NE OSOBE &#8220;LUKA&#8221;<\/span><\/h4>\n<\/li>\n<\/ul>\n<ul class=\"arrowlist\">\n<li><strong>Adresa:<\/strong> Brleni\u0107 31 a, 10 454 Kra\u0161i\u0107<\/li>\n<li><strong>Tel:<\/strong> 01\/ 6270- 337, 098\/ 508- 074<\/li>\n<li><strong>Kontakt osoba :<\/strong> Dubravko Matko<\/li>\n<\/ul>\n<p>&nbsp;<\/p>\n<ul class=\"arrowlist\">\n<li>\n<h4><span style=\"color: #003300;\">DOM ZA STARIJE I NEMO\u0106NE PRIBI\u0106 \u201e DOM LEKI\u0106\u201c<\/span><\/h4>\n<\/li>\n<\/ul>\n<ul class=\"arrowlist\">\n<li><strong>Adresa:<\/strong> Crkveni Pribi\u0107 21, 10 454 Kra\u0161i\u0107<\/li>\n<li><strong>Tel:<\/strong> 01\/ 6270- 490<\/li>\n<li><strong>Kontakt osoba :<\/strong> Ankica Stepinac<\/li>\n<\/ul>\n","protected":false},"excerpt":{"rendered":"OBITELJSKI DOM \u201e JEDNO SRCE\u201c Vlasnica: Bartakovi\u0107 \u0160tefica Adresa: Kra\u0161i\u0107 4 d, 10 454 Kra\u0161i\u0107 Tel: 01\/ 6270- 014 Kontakt osoba : Verica Jarne\u010di\u0107 &nbsp; OBITELJSKI DOM ZA STARIJE I NEMO\u0106NE OSOBE \"LUKA\" Adresa: Brleni\u0107 31 a, 10 454 Kra\u0161i\u0107 Tel: 01\/ 6270- 337, 098\/ 508- 074 Kontakt osoba : Dubravko Matko &nbsp; DOM ZA [...]","protected":false},"author":1,"featured_media":0,"parent":0,"menu_order":0,"comment_status":"open","ping_status":"open","template":"","meta":{"ngg_post_thumbnail":0},"_links":{"self":[{"href":"https:\/\/tzokrasic.hr\/index.php?rest_route=\/wp\/v2\/pages\/904"}],"collection":[{"href":"https:\/\/tzokrasic.hr\/index.php?rest_route=\/wp\/v2\/pages"}],"about":[{"href":"https:\/\/tzokrasic.hr\/index.php?rest_route=\/wp\/v2\/types\/page"}],"author":[{"embeddable":true,"href":"https:\/\/tzokrasic.hr\/index.php?rest_route=\/wp\/v2\/users\/1"}],"replies":[{"embeddable":true,"href":"https:\/\/tzokrasic.hr\/index.php?rest_route=%2Fwp%2Fv2%2Fcomments&post=904"}],"version-history":[{"count":4,"href":"https:\/\/tzokrasic.hr\/index.php?rest_route=\/wp\/v2\/pages\/904\/revisions"}],"predecessor-version":[{"id":908,"href":"https:\/\/tzokrasic.hr\/index.php?rest_route=\/wp\/v2\/pages\/904\/revisions\/908"}],"wp:attachment":[{"href":"https:\/\/tzokrasic.hr\/index.php?rest_route=%2Fwp%2Fv2%2Fmedia&parent=904"}],"curies":[{"name":"wp","href":"https:\/\/api.w.org\/{rel}","templated":true}]}}