{"id":909,"date":"2013-11-06T07:29:35","date_gmt":"2013-11-06T07:29:35","guid":{"rendered":"http:\/\/tzokrasic.hr\/?page_id=909"},"modified":"2013-11-06T07:29:35","modified_gmt":"2013-11-06T07:29:35","slug":"veterinarska-ambulanta","status":"publish","type":"page","link":"https:\/\/tzokrasic.hr\/?page_id=909","title":{"rendered":"Veterinarska ambulanta"},"content":{"rendered":"<ul class=\"arrowlist\">\n<li>\n<h4><span style=\"color: #003300;\">VETERINARSKA AMBULANTA<\/span><\/h4>\n<\/li>\n<li><strong>Adresa:<\/strong> Kra\u0161i\u0107 b.b., 10 454 Kra\u0161i\u0107<\/li>\n<li><strong>Tel:<\/strong> 01\/ 6270-009<\/li>\n<li><strong>Email:<\/strong><a href=\"mailto: ambulanta-krasic@vsj.hr\"> ambulanta-krasic@vsj.hr<\/a><\/li>\n<\/ul>\n","protected":false},"excerpt":{"rendered":"VETERINARSKA AMBULANTA Adresa: Kra\u0161i\u0107 b.b., 10 454 Kra\u0161i\u0107 Tel: 01\/ 6270-009 Email: ambulanta-krasic@vsj.hr","protected":false},"author":1,"featured_media":0,"parent":0,"menu_order":0,"comment_status":"open","ping_status":"open","template":"","meta":{"ngg_post_thumbnail":0},"_links":{"self":[{"href":"https:\/\/tzokrasic.hr\/index.php?rest_route=\/wp\/v2\/pages\/909"}],"collection":[{"href":"https:\/\/tzokrasic.hr\/index.php?rest_route=\/wp\/v2\/pages"}],"about":[{"href":"https:\/\/tzokrasic.hr\/index.php?rest_route=\/wp\/v2\/types\/page"}],"author":[{"embeddable":true,"href":"https:\/\/tzokrasic.hr\/index.php?rest_route=\/wp\/v2\/users\/1"}],"replies":[{"embeddable":true,"href":"https:\/\/tzokrasic.hr\/index.php?rest_route=%2Fwp%2Fv2%2Fcomments&post=909"}],"version-history":[{"count":1,"href":"https:\/\/tzokrasic.hr\/index.php?rest_route=\/wp\/v2\/pages\/909\/revisions"}],"predecessor-version":[{"id":910,"href":"https:\/\/tzokrasic.hr\/index.php?rest_route=\/wp\/v2\/pages\/909\/revisions\/910"}],"wp:attachment":[{"href":"https:\/\/tzokrasic.hr\/index.php?rest_route=%2Fwp%2Fv2%2Fmedia&parent=909"}],"curies":[{"name":"wp","href":"https:\/\/api.w.org\/{rel}","templated":true}]}}