{"id":911,"date":"2013-11-06T07:34:48","date_gmt":"2013-11-06T07:34:48","guid":{"rendered":"http:\/\/tzokrasic.hr\/?page_id=911"},"modified":"2017-04-11T09:24:10","modified_gmt":"2017-04-11T09:24:10","slug":"skole","status":"publish","type":"page","link":"https:\/\/tzokrasic.hr\/?page_id=911","title":{"rendered":"\u0160kole"},"content":{"rendered":"<ul class=\"arrowlist\">\n<li>\n<h4><span style=\"color: #003300;\">Osnovna \u0161kola &#8220;Kardinal Alojzije Stepinac&#8221; Kra\u0161i\u0107<\/span><\/h4>\n<\/li>\n<\/ul>\n<p>&nbsp;<\/p>\n<ul class=\"arrowlist\">\n<li><strong>Adresa:<\/strong>Kra\u0161i\u0107 b.b., 10 454 Kra\u0161i\u0107<\/li>\n<li><strong>Ravnateljica:<\/strong> Helena Beketi\u0107, prof. <\/li>\n<li><strong>Tajnica:<\/strong> An\u0111elka Pastorkovi\u0107 &#8211; Tel: 01\/ 6270- 005<\/li>\n<\/ul>\n<ul class=\"arrowlist\">\n<li><strong>Email:<\/strong> <a href=\"mailto:ured@os-alojzije-stepinac-krasic.skole.hr\">ured@os-alojzije-stepinac-krasic.skole.hr<\/a><\/li>\n<\/ul>\n<p>&nbsp;<\/p>\n<ul class=\"arrowlist\">\n<li>\n<h4><span style=\"color: #003300;\">PODRU\u010cNE \u0160KOLE<\/span><\/h4>\n<\/li>\n<\/ul>\n<p>&nbsp;<\/p>\n<ul class=\"arrowlist\">\n<li>\n<ul class=\"arrowlist\">\n<li>P.\u0160. Vuk\u0161in \u0160ipak tel. 01\/6290-177<\/li>\n<\/ul>\n<ul class=\"arrowlist\">\n<li>P.\u0160. Kostanjevac &#8211; Tel: 01\/ 6272- 114<\/li>\n<\/ul>\n<ul class=\"arrowlist\">\n<li>P.\u0160. Prekri\u017eje &#8211; Tel: 01\/ 6270- 593<\/li>\n<\/ul>\n<\/li>\n<\/ul>\n","protected":false},"excerpt":{"rendered":"Osnovna \u0161kola \"Kardinal Alojzije Stepinac\" Kra\u0161i\u0107 &nbsp; Adresa:Kra\u0161i\u0107 b.b., 10 454 Kra\u0161i\u0107 Ravnateljica: Helena Beketi\u0107, prof. Tajnica: An\u0111elka Pastorkovi\u0107 - Tel: 01\/ 6270- 005 Email: ured@os-alojzije-stepinac-krasic.skole.hr &nbsp; PODRU\u010cNE \u0160KOLE &nbsp; P.\u0160. Vuk\u0161in \u0160ipak tel. 01\/6290-177 P.\u0160. Kostanjevac - Tel: 01\/ 6272- 114 P.\u0160. Prekri\u017eje - Tel: 01\/ 6270- 593","protected":false},"author":1,"featured_media":0,"parent":0,"menu_order":0,"comment_status":"open","ping_status":"open","template":"","meta":{"ngg_post_thumbnail":0},"_links":{"self":[{"href":"https:\/\/tzokrasic.hr\/index.php?rest_route=\/wp\/v2\/pages\/911"}],"collection":[{"href":"https:\/\/tzokrasic.hr\/index.php?rest_route=\/wp\/v2\/pages"}],"about":[{"href":"https:\/\/tzokrasic.hr\/index.php?rest_route=\/wp\/v2\/types\/page"}],"author":[{"embeddable":true,"href":"https:\/\/tzokrasic.hr\/index.php?rest_route=\/wp\/v2\/users\/1"}],"replies":[{"embeddable":true,"href":"https:\/\/tzokrasic.hr\/index.php?rest_route=%2Fwp%2Fv2%2Fcomments&post=911"}],"version-history":[{"count":8,"href":"https:\/\/tzokrasic.hr\/index.php?rest_route=\/wp\/v2\/pages\/911\/revisions"}],"predecessor-version":[{"id":3811,"href":"https:\/\/tzokrasic.hr\/index.php?rest_route=\/wp\/v2\/pages\/911\/revisions\/3811"}],"wp:attachment":[{"href":"https:\/\/tzokrasic.hr\/index.php?rest_route=%2Fwp%2Fv2%2Fmedia&parent=911"}],"curies":[{"name":"wp","href":"https:\/\/api.w.org\/{rel}","templated":true}]}}