{"id":919,"date":"2013-11-06T07:42:07","date_gmt":"2013-11-06T07:42:07","guid":{"rendered":"http:\/\/tzokrasic.hr\/?page_id=919"},"modified":"2018-03-01T11:07:36","modified_gmt":"2018-03-01T11:07:36","slug":"zupe","status":"publish","type":"page","link":"https:\/\/tzokrasic.hr\/?page_id=919","title":{"rendered":"\u017dupe i rodna ku\u0107a bl. Alojzija Stepinca"},"content":{"rendered":"<ul class=\"arrowlist\">\n<li>\n<h4><span style=\"color: #003300;\">\u017dUPNI URED PRESVETO TROJSTVO KRA\u0160I\u0106<\/span><\/h4>\n<\/li>\n<\/ul>\n<p>&nbsp;<\/p>\n<ul class=\"arrowlist\">\n<li><strong>Adresa:<\/strong> Kra\u0161i\u0107 118, 10 454 Kra\u0161i\u0107<\/li>\n<li><strong>Tel:<\/strong> 01\/ 6270- 003<\/li>\n<li><strong>Tel:<\/strong> 01\/ 6270- 703<\/li>\n<li><strong>Upravitelj \u017eupe vl\u010d.<\/strong> Ivan Vu\u010dak<\/li>\n<\/ul>\n<p>&nbsp;<\/p>\n<h4><\/h4>\n<ul class=\"arrowlist\">\n<li>\n<h4><span style=\"color: #003300;\">\u017dUPNI URED SVETOG SIKSTA CRKVENI PRIBI\u0106<\/span><\/h4>\n<\/li>\n<\/ul>\n<p>&nbsp;<\/p>\n<ul class=\"arrowlist\">\n<li><strong>Adresa:<\/strong> Crkveni Pribi\u0107 27, 10 454 Kra\u0161i\u0107<\/li>\n<li><strong>Tel:<\/strong> 01\/ 6270- 080<\/li>\n<li><strong>Upravitelj \u017eupe vl\u010d.<\/strong> Stijepan Dijane\u0161<\/li>\n<\/ul>\n<h4><\/h4>\n<p>&nbsp;<\/p>\n<ul class=\"arrowlist\">\n<li>\n<h4><span style=\"color: #003300;\">\u017dUPNI URED SV. MIHAELA I SV.ANE<\/span><\/h4>\n<\/li>\n<\/ul>\n<p>&nbsp;<\/p>\n<ul class=\"arrowlist\">\n<li><strong>Adresa<\/strong>: Gornje Prekri\u017eje 2, 10 454 Kra\u0161i\u0107<\/li>\n<li><strong>Tel:<\/strong> 01\/ 6270- 259<\/li>\n<li><strong>Upravitelj \u017eupe vl\u010d.<\/strong> Kornelije Grgi\u0107<\/li>\n<\/ul>\n<p>&nbsp;<\/p>\n<p>&nbsp;<\/p>\n<ul class=\"arrowlist\">\n<li>\n<h4><span style=\"color: #003300;\">RODNA KU\u0106A BLA\u017dENOG ALOJZIJE STEPINCA<\/span><\/h4>\n<\/li>\n<\/ul>\n<p>&nbsp;<\/p>\n<ul class=\"arrowlist\">\n<li><strong>Adresa:<\/strong> Brezari\u0107 65, 10 454 Kra\u0161i\u0107<\/li>\n<li><strong>Kontakt:<\/strong> Mira Stepinac<\/li>\n<li><strong>Tel:<\/strong> 099\/ 694- 7032<\/li>\n<\/ul>\n","protected":false},"excerpt":{"rendered":"\u017dUPNI URED PRESVETO TROJSTVO KRA\u0160I\u0106 &nbsp; Adresa: Kra\u0161i\u0107 118, 10 454 Kra\u0161i\u0107 Tel: 01\/ 6270- 003 Tel: 01\/ 6270- 703 Upravitelj \u017eupe vl\u010d. Ivan Vu\u010dak &nbsp; \u017dUPNI URED SVETOG SIKSTA CRKVENI PRIBI\u0106 &nbsp; Adresa: Crkveni Pribi\u0107 27, 10 454 Kra\u0161i\u0107 Tel: 01\/ 6270- 080 Upravitelj \u017eupe vl\u010d. Stijepan Dijane\u0161 &nbsp; \u017dUPNI URED SV. MIHAELA I [...]","protected":false},"author":1,"featured_media":0,"parent":0,"menu_order":0,"comment_status":"open","ping_status":"open","template":"","meta":{"ngg_post_thumbnail":0},"_links":{"self":[{"href":"https:\/\/tzokrasic.hr\/index.php?rest_route=\/wp\/v2\/pages\/919"}],"collection":[{"href":"https:\/\/tzokrasic.hr\/index.php?rest_route=\/wp\/v2\/pages"}],"about":[{"href":"https:\/\/tzokrasic.hr\/index.php?rest_route=\/wp\/v2\/types\/page"}],"author":[{"embeddable":true,"href":"https:\/\/tzokrasic.hr\/index.php?rest_route=\/wp\/v2\/users\/1"}],"replies":[{"embeddable":true,"href":"https:\/\/tzokrasic.hr\/index.php?rest_route=%2Fwp%2Fv2%2Fcomments&post=919"}],"version-history":[{"count":9,"href":"https:\/\/tzokrasic.hr\/index.php?rest_route=\/wp\/v2\/pages\/919\/revisions"}],"predecessor-version":[{"id":4543,"href":"https:\/\/tzokrasic.hr\/index.php?rest_route=\/wp\/v2\/pages\/919\/revisions\/4543"}],"wp:attachment":[{"href":"https:\/\/tzokrasic.hr\/index.php?rest_route=%2Fwp%2Fv2%2Fmedia&parent=919"}],"curies":[{"name":"wp","href":"https:\/\/api.w.org\/{rel}","templated":true}]}}