{"id":925,"date":"2013-11-06T07:50:30","date_gmt":"2013-11-06T07:50:30","guid":{"rendered":"http:\/\/tzokrasic.hr\/?page_id=925"},"modified":"2013-11-06T07:51:16","modified_gmt":"2013-11-06T07:51:16","slug":"trgovine","status":"publish","type":"page","link":"https:\/\/tzokrasic.hr\/?page_id=925","title":{"rendered":"Trgovine"},"content":{"rendered":"<ul class=\"arrowlist\">\n<li>\n<h4><span style=\"color: #003300;\">TRGOVINA PENI\u0106 \u2013 PROMET<\/span><\/h4>\n<\/li>\n<\/ul>\n<p>&nbsp;<\/p>\n<ul class=\"arrowlist\">\n<li><strong>Adresa:<\/strong> Kra\u0161i\u0107 96, 10 454 Kra\u0161i\u0107<\/li>\n<li><strong>Tel:<\/strong> 01\/ 6271- 002<\/li>\n<li><strong>Vlasnik:<\/strong>\u00a0 Stijepan Peni\u0107<\/li>\n<li><strong>Email:<\/strong><a href=\"mailto: penic.tomi@gmail.com\"> penic.tomi@gmail.com<\/a><\/li>\n<\/ul>\n<p>&nbsp;<\/p>\n<p>&nbsp;<\/p>\n<ul class=\"arrowlist\">\n<li>\n<h4><span style=\"color: #003300;\">AGRO CENTAR KRA\u0160I\u0106<\/span><\/h4>\n<\/li>\n<\/ul>\n<p>&nbsp;<\/p>\n<ul class=\"arrowlist\">\n<li><strong>Adresa:<\/strong> Kra\u0161i\u0107 b.b., 10454 Kra\u0161i\u0107<\/li>\n<li><strong>Tel:<\/strong> 01\/ 6270- 031<\/li>\n<li><strong>Kontakt:<\/strong> \u0160tefica Cipuri\u0107<\/li>\n<\/ul>\n","protected":false},"excerpt":{"rendered":"TRGOVINA PENI\u0106 \u2013 PROMET &nbsp; Adresa: Kra\u0161i\u0107 96, 10 454 Kra\u0161i\u0107 Tel: 01\/ 6271- 002 Vlasnik:\u00a0 Stijepan Peni\u0107 Email: penic.tomi@gmail.com &nbsp; &nbsp; AGRO CENTAR KRA\u0160I\u0106 &nbsp; Adresa: Kra\u0161i\u0107 b.b., 10454 Kra\u0161i\u0107 Tel: 01\/ 6270- 031 Kontakt: \u0160tefica Cipuri\u0107","protected":false},"author":1,"featured_media":0,"parent":0,"menu_order":0,"comment_status":"open","ping_status":"open","template":"","meta":{"ngg_post_thumbnail":0},"_links":{"self":[{"href":"https:\/\/tzokrasic.hr\/index.php?rest_route=\/wp\/v2\/pages\/925"}],"collection":[{"href":"https:\/\/tzokrasic.hr\/index.php?rest_route=\/wp\/v2\/pages"}],"about":[{"href":"https:\/\/tzokrasic.hr\/index.php?rest_route=\/wp\/v2\/types\/page"}],"author":[{"embeddable":true,"href":"https:\/\/tzokrasic.hr\/index.php?rest_route=\/wp\/v2\/users\/1"}],"replies":[{"embeddable":true,"href":"https:\/\/tzokrasic.hr\/index.php?rest_route=%2Fwp%2Fv2%2Fcomments&post=925"}],"version-history":[{"count":2,"href":"https:\/\/tzokrasic.hr\/index.php?rest_route=\/wp\/v2\/pages\/925\/revisions"}],"predecessor-version":[{"id":927,"href":"https:\/\/tzokrasic.hr\/index.php?rest_route=\/wp\/v2\/pages\/925\/revisions\/927"}],"wp:attachment":[{"href":"https:\/\/tzokrasic.hr\/index.php?rest_route=%2Fwp%2Fv2%2Fmedia&parent=925"}],"curies":[{"name":"wp","href":"https:\/\/api.w.org\/{rel}","templated":true}]}}